{"id":5442,"date":"2026-01-28T13:12:51","date_gmt":"2026-01-28T11:12:51","guid":{"rendered":"https:\/\/beyond-skin.ch\/?post_type=product&#038;p=5442"},"modified":"2026-02-03T17:51:22","modified_gmt":"2026-02-03T15:51:22","slug":"k05-luminous","status":"publish","type":"product","link":"https:\/\/beyondskin.nura-kibris.com\/it\/produkt\/k05-luminous\/","title":{"rendered":"K+05 LUMINOUS"},"content":{"rendered":"<p>Erleben Sie die Brillanz von Luminous, unserem sorgf\u00e4ltig zusammengestellten Nahrungserg\u00e4nzungsmittel f\u00fcr eine tiefgreifende zellul\u00e4re Ern\u00e4hrung und Leuchtkraft der Haut. Seine kostbare Mischung aus reichhaltigen Antioxidantien und n\u00e4hrenden Wirkstoffen tr\u00e4gt zu einer verbesserten nat\u00fcrlichen Ausstrahlung und einer seidigen, glatten Haut von innen heraus bei. Die Antioxidantien bek\u00e4mpfen freie Radikale und revitalisieren die Haut, indem sie synergetisch einen Schutzschild gegen Umweltstress bilden.<\/p>\n<p>&nbsp;<\/p>\n<p><strong>Inhalt<\/strong>: Jedes Sachet enth\u00e4lt 15 ml der Formel.<\/p>\n<p><strong>Geschmack<\/strong>: tropische Papaya &amp; Geissblatt. Wir verwenden nat\u00fcrliche Geschmacksstoffe, um die Nahrungserg\u00e4nzung zum genussvollen Teil Ihrer t\u00e4glichen Routine zu machen.<\/p>\n<p><strong>Resultate<\/strong>: Um sp\u00fcrbare Ergebnisse zu erzielen, empfehlen wir eine kontinuierliche t\u00e4gliche Anwendung w\u00e4hrend mindestens drei Monaten. Erste Vorteile k\u00f6nnen Sie aber bereits nach 14 Tagen sehen oder f\u00fchlen.<\/p>\n","protected":false},"excerpt":{"rendered":"<p><strong>Fl\u00fcssige Nahrungserg\u00e4nzung<\/strong><\/p>\n<p>1 Sachet pro Tag<\/p>\n<p>15 Sachets<\/p>\n","protected":false},"featured_media":5443,"comment_status":"open","ping_status":"closed","template":"","meta":[],"product_brand":[151],"product_cat":[152],"product_tag":[],"class_list":{"0":"post-5442","1":"product","2":"type-product","3":"status-publish","4":"has-post-thumbnail","6":"product_brand-swisskern","7":"product_cat-supplements","9":"first","10":"instock","11":"taxable","12":"shipping-taxable","13":"purchasable","14":"product-type-simple"},"_links":{"self":[{"href":"https:\/\/beyondskin.nura-kibris.com\/it\/wp-json\/wp\/v2\/product\/5442","targetHints":{"allow":["GET"]}}],"collection":[{"href":"https:\/\/beyondskin.nura-kibris.com\/it\/wp-json\/wp\/v2\/product"}],"about":[{"href":"https:\/\/beyondskin.nura-kibris.com\/it\/wp-json\/wp\/v2\/types\/product"}],"replies":[{"embeddable":true,"href":"https:\/\/beyondskin.nura-kibris.com\/it\/wp-json\/wp\/v2\/comments?post=5442"}],"wp:featuredmedia":[{"embeddable":true,"href":"https:\/\/beyondskin.nura-kibris.com\/it\/wp-json\/wp\/v2\/media\/5443"}],"wp:attachment":[{"href":"https:\/\/beyondskin.nura-kibris.com\/it\/wp-json\/wp\/v2\/media?parent=5442"}],"wp:term":[{"taxonomy":"product_brand","embeddable":true,"href":"https:\/\/beyondskin.nura-kibris.com\/it\/wp-json\/wp\/v2\/product_brand?post=5442"},{"taxonomy":"product_cat","embeddable":true,"href":"https:\/\/beyondskin.nura-kibris.com\/it\/wp-json\/wp\/v2\/product_cat?post=5442"},{"taxonomy":"product_tag","embeddable":true,"href":"https:\/\/beyondskin.nura-kibris.com\/it\/wp-json\/wp\/v2\/product_tag?post=5442"}],"curies":[{"name":"wp","href":"https:\/\/api.w.org\/{rel}","templated":true}]}}