{"id":5437,"date":"2026-01-28T13:03:09","date_gmt":"2026-01-28T11:03:09","guid":{"rendered":"https:\/\/beyond-skin.ch\/?post_type=product&#038;p=5437"},"modified":"2026-02-03T17:49:45","modified_gmt":"2026-02-03T15:49:45","slug":"k03-beauty","status":"publish","type":"product","link":"https:\/\/beyondskin.nura-kibris.com\/it\/produkt\/k03-beauty\/","title":{"rendered":"K+04 BEAUTY"},"content":{"rendered":"<p>Erleben Sie die Zukunft des nat\u00fcrlichen Anti-Aging: Beauty zielt auf die Zellalterung und die Telomere ab. Telomere sind die Enden der Chromosomen und haben zum Ziel, diese bei der Zellteilung zu stabilisieren. Im Alter verk\u00fcrzen sich diese Telomere, was zu sichtbaren Zeichen der Hautalterung f\u00fchrt. Wenn wir die Telomerl\u00e4nge also erhalten, sorgen wir f\u00fcr eine straffe, elastische Haut. Beauty ist voll wirksamer Inhaltsstoffe, die auch auf die Mitochondrien einwirken und so die Zellenergie sicherstellen, die f\u00fcr die Hautregeneration ben\u00f6tigt wird. Zudem unterst\u00fctzt Beauty die Kollagenproduktion, was Falten verringern kann und die Haut elastischer macht.<\/p>\n<p>&nbsp;<\/p>\n<p><strong>Inhalt<\/strong>: Jedes Sachet enth\u00e4lt 15 ml der Formel.<\/p>\n<p><strong>Geschmack<\/strong>: getrocknete Cranberry &amp; Cr\u00e8me Brul\u00e9e. Wir verwenden nat\u00fcrliche Geschmacksstoffe, um die Nahrungserg\u00e4nzung zum genussvollen Teil Ihrer t\u00e4glichen Routine zu machen.<\/p>\n<p><strong>Resultate<\/strong>: Um sp\u00fcrbare Ergebnisse zu erzielen, empfehlen wir eine kontinuierliche t\u00e4gliche Anwendung w\u00e4hrend mindestens drei Monaten. Erste Vorteile k\u00f6nnen Sie aber bereits nach 14 Tagen sehen oder f\u00fchlen.<\/p>\n","protected":false},"excerpt":{"rendered":"<p><strong>Fl\u00fcssige Nahrungserg\u00e4nzung<\/strong><\/p>\n<p>1 Sachet pro Tag<\/p>\n<p>15 Sachets<\/p>\n","protected":false},"featured_media":5439,"comment_status":"open","ping_status":"closed","template":"","meta":[],"product_brand":[151],"product_cat":[152],"product_tag":[],"class_list":{"0":"post-5437","1":"product","2":"type-product","3":"status-publish","4":"has-post-thumbnail","6":"product_brand-swisskern","7":"product_cat-supplements","9":"first","10":"instock","11":"taxable","12":"shipping-taxable","13":"purchasable","14":"product-type-simple"},"_links":{"self":[{"href":"https:\/\/beyondskin.nura-kibris.com\/it\/wp-json\/wp\/v2\/product\/5437","targetHints":{"allow":["GET"]}}],"collection":[{"href":"https:\/\/beyondskin.nura-kibris.com\/it\/wp-json\/wp\/v2\/product"}],"about":[{"href":"https:\/\/beyondskin.nura-kibris.com\/it\/wp-json\/wp\/v2\/types\/product"}],"replies":[{"embeddable":true,"href":"https:\/\/beyondskin.nura-kibris.com\/it\/wp-json\/wp\/v2\/comments?post=5437"}],"wp:featuredmedia":[{"embeddable":true,"href":"https:\/\/beyondskin.nura-kibris.com\/it\/wp-json\/wp\/v2\/media\/5439"}],"wp:attachment":[{"href":"https:\/\/beyondskin.nura-kibris.com\/it\/wp-json\/wp\/v2\/media?parent=5437"}],"wp:term":[{"taxonomy":"product_brand","embeddable":true,"href":"https:\/\/beyondskin.nura-kibris.com\/it\/wp-json\/wp\/v2\/product_brand?post=5437"},{"taxonomy":"product_cat","embeddable":true,"href":"https:\/\/beyondskin.nura-kibris.com\/it\/wp-json\/wp\/v2\/product_cat?post=5437"},{"taxonomy":"product_tag","embeddable":true,"href":"https:\/\/beyondskin.nura-kibris.com\/it\/wp-json\/wp\/v2\/product_tag?post=5437"}],"curies":[{"name":"wp","href":"https:\/\/api.w.org\/{rel}","templated":true}]}}