{"id":5432,"date":"2026-01-28T12:53:45","date_gmt":"2026-01-28T10:53:45","guid":{"rendered":"https:\/\/beyond-skin.ch\/?post_type=product&#038;p=5432"},"modified":"2026-02-03T17:45:17","modified_gmt":"2026-02-03T15:45:17","slug":"k03-cell","status":"publish","type":"product","link":"https:\/\/beyondskin.nura-kibris.com\/it\/produkt\/k03-cell\/","title":{"rendered":"K+03 CELL"},"content":{"rendered":"<p>Diese regenerative Nahrungserg\u00e4nzung unterst\u00fctzt den nat\u00fcrlichen Autophagie-Prozess des K\u00f6rpers. So k\u00f6nnen gealterte oder abgestorbene Zellen leicht beseitigt werden. Durch die Ausschwemmung von Toxinen und Schwermetallen stellt Cell zudem sicher, dass die Zellfunktion nachhaltig aufrecht bleibt, was zu besserer Gesundheit und allgemeiner Vitalit\u00e4t f\u00fchrt. Die einzigartige Mischung aus wirksamen Inhaltsstoffen von Cell unterst\u00fctzt den K\u00f6rper bei der Reinigung, Reparatur und Regeneration der Zellen auf h\u00f6chstem Niveau.<\/p>\n<p>&nbsp;<\/p>\n<p><strong>Inhalt<\/strong>: Jedes Sachet enth\u00e4lt 15 ml der Formel.<\/p>\n<p><strong>Geschmack<\/strong>: Wildorange und karamellisierter Honig. Wir verwenden nat\u00fcrliche Geschmacksstoffe, um die Nahrungserg\u00e4nzung zum genussvollen Teil Ihrer t\u00e4glichen Routine zu machen.<\/p>\n<p><strong>Resultate<\/strong>: Um sp\u00fcrbare Ergebnisse zu erzielen, empfehlen wir eine kontinuierliche t\u00e4gliche Anwendung w\u00e4hrend mindestens drei Monaten. Erste Vorteile k\u00f6nnen Sie aber bereits nach 14 Tagen sehen oder f\u00fchlen.<\/p>\n","protected":false},"excerpt":{"rendered":"<p><strong>Fl\u00fcssige Nahrungserg\u00e4nzung<\/strong><\/p>\n<p>1 Sachet pro Tag<\/p>\n<p>15 Sachets<\/p>\n","protected":false},"featured_media":5434,"comment_status":"open","ping_status":"closed","template":"","meta":[],"product_brand":[151],"product_cat":[152],"product_tag":[],"class_list":{"0":"post-5432","1":"product","2":"type-product","3":"status-publish","4":"has-post-thumbnail","6":"product_brand-swisskern","7":"product_cat-supplements","9":"first","10":"instock","11":"taxable","12":"shipping-taxable","13":"purchasable","14":"product-type-simple"},"_links":{"self":[{"href":"https:\/\/beyondskin.nura-kibris.com\/it\/wp-json\/wp\/v2\/product\/5432","targetHints":{"allow":["GET"]}}],"collection":[{"href":"https:\/\/beyondskin.nura-kibris.com\/it\/wp-json\/wp\/v2\/product"}],"about":[{"href":"https:\/\/beyondskin.nura-kibris.com\/it\/wp-json\/wp\/v2\/types\/product"}],"replies":[{"embeddable":true,"href":"https:\/\/beyondskin.nura-kibris.com\/it\/wp-json\/wp\/v2\/comments?post=5432"}],"wp:featuredmedia":[{"embeddable":true,"href":"https:\/\/beyondskin.nura-kibris.com\/it\/wp-json\/wp\/v2\/media\/5434"}],"wp:attachment":[{"href":"https:\/\/beyondskin.nura-kibris.com\/it\/wp-json\/wp\/v2\/media?parent=5432"}],"wp:term":[{"taxonomy":"product_brand","embeddable":true,"href":"https:\/\/beyondskin.nura-kibris.com\/it\/wp-json\/wp\/v2\/product_brand?post=5432"},{"taxonomy":"product_cat","embeddable":true,"href":"https:\/\/beyondskin.nura-kibris.com\/it\/wp-json\/wp\/v2\/product_cat?post=5432"},{"taxonomy":"product_tag","embeddable":true,"href":"https:\/\/beyondskin.nura-kibris.com\/it\/wp-json\/wp\/v2\/product_tag?post=5432"}],"curies":[{"name":"wp","href":"https:\/\/api.w.org\/{rel}","templated":true}]}}