{"id":4603,"date":"2025-06-03T12:58:36","date_gmt":"2025-06-03T10:58:36","guid":{"rendered":"https:\/\/beyond-skin.ch\/produkt\/elixir-de-volume\/"},"modified":"2025-06-03T12:58:36","modified_gmt":"2025-06-03T10:58:36","slug":"elixir-de-volume","status":"publish","type":"product","link":"https:\/\/beyondskin.nura-kibris.com\/it\/produkt\/elixir-de-volume\/","title":{"rendered":"Elixir de Volume"},"content":{"rendered":"<p>Una nuova era per il volume e la cura delle labbra. Elixir de Volume \u00e8 composto da una formulazione unica che rivitalizza il rosso naturale delle labbra. Si applica come un gloss e garantisce un aumento clinicamente provato del volume delle labbra.  <\/p>\n<p>\u00c8 stato sviluppato per perfezionare l&#8217;equilibrio tra pienezza immediata e risultati duraturi e ridefinisce ci\u00f2 che la cura non invasiva delle labbra pu\u00f2 ottenere.<\/p>\n<p>Questa formula avanzata \u00e8 stata sviluppata con il nostro esclusivo Volumnizing Peptide Complex (VPC-Complex) e agisce su diversi strati della pelle. Assicura un effetto rimpolpante immediato e allo stesso tempo attiva i processi naturali di rinnovamento per aumentare il volume delle labbra nel tempo. Dopo 21 giorni di uso continuo, le labbra appaiono visibilmente pi\u00f9 piene e rotonde, modellate e meglio definite.  <\/p>\n<p>Realizzata con precisione e competenza, questa formula priva di microplastiche combina burri nutrienti, oli vegetali e principi attivi scientificamente selezionati per idratare, ammorbidire e levigare le labbra, esaltandone al contempo la forma naturale.<\/p>\n<p>Un&#8217;esperienza cromatica senza eguali.<br \/>\nOgni tonalit\u00e0 riflette una bellezza senza tempo: una palette raffinata, ispirata alla delicata eleganza della Costa Azzurra e alla modernit\u00e0 dell&#8217;estetica parigina. Ogni variante \u00e8 sviluppata con cura nel nostro laboratorio dedicato alla cura delle labbra, dove scienza e maestria si fondono per creare un&#8217;esperienza davvero unica. <\/p>\n<p>Principi attivi principali: Medilan Ultra\u2122, Propolis Oleoactif\u2122, Cerafluid, Pantenolo, Vitamina B5, SQUALANO, Olio di arnica, Burro di moringa, Bisabololo incapsulato di Candeia, Olio di semi di lampone<\/p>\n<p>6 ml<\/p>\n<p>&nbsp;<\/p>\n","protected":false},"excerpt":{"rendered":"<p><strong>Elixir de Volume &#8211; Siero volumizzante per le labbra<\/strong><\/p>\n<p>Volume delle labbra: dona alle labbra un aspetto immediatamente pi\u00f9 pieno e una forma arrotondata. Assicura un aumento duraturo del volume delle labbra. <\/p>\n<p>Idratazione delle labbra: idratazione immediata e duratura che rende le labbra morbide ed elastiche.<\/p>\n<p>Definizione delle labbra: le labbra appaiono pi\u00f9 toniche e i contorni naturali sono meglio definiti.<\/p>\n<p>Esaltazione del colore: perfeziona e intensifica il colore naturale delle labbra.<\/p>\n<p>&nbsp;<\/p>\n<p><strong>Questo articolo \u00e8 disponibile solo per consegne in Svizzera o Liechtenstein.<\/strong><br \/>\n<strong>Questo articolo \u00e8 disponibile solo per la consegna in Svizzera o Liechtenstein.<\/strong><\/p>\n","protected":false},"featured_media":4604,"comment_status":"open","ping_status":"closed","template":"","meta":[],"product_brand":[147],"product_cat":[85],"product_tag":[],"class_list":{"0":"post-4603","1":"product","2":"type-product","3":"status-publish","4":"has-post-thumbnail","6":"product_brand-monika-heiligmann-paris","7":"product_cat-nicht-kategorisiert","8":"product_shipping_class-spedizione-solo-in-svizzera-e-liechtenstein","10":"first","11":"instock","12":"taxable","13":"shipping-taxable","14":"purchasable","15":"product-type-variable"},"_links":{"self":[{"href":"https:\/\/beyondskin.nura-kibris.com\/it\/wp-json\/wp\/v2\/product\/4603","targetHints":{"allow":["GET"]}}],"collection":[{"href":"https:\/\/beyondskin.nura-kibris.com\/it\/wp-json\/wp\/v2\/product"}],"about":[{"href":"https:\/\/beyondskin.nura-kibris.com\/it\/wp-json\/wp\/v2\/types\/product"}],"replies":[{"embeddable":true,"href":"https:\/\/beyondskin.nura-kibris.com\/it\/wp-json\/wp\/v2\/comments?post=4603"}],"wp:featuredmedia":[{"embeddable":true,"href":"https:\/\/beyondskin.nura-kibris.com\/it\/wp-json\/wp\/v2\/media\/4604"}],"wp:attachment":[{"href":"https:\/\/beyondskin.nura-kibris.com\/it\/wp-json\/wp\/v2\/media?parent=4603"}],"wp:term":[{"taxonomy":"product_brand","embeddable":true,"href":"https:\/\/beyondskin.nura-kibris.com\/it\/wp-json\/wp\/v2\/product_brand?post=4603"},{"taxonomy":"product_cat","embeddable":true,"href":"https:\/\/beyondskin.nura-kibris.com\/it\/wp-json\/wp\/v2\/product_cat?post=4603"},{"taxonomy":"product_tag","embeddable":true,"href":"https:\/\/beyondskin.nura-kibris.com\/it\/wp-json\/wp\/v2\/product_tag?post=4603"}],"curies":[{"name":"wp","href":"https:\/\/api.w.org\/{rel}","templated":true}]}}