{"id":2709,"date":"2025-06-25T13:00:44","date_gmt":"2025-06-25T13:00:44","guid":{"rendered":"https:\/\/beyond-skin.ch\/?post_type=product&#038;p=2709"},"modified":"2026-03-02T16:57:48","modified_gmt":"2026-03-02T14:57:48","slug":"alpha-trophox112-foot-cream","status":"publish","type":"product","link":"https:\/\/beyondskin.nura-kibris.com\/it\/produkt\/alpha-trophox112-foot-cream\/","title":{"rendered":"Alpha-Trophox112\u00ae Foot Cream"},"content":{"rendered":"<p>F\u00fcsse werden den ganzen Tag beansprucht und tragen uns durch das ganze Leben. Ohne sie l\u00e4uft nichts, aber bei der Pflege kommen die F\u00fcsse oft zu kurz. Sch\u00f6ne F\u00fcsse brauchen Pflege.<\/p>\n<p>\u00b7 Aktiviert den nat\u00fcrlichen Regenerationsprozess<br \/>\n\u00b7 Wirkt hautbefeuchtend und beruhigend<br \/>\n\u00b7 Die Haut wird weich und geschmeidig<br \/>\n\u00b7 Beanspruchte F\u00fc\u00dfe werden wohltuend entspannt<\/p>\n<p>Hauptwirkstoffe: ALPHA AC3 Repair-Complex, Gatuline\u00ae Skin Repair Bio, Panthenol<\/p>\n<p>100 ml<\/p>\n","protected":false},"excerpt":{"rendered":"<p>Hochkonzentrierte, verw\u00f6hnende und wohltuende Fusscreme mit dem von MSB\u00ae Cosmeceuticals entwickelten ALPHA AC3 Repair-Complex.<\/p>\n","protected":false},"featured_media":2710,"comment_status":"open","ping_status":"closed","template":"","meta":[],"product_brand":[51],"product_cat":[122],"product_tag":[162],"class_list":{"0":"post-2709","1":"product","2":"type-product","3":"status-publish","4":"has-post-thumbnail","6":"product_brand-msb","7":"product_cat-koerperpflege","8":"product_tag-silhouette","10":"first","11":"instock","12":"taxable","13":"shipping-taxable","14":"purchasable","15":"product-type-simple"},"_links":{"self":[{"href":"https:\/\/beyondskin.nura-kibris.com\/it\/wp-json\/wp\/v2\/product\/2709","targetHints":{"allow":["GET"]}}],"collection":[{"href":"https:\/\/beyondskin.nura-kibris.com\/it\/wp-json\/wp\/v2\/product"}],"about":[{"href":"https:\/\/beyondskin.nura-kibris.com\/it\/wp-json\/wp\/v2\/types\/product"}],"replies":[{"embeddable":true,"href":"https:\/\/beyondskin.nura-kibris.com\/it\/wp-json\/wp\/v2\/comments?post=2709"}],"wp:featuredmedia":[{"embeddable":true,"href":"https:\/\/beyondskin.nura-kibris.com\/it\/wp-json\/wp\/v2\/media\/2710"}],"wp:attachment":[{"href":"https:\/\/beyondskin.nura-kibris.com\/it\/wp-json\/wp\/v2\/media?parent=2709"}],"wp:term":[{"taxonomy":"product_brand","embeddable":true,"href":"https:\/\/beyondskin.nura-kibris.com\/it\/wp-json\/wp\/v2\/product_brand?post=2709"},{"taxonomy":"product_cat","embeddable":true,"href":"https:\/\/beyondskin.nura-kibris.com\/it\/wp-json\/wp\/v2\/product_cat?post=2709"},{"taxonomy":"product_tag","embeddable":true,"href":"https:\/\/beyondskin.nura-kibris.com\/it\/wp-json\/wp\/v2\/product_tag?post=2709"}],"curies":[{"name":"wp","href":"https:\/\/api.w.org\/{rel}","templated":true}]}}