{"id":2693,"date":"2025-06-25T12:21:00","date_gmt":"2025-06-25T12:21:00","guid":{"rendered":"https:\/\/beyond-skin.ch\/?post_type=product&#038;p=2693"},"modified":"2026-03-02T16:54:58","modified_gmt":"2026-03-02T14:54:58","slug":"alpha-trophox112-face-cream","status":"publish","type":"product","link":"https:\/\/beyondskin.nura-kibris.com\/it\/produkt\/alpha-trophox112-face-cream\/","title":{"rendered":"Alpha-Trophox112\u00ae Face Cream"},"content":{"rendered":"<p>Cremes spielen in der Hautpflege eine grosse Rolle, denn ihr Ziel ist es, den guten Hautzustand zu bewahren und zu sch\u00fctzen. Dar\u00fcber hinaus dienen sie als Grundlage f\u00fcr die Einbettung hochaktiver Wirkstoffe, die in der Haut ihre Wirkung entfalten sollen.<\/p>\n<p>\u00b7 F\u00f6rdert die nat\u00fcrliche Zellregeneration<br \/>\n\u00b7 Mindert Linien und Faltentiefe<br \/>\n\u00b7 Schenkt dem Teint neue Ausstrahlung<\/p>\n<p>Hauptwirkstoffe: ALPHA AC3 Repair-Complex, Vitamin E, Sheabutter<\/p>\n<p>50 ml<\/p>\n","protected":false},"excerpt":{"rendered":"<p>Hochkonzentrierte Anti-Aging Gesichtscreme f\u00fcr samtig weiche und straffe Haut mit dem von MSB\u00ae Cosmeceuticals entwickelten ALPHA AC3 Repair-Complex.<\/p>\n","protected":false},"featured_media":2694,"comment_status":"open","ping_status":"closed","template":"","meta":[],"product_brand":[51],"product_cat":[119],"product_tag":[155,163],"class_list":{"0":"post-2693","1":"product","2":"type-product","3":"status-publish","4":"has-post-thumbnail","6":"product_brand-msb","7":"product_cat-cremen","8":"product_tag-anti-aging","9":"product_tag-spezialthemen","11":"first","12":"instock","13":"taxable","14":"shipping-taxable","15":"purchasable","16":"product-type-simple"},"_links":{"self":[{"href":"https:\/\/beyondskin.nura-kibris.com\/it\/wp-json\/wp\/v2\/product\/2693","targetHints":{"allow":["GET"]}}],"collection":[{"href":"https:\/\/beyondskin.nura-kibris.com\/it\/wp-json\/wp\/v2\/product"}],"about":[{"href":"https:\/\/beyondskin.nura-kibris.com\/it\/wp-json\/wp\/v2\/types\/product"}],"replies":[{"embeddable":true,"href":"https:\/\/beyondskin.nura-kibris.com\/it\/wp-json\/wp\/v2\/comments?post=2693"}],"wp:featuredmedia":[{"embeddable":true,"href":"https:\/\/beyondskin.nura-kibris.com\/it\/wp-json\/wp\/v2\/media\/2694"}],"wp:attachment":[{"href":"https:\/\/beyondskin.nura-kibris.com\/it\/wp-json\/wp\/v2\/media?parent=2693"}],"wp:term":[{"taxonomy":"product_brand","embeddable":true,"href":"https:\/\/beyondskin.nura-kibris.com\/it\/wp-json\/wp\/v2\/product_brand?post=2693"},{"taxonomy":"product_cat","embeddable":true,"href":"https:\/\/beyondskin.nura-kibris.com\/it\/wp-json\/wp\/v2\/product_cat?post=2693"},{"taxonomy":"product_tag","embeddable":true,"href":"https:\/\/beyondskin.nura-kibris.com\/it\/wp-json\/wp\/v2\/product_tag?post=2693"}],"curies":[{"name":"wp","href":"https:\/\/api.w.org\/{rel}","templated":true}]}}