{"id":2679,"date":"2025-06-25T11:03:50","date_gmt":"2025-06-25T11:03:50","guid":{"rendered":"https:\/\/beyond-skin.ch\/?post_type=product&#038;p=2679"},"modified":"2026-02-27T17:13:24","modified_gmt":"2026-02-27T15:13:24","slug":"algae-eye-patches","status":"publish","type":"product","link":"https:\/\/beyondskin.nura-kibris.com\/it\/produkt\/algae-eye-patches\/","title":{"rendered":"Algae Eye Patches"},"content":{"rendered":"<p>Die Haut rund um die Augen ist im Gegensatz zur restlichen Haut viel d\u00fcnner und dementsprechend besonders empfindlich. Wenig Schlaf oder Stress lassen die Partie sofort um Jahre \u00e4lter und m\u00fcder aussehen.<\/p>\n<p>\u00b7 Gibt der Augenpartie neue Energie und Spannkraft<br \/>\n\u00b7 F\u00fcllt Linien und Falten auf (Plumping Effekt)<br \/>\n\u00b7 Beruhigt und durchfeuchtet m\u00fcde Haut<br \/>\n\u00b7 Gl\u00e4ttet und revitalisiert<br \/>\n\u00b7 L\u00e4sst die Augenpartie erfrischt und wach aussehen<\/p>\n<p>Hauptwirkstoffe: Alginat, Kalziumionen, Natriumionen, Hyalurons\u00e4ure<\/p>\n<p>5 Anwendungen<\/p>\n","protected":false},"excerpt":{"rendered":"<p>Eye Patches auf der Basis modernster Wirkstoffe in Verbindung mit einem hochwertigen Algen-Vlies wirken wie \u201eHallo Wach\u201c.<\/p>\n","protected":false},"featured_media":2680,"comment_status":"open","ping_status":"closed","template":"","meta":[],"product_brand":[51],"product_cat":[120],"product_tag":[158,163],"class_list":{"0":"post-2679","1":"product","2":"type-product","3":"status-publish","4":"has-post-thumbnail","6":"product_brand-msb","7":"product_cat-augenpflege","8":"product_tag-pigmentierung","9":"product_tag-spezialthemen","11":"first","12":"instock","13":"taxable","14":"shipping-taxable","15":"purchasable","16":"product-type-simple"},"_links":{"self":[{"href":"https:\/\/beyondskin.nura-kibris.com\/it\/wp-json\/wp\/v2\/product\/2679","targetHints":{"allow":["GET"]}}],"collection":[{"href":"https:\/\/beyondskin.nura-kibris.com\/it\/wp-json\/wp\/v2\/product"}],"about":[{"href":"https:\/\/beyondskin.nura-kibris.com\/it\/wp-json\/wp\/v2\/types\/product"}],"replies":[{"embeddable":true,"href":"https:\/\/beyondskin.nura-kibris.com\/it\/wp-json\/wp\/v2\/comments?post=2679"}],"wp:featuredmedia":[{"embeddable":true,"href":"https:\/\/beyondskin.nura-kibris.com\/it\/wp-json\/wp\/v2\/media\/2680"}],"wp:attachment":[{"href":"https:\/\/beyondskin.nura-kibris.com\/it\/wp-json\/wp\/v2\/media?parent=2679"}],"wp:term":[{"taxonomy":"product_brand","embeddable":true,"href":"https:\/\/beyondskin.nura-kibris.com\/it\/wp-json\/wp\/v2\/product_brand?post=2679"},{"taxonomy":"product_cat","embeddable":true,"href":"https:\/\/beyondskin.nura-kibris.com\/it\/wp-json\/wp\/v2\/product_cat?post=2679"},{"taxonomy":"product_tag","embeddable":true,"href":"https:\/\/beyondskin.nura-kibris.com\/it\/wp-json\/wp\/v2\/product_tag?post=2679"}],"curies":[{"name":"wp","href":"https:\/\/api.w.org\/{rel}","templated":true}]}}