{"id":2675,"date":"2025-06-25T10:54:58","date_gmt":"2025-06-25T10:54:58","guid":{"rendered":"https:\/\/beyond-skin.ch\/?post_type=product&#038;p=2675"},"modified":"2025-12-19T15:49:10","modified_gmt":"2025-12-19T13:49:10","slug":"after-sun-lotion-body","status":"publish","type":"product","link":"https:\/\/beyondskin.nura-kibris.com\/it\/produkt\/after-sun-lotion-body\/","title":{"rendered":"After Sun Lotion Body"},"content":{"rendered":"<p>Damit die Sonne keine Spuren auf der Haut hinterl\u00e4sst, braucht die Haut besonders viel Feuchtigkeit nach dem Sonnenbaden, denn Sonne, Wasser und Wind trocknen die Haut aus. Durch After SUN Produkte kann der Fett- und Feuchtigkeitsgehalt ausgeglichen werden. Dar\u00fcber hinaus wird der Regenerationsprozess gef\u00f6rdert. Denn je besser die Haut gepflegt ist, desto geschmeidiger bleibt sie.<\/p>\n<p>\u00b7 Gleicht sanft den Feuchtigkeitsverlust der Haut aus<br \/>\n\u00b7 Beruhigt und pflegt irritierte Hautpartien<br \/>\n\u00b7 Erh\u00e4lt eine gleichm\u00e4\u00dfige und sch\u00f6ne Br\u00e4une<br \/>\n\u00b7 Macht die Haut zart und geschmeidig<br \/>\n\u00b7 Mindert sonnenverursachte Linien und F\u00e4ltchen<\/p>\n<p>Hauptwirkstoffe: Aloe Vera, Panthenol, S\u00fc\u00dfholzwurzelextrakt, Allantoin<\/p>\n<p>200 ml<\/p>\n","protected":false},"excerpt":{"rendered":"<p>Intensiv pflegende Bodylotion f\u00fcr die gestresste Haut nach dem Sonnenbaden. Spendet lindernde K\u00fchle und f\u00f6rdert den Regenerationsprozess.<\/p>\n","protected":false},"featured_media":2676,"comment_status":"open","ping_status":"closed","template":"","meta":[],"product_brand":[51],"product_cat":[125],"product_tag":[],"class_list":{"0":"post-2675","1":"product","2":"type-product","3":"status-publish","4":"has-post-thumbnail","6":"product_brand-msb","7":"product_cat-sonnenschutz","9":"first","10":"instock","11":"taxable","12":"shipping-taxable","13":"purchasable","14":"product-type-simple"},"_links":{"self":[{"href":"https:\/\/beyondskin.nura-kibris.com\/it\/wp-json\/wp\/v2\/product\/2675","targetHints":{"allow":["GET"]}}],"collection":[{"href":"https:\/\/beyondskin.nura-kibris.com\/it\/wp-json\/wp\/v2\/product"}],"about":[{"href":"https:\/\/beyondskin.nura-kibris.com\/it\/wp-json\/wp\/v2\/types\/product"}],"replies":[{"embeddable":true,"href":"https:\/\/beyondskin.nura-kibris.com\/it\/wp-json\/wp\/v2\/comments?post=2675"}],"wp:featuredmedia":[{"embeddable":true,"href":"https:\/\/beyondskin.nura-kibris.com\/it\/wp-json\/wp\/v2\/media\/2676"}],"wp:attachment":[{"href":"https:\/\/beyondskin.nura-kibris.com\/it\/wp-json\/wp\/v2\/media?parent=2675"}],"wp:term":[{"taxonomy":"product_brand","embeddable":true,"href":"https:\/\/beyondskin.nura-kibris.com\/it\/wp-json\/wp\/v2\/product_brand?post=2675"},{"taxonomy":"product_cat","embeddable":true,"href":"https:\/\/beyondskin.nura-kibris.com\/it\/wp-json\/wp\/v2\/product_cat?post=2675"},{"taxonomy":"product_tag","embeddable":true,"href":"https:\/\/beyondskin.nura-kibris.com\/it\/wp-json\/wp\/v2\/product_tag?post=2675"}],"curies":[{"name":"wp","href":"https:\/\/api.w.org\/{rel}","templated":true}]}}