{"id":2672,"date":"2025-06-25T10:48:38","date_gmt":"2025-06-25T10:48:38","guid":{"rendered":"https:\/\/beyond-skin.ch\/?post_type=product&#038;p=2672"},"modified":"2026-02-27T17:08:29","modified_gmt":"2026-02-27T15:08:29","slug":"sun-protection-lotion-spf-30-body","status":"publish","type":"product","link":"https:\/\/beyondskin.nura-kibris.com\/it\/produkt\/sun-protection-lotion-spf-30-body\/","title":{"rendered":"Sun Protection Lotion SPF 30 Body"},"content":{"rendered":"<p>Bereits wenige Sonnenstrahlen haben eine positive Wirkung auf unseren K\u00f6rper: Das Licht der Sonne steigert die Abwehrkraft gegen Infektionen und f\u00f6rdert das Wohlbefinden. Aber \u00fcberm\u00e4ssiges Sonnenbaden kann der Haut nachhaltige, irreparable Sch\u00e4den zuf\u00fcgen.<\/p>\n<p>\u00b7 Bewahrt die Haut vor Sonnenbrand und lichtbedingter Hautalterung wie Falten und Pigmentflecken<br \/>\n\u00b7 Reguliert den Feuchtigkeitsgehalt der Haut<br \/>\n\u00b7 Sonnenempfindliche Haut erh\u00e4lt eine leichte und gesunde Br\u00e4une<\/p>\n<p>Hauptwirkstoffe: Tinosorb\u00ae M, Parsol, Uvinul, Aloe Vera Blattsaft Pulver, Ectoin, Allantoin, D-Panthenol, Vitamin E, Jojoba\u00f6l, Cocos\u00f6l, Sojasamen\u00f6l<\/p>\n<p>200 ml<\/p>\n<p>&nbsp;<\/p>\n","protected":false},"excerpt":{"rendered":"<p>Zartschmelzende und gehaltvolle Sonnenschutzlotion f\u00fcr gebr\u00e4unte, sonnengewohnte Haut. Sch\u00fctzt, pflegt und regeneriert zuverl\u00e4ssig w\u00e4hrend des Sonnenbadens.<\/p>\n","protected":false},"featured_media":2674,"comment_status":"open","ping_status":"closed","template":"","meta":[],"product_brand":[51],"product_cat":[125],"product_tag":[170],"class_list":{"0":"post-2672","1":"product","2":"type-product","3":"status-publish","4":"has-post-thumbnail","6":"product_brand-msb","7":"product_cat-sonnenschutz","8":"product_tag-sichere-sonnengekuesste-haut","10":"first","11":"instock","12":"taxable","13":"shipping-taxable","14":"purchasable","15":"product-type-simple"},"_links":{"self":[{"href":"https:\/\/beyondskin.nura-kibris.com\/it\/wp-json\/wp\/v2\/product\/2672","targetHints":{"allow":["GET"]}}],"collection":[{"href":"https:\/\/beyondskin.nura-kibris.com\/it\/wp-json\/wp\/v2\/product"}],"about":[{"href":"https:\/\/beyondskin.nura-kibris.com\/it\/wp-json\/wp\/v2\/types\/product"}],"replies":[{"embeddable":true,"href":"https:\/\/beyondskin.nura-kibris.com\/it\/wp-json\/wp\/v2\/comments?post=2672"}],"wp:featuredmedia":[{"embeddable":true,"href":"https:\/\/beyondskin.nura-kibris.com\/it\/wp-json\/wp\/v2\/media\/2674"}],"wp:attachment":[{"href":"https:\/\/beyondskin.nura-kibris.com\/it\/wp-json\/wp\/v2\/media?parent=2672"}],"wp:term":[{"taxonomy":"product_brand","embeddable":true,"href":"https:\/\/beyondskin.nura-kibris.com\/it\/wp-json\/wp\/v2\/product_brand?post=2672"},{"taxonomy":"product_cat","embeddable":true,"href":"https:\/\/beyondskin.nura-kibris.com\/it\/wp-json\/wp\/v2\/product_cat?post=2672"},{"taxonomy":"product_tag","embeddable":true,"href":"https:\/\/beyondskin.nura-kibris.com\/it\/wp-json\/wp\/v2\/product_tag?post=2672"}],"curies":[{"name":"wp","href":"https:\/\/api.w.org\/{rel}","templated":true}]}}