{"id":2665,"date":"2025-06-25T10:27:22","date_gmt":"2025-06-25T10:27:22","guid":{"rendered":"https:\/\/beyond-skin.ch\/?post_type=product&#038;p=2665"},"modified":"2026-02-27T17:07:27","modified_gmt":"2026-02-27T15:07:27","slug":"sun-protection-cream-spf-30-face","status":"publish","type":"product","link":"https:\/\/beyondskin.nura-kibris.com\/it\/produkt\/sun-protection-cream-spf-30-face\/","title":{"rendered":"Sun Protection Cream SPF 30 Face"},"content":{"rendered":"<p>Ein sorgf\u00e4ltiger Sonnenschutz ist wichtig, um vorzeitiger Hautalterung, Pigmentflecken und Hautkrebs vorzubeugen. Aber auch das Thema Anti-Aging spielt hierbei eine grosse Rolle.<\/p>\n<p>\u00b7 Sch\u00fctzt gegen UVA- und UVB-Strahlen<br \/>\n\u00b7 St\u00e4rkt das nat\u00fcrliche Abwehrsystem der Haut<br \/>\n\u00b7 Spendet Feuchtigkeit ohne ein fettiges Gef\u00fchl auf der Haut zu hinterlassen<\/p>\n<p>Hauptwirkstoffe: Tinosorb\u00ae M, Parsol, Uvinul, Aloe Vera Blattsaft Pulver, Ectoin, Allantoin, D-Panthenol, Vitamin E, Jojoba\u00f6l, Cocos\u00f6l, Sojasamen\u00f6l<\/p>\n<p>50 ml<\/p>\n","protected":false},"excerpt":{"rendered":"<p>Eine seidig-zarte Creme f\u00fcr gebr\u00e4unte, sonnengewohnte Haut. Umfassender Schutz gegen die sch\u00e4dlichen Einwirkungen von UVA- und UVB-Strahlen. Sorgt gleichzeitig f\u00fcr einen ebenm\u00e4ssigen Teint.<\/p>\n","protected":false},"featured_media":2666,"comment_status":"open","ping_status":"closed","template":"","meta":[],"product_brand":[51],"product_cat":[125],"product_tag":[170],"class_list":{"0":"post-2665","1":"product","2":"type-product","3":"status-publish","4":"has-post-thumbnail","6":"product_brand-msb","7":"product_cat-sonnenschutz","8":"product_tag-sichere-sonnengekuesste-haut","10":"first","11":"instock","12":"taxable","13":"shipping-taxable","14":"purchasable","15":"product-type-simple"},"_links":{"self":[{"href":"https:\/\/beyondskin.nura-kibris.com\/it\/wp-json\/wp\/v2\/product\/2665","targetHints":{"allow":["GET"]}}],"collection":[{"href":"https:\/\/beyondskin.nura-kibris.com\/it\/wp-json\/wp\/v2\/product"}],"about":[{"href":"https:\/\/beyondskin.nura-kibris.com\/it\/wp-json\/wp\/v2\/types\/product"}],"replies":[{"embeddable":true,"href":"https:\/\/beyondskin.nura-kibris.com\/it\/wp-json\/wp\/v2\/comments?post=2665"}],"wp:featuredmedia":[{"embeddable":true,"href":"https:\/\/beyondskin.nura-kibris.com\/it\/wp-json\/wp\/v2\/media\/2666"}],"wp:attachment":[{"href":"https:\/\/beyondskin.nura-kibris.com\/it\/wp-json\/wp\/v2\/media?parent=2665"}],"wp:term":[{"taxonomy":"product_brand","embeddable":true,"href":"https:\/\/beyondskin.nura-kibris.com\/it\/wp-json\/wp\/v2\/product_brand?post=2665"},{"taxonomy":"product_cat","embeddable":true,"href":"https:\/\/beyondskin.nura-kibris.com\/it\/wp-json\/wp\/v2\/product_cat?post=2665"},{"taxonomy":"product_tag","embeddable":true,"href":"https:\/\/beyondskin.nura-kibris.com\/it\/wp-json\/wp\/v2\/product_tag?post=2665"}],"curies":[{"name":"wp","href":"https:\/\/api.w.org\/{rel}","templated":true}]}}