{"id":2663,"date":"2025-06-25T10:24:12","date_gmt":"2025-06-25T10:24:12","guid":{"rendered":"https:\/\/beyond-skin.ch\/?post_type=product&#038;p=2663"},"modified":"2026-02-27T17:07:13","modified_gmt":"2026-02-27T15:07:13","slug":"after-sun-gel-face","status":"publish","type":"product","link":"https:\/\/beyondskin.nura-kibris.com\/it\/produkt\/after-sun-gel-face\/","title":{"rendered":"After Sun Gel Face"},"content":{"rendered":"<p>Damit die Sonne keine Spuren auf der Haut hinterl\u00e4sst, braucht die Haut besonders viel Feuchtigkeit nach dem Sonnenbaden, denn Sonne, Wasser und Wind trocknen die Haut aus. Durch After SUN Produkte kann der Fett- und<br \/>\nFeuchtigkeitsgehalt ausgeglichen werden. Dar\u00fcber hinaus wird der Regenerationsprozess gef\u00f6rdert. Denn je besser die Haut gepflegt ist, desto geschmeidiger bleibt sie.<\/p>\n<p>\u00b7 Gleicht sanft den Feuchtigkeitsverlust der Haut aus<br \/>\n\u00b7 Beruhigt und pflegt irritierte Hautpartien<br \/>\n\u00b7 Erh\u00e4lt eine gleichm\u00e4ssige und sch\u00f6ne Br\u00e4une<br \/>\n\u00b7 Macht die Haut zart und geschmeidig<br \/>\n\u00b7 Mindert sonnenverursachte Linien und F\u00e4ltchen<\/p>\n<p>Hauptwirkstoffe: Aloe Vera, Panthenol, S\u00fc\u00dfholzwurzelextrakt, Allantoin<\/p>\n<p>100 ml<\/p>\n","protected":false},"excerpt":{"rendered":"<p>K\u00fchlendes und geschmeidiges Gesichtspflegegel zur F\u00f6rderung des Regenerationsprozesses nach dem Sonnenbaden.<\/p>\n","protected":false},"featured_media":2664,"comment_status":"open","ping_status":"closed","template":"","meta":[],"product_brand":[51],"product_cat":[125],"product_tag":[170],"class_list":{"0":"post-2663","1":"product","2":"type-product","3":"status-publish","4":"has-post-thumbnail","6":"product_brand-msb","7":"product_cat-sonnenschutz","8":"product_tag-sichere-sonnengekuesste-haut","10":"first","11":"instock","12":"taxable","13":"shipping-taxable","14":"purchasable","15":"product-type-simple"},"_links":{"self":[{"href":"https:\/\/beyondskin.nura-kibris.com\/it\/wp-json\/wp\/v2\/product\/2663","targetHints":{"allow":["GET"]}}],"collection":[{"href":"https:\/\/beyondskin.nura-kibris.com\/it\/wp-json\/wp\/v2\/product"}],"about":[{"href":"https:\/\/beyondskin.nura-kibris.com\/it\/wp-json\/wp\/v2\/types\/product"}],"replies":[{"embeddable":true,"href":"https:\/\/beyondskin.nura-kibris.com\/it\/wp-json\/wp\/v2\/comments?post=2663"}],"wp:featuredmedia":[{"embeddable":true,"href":"https:\/\/beyondskin.nura-kibris.com\/it\/wp-json\/wp\/v2\/media\/2664"}],"wp:attachment":[{"href":"https:\/\/beyondskin.nura-kibris.com\/it\/wp-json\/wp\/v2\/media?parent=2663"}],"wp:term":[{"taxonomy":"product_brand","embeddable":true,"href":"https:\/\/beyondskin.nura-kibris.com\/it\/wp-json\/wp\/v2\/product_brand?post=2663"},{"taxonomy":"product_cat","embeddable":true,"href":"https:\/\/beyondskin.nura-kibris.com\/it\/wp-json\/wp\/v2\/product_cat?post=2663"},{"taxonomy":"product_tag","embeddable":true,"href":"https:\/\/beyondskin.nura-kibris.com\/it\/wp-json\/wp\/v2\/product_tag?post=2663"}],"curies":[{"name":"wp","href":"https:\/\/api.w.org\/{rel}","templated":true}]}}