{"id":2661,"date":"2025-06-25T10:19:18","date_gmt":"2025-06-25T10:19:18","guid":{"rendered":"https:\/\/beyond-skin.ch\/?post_type=product&#038;p=2661"},"modified":"2026-02-27T17:06:59","modified_gmt":"2026-02-27T15:06:59","slug":"nail-oil","status":"publish","type":"product","link":"https:\/\/beyondskin.nura-kibris.com\/it\/produkt\/nail-oil\/","title":{"rendered":"Nail Oil"},"content":{"rendered":"<p>Zu einer guten Handpflege geh\u00f6rt auch ein gutes Nagel\u00f6l. Es ist wohltuend f\u00fcr N\u00e4gel und Nagelhaut. Nagel\u00f6le enthalten viele wertvolle Wirkstoffe die Haut und N\u00e4gel versorgen und Feuchtigkeit spenden. F\u00fcr gesunde Haut und kr\u00e4ftige N\u00e4gel sollte man unbedingt auf ein Nagel\u00f6l setzen.<\/p>\n<p>\u00b7 N\u00e4hrt trockene und spr\u00f6de N\u00e4gel<br \/>\n\u00b7 Pflegt die trockene sowie rissige Nagelhaut<br \/>\n\u00b7 Macht br\u00fcchige N\u00e4gel wieder elastisch (sie splittern nicht mehr so leicht ab)<\/p>\n<p>Hauptwirkstoffe: Abyssinian Oil, Mandel\u00f6l, Oliven\u00f6l, Macadamianuss\u00f6l, Argan\u00f6l, Vitamin E<\/p>\n<p>7.5 ml<\/p>\n","protected":false},"excerpt":{"rendered":"<p>Kr\u00e4ftigendes Nagel\u00f6l f\u00fcr gesunde und gepflegte N\u00e4gel.<\/p>\n","protected":false},"featured_media":2662,"comment_status":"open","ping_status":"closed","template":"","meta":[],"product_brand":[51],"product_cat":[122],"product_tag":[162],"class_list":{"0":"post-2661","1":"product","2":"type-product","3":"status-publish","4":"has-post-thumbnail","6":"product_brand-msb","7":"product_cat-koerperpflege","8":"product_tag-silhouette","10":"first","11":"instock","12":"taxable","13":"shipping-taxable","14":"purchasable","15":"product-type-simple"},"_links":{"self":[{"href":"https:\/\/beyondskin.nura-kibris.com\/it\/wp-json\/wp\/v2\/product\/2661","targetHints":{"allow":["GET"]}}],"collection":[{"href":"https:\/\/beyondskin.nura-kibris.com\/it\/wp-json\/wp\/v2\/product"}],"about":[{"href":"https:\/\/beyondskin.nura-kibris.com\/it\/wp-json\/wp\/v2\/types\/product"}],"replies":[{"embeddable":true,"href":"https:\/\/beyondskin.nura-kibris.com\/it\/wp-json\/wp\/v2\/comments?post=2661"}],"wp:featuredmedia":[{"embeddable":true,"href":"https:\/\/beyondskin.nura-kibris.com\/it\/wp-json\/wp\/v2\/media\/2662"}],"wp:attachment":[{"href":"https:\/\/beyondskin.nura-kibris.com\/it\/wp-json\/wp\/v2\/media?parent=2661"}],"wp:term":[{"taxonomy":"product_brand","embeddable":true,"href":"https:\/\/beyondskin.nura-kibris.com\/it\/wp-json\/wp\/v2\/product_brand?post=2661"},{"taxonomy":"product_cat","embeddable":true,"href":"https:\/\/beyondskin.nura-kibris.com\/it\/wp-json\/wp\/v2\/product_cat?post=2661"},{"taxonomy":"product_tag","embeddable":true,"href":"https:\/\/beyondskin.nura-kibris.com\/it\/wp-json\/wp\/v2\/product_tag?post=2661"}],"curies":[{"name":"wp","href":"https:\/\/api.w.org\/{rel}","templated":true}]}}