{"id":2657,"date":"2025-06-25T10:13:58","date_gmt":"2025-06-25T10:13:58","guid":{"rendered":"https:\/\/beyond-skin.ch\/?post_type=product&#038;p=2657"},"modified":"2026-02-27T17:05:52","modified_gmt":"2026-02-27T15:05:52","slug":"extra-rich-face-cream","status":"publish","type":"product","link":"https:\/\/beyondskin.nura-kibris.com\/it\/produkt\/extra-rich-face-cream\/","title":{"rendered":"Extra Rich Face Cream"},"content":{"rendered":"<p>Viele Menschen in der heutigen Gesellschaft f\u00fchlen sich deutlich j\u00fcnger als ihr tats\u00e4chliches Alter. Um ein jugendlich aussehendes Hautbild m\u00f6glichst lange zu bewahren ist die Verwendung einer passenden Gesichtscreme der Grundstein.<\/p>\n<p>\u00b7 Optimiert das Wasserbindeverm\u00f6gen der Haut<br \/>\n\u00b7 F\u00f6rdert die nat\u00fcrliche Zellregeneration<br \/>\n\u00b7 Verbessert die Oberfl\u00e4chenstruktur der Haut<br \/>\n\u00b7 Regt die Collagensynthese an<br \/>\n\u00b7 L\u00e4sst die Haut glatter und straffer erscheinen<\/p>\n<p>Hauptwirkstoffe: Crambe\u00f6l, Sumpfblumen\u00f6l, CrodamolTM ISIS, Jojoba\u00f6l, Hyalurons\u00e4ure, Pentavitin\u00ae, ChroNOLineTM<\/p>\n<p>50 ml<\/p>\n","protected":false},"excerpt":{"rendered":"<p>Reichhaltige, samtig weiche Pflegecreme, die sofort ein angenehmes Wohlgef\u00fchl verleiht.<\/p>\n","protected":false},"featured_media":2658,"comment_status":"open","ping_status":"closed","template":"","meta":[],"product_brand":[51],"product_cat":[119],"product_tag":[155,160],"class_list":{"0":"post-2657","1":"product","2":"type-product","3":"status-publish","4":"has-post-thumbnail","6":"product_brand-msb","7":"product_cat-cremen","8":"product_tag-anti-aging","9":"product_tag-trockene-haut","11":"first","12":"instock","13":"taxable","14":"shipping-taxable","15":"purchasable","16":"product-type-simple"},"_links":{"self":[{"href":"https:\/\/beyondskin.nura-kibris.com\/it\/wp-json\/wp\/v2\/product\/2657","targetHints":{"allow":["GET"]}}],"collection":[{"href":"https:\/\/beyondskin.nura-kibris.com\/it\/wp-json\/wp\/v2\/product"}],"about":[{"href":"https:\/\/beyondskin.nura-kibris.com\/it\/wp-json\/wp\/v2\/types\/product"}],"replies":[{"embeddable":true,"href":"https:\/\/beyondskin.nura-kibris.com\/it\/wp-json\/wp\/v2\/comments?post=2657"}],"wp:featuredmedia":[{"embeddable":true,"href":"https:\/\/beyondskin.nura-kibris.com\/it\/wp-json\/wp\/v2\/media\/2658"}],"wp:attachment":[{"href":"https:\/\/beyondskin.nura-kibris.com\/it\/wp-json\/wp\/v2\/media?parent=2657"}],"wp:term":[{"taxonomy":"product_brand","embeddable":true,"href":"https:\/\/beyondskin.nura-kibris.com\/it\/wp-json\/wp\/v2\/product_brand?post=2657"},{"taxonomy":"product_cat","embeddable":true,"href":"https:\/\/beyondskin.nura-kibris.com\/it\/wp-json\/wp\/v2\/product_cat?post=2657"},{"taxonomy":"product_tag","embeddable":true,"href":"https:\/\/beyondskin.nura-kibris.com\/it\/wp-json\/wp\/v2\/product_tag?post=2657"}],"curies":[{"name":"wp","href":"https:\/\/api.w.org\/{rel}","templated":true}]}}