{"id":2649,"date":"2025-06-25T10:01:37","date_gmt":"2025-06-25T10:01:37","guid":{"rendered":"https:\/\/beyond-skin.ch\/?post_type=product&#038;p=2649"},"modified":"2026-02-27T17:00:15","modified_gmt":"2026-02-27T15:00:15","slug":"lip-booster","status":"publish","type":"product","link":"https:\/\/beyondskin.nura-kibris.com\/it\/produkt\/lip-booster\/","title":{"rendered":"Lip Booster"},"content":{"rendered":"<p>Der Bereich an und um die Lippen ist die empfindlichste Hautpartie in unserem Gesicht. Der Eigenschutz der Lippen ist nur unzureichend ausgebildet, daher ist die Lippenpartie besonders anf\u00e4llig gegen\u00fcber \u00e4u\u00dferen Einfl\u00fcssen. Sch\u00f6ne, definierte Lippen unterstreichen ein unvergleichliches L\u00e4cheln und verleihen mehr Ausstrahlung.<\/p>\n<p>\u00b7 Gl\u00e4ttet feine Lippenf\u00e4ltchen und Linien rund um den Mund<br \/>\n\u00b7 Strafft sichtbar die Lippenkontur<br \/>\n\u00b7 Sch\u00fctzt vor dem Austrocknen der zarten Lippenhaut<br \/>\n\u00b7 L\u00e4sst die Lippen ausdrucksvoller erscheinen<\/p>\n<p>Hauptwirkstoffe: Sheabutter, Kalpariane\u00ae, Crambe\u00f6l, Allantoin, Gatuline\u00ae Expression, D-Panthenol, Inositol<\/p>\n<p>7.5 ml<\/p>\n","protected":false},"excerpt":{"rendered":"<p>Straffender, gl\u00e4ttender Lippenbalm, der dank der besonders feinen Textur gegen\u00fcber Fettstiften den Vorteil bietet, so tief wie eine Creme in die Haut einzudringen. Der Unterschied ist sofort sp\u00fcrbar.<\/p>\n","protected":false},"featured_media":2650,"comment_status":"open","ping_status":"closed","template":"","meta":[],"product_brand":[51],"product_cat":[121],"product_tag":[161],"class_list":{"0":"post-2649","1":"product","2":"type-product","3":"status-publish","4":"has-post-thumbnail","6":"product_brand-msb","7":"product_cat-lippenpflege","8":"product_tag-lippen","10":"first","11":"instock","12":"taxable","13":"shipping-taxable","14":"purchasable","15":"product-type-simple"},"_links":{"self":[{"href":"https:\/\/beyondskin.nura-kibris.com\/it\/wp-json\/wp\/v2\/product\/2649","targetHints":{"allow":["GET"]}}],"collection":[{"href":"https:\/\/beyondskin.nura-kibris.com\/it\/wp-json\/wp\/v2\/product"}],"about":[{"href":"https:\/\/beyondskin.nura-kibris.com\/it\/wp-json\/wp\/v2\/types\/product"}],"replies":[{"embeddable":true,"href":"https:\/\/beyondskin.nura-kibris.com\/it\/wp-json\/wp\/v2\/comments?post=2649"}],"wp:featuredmedia":[{"embeddable":true,"href":"https:\/\/beyondskin.nura-kibris.com\/it\/wp-json\/wp\/v2\/media\/2650"}],"wp:attachment":[{"href":"https:\/\/beyondskin.nura-kibris.com\/it\/wp-json\/wp\/v2\/media?parent=2649"}],"wp:term":[{"taxonomy":"product_brand","embeddable":true,"href":"https:\/\/beyondskin.nura-kibris.com\/it\/wp-json\/wp\/v2\/product_brand?post=2649"},{"taxonomy":"product_cat","embeddable":true,"href":"https:\/\/beyondskin.nura-kibris.com\/it\/wp-json\/wp\/v2\/product_cat?post=2649"},{"taxonomy":"product_tag","embeddable":true,"href":"https:\/\/beyondskin.nura-kibris.com\/it\/wp-json\/wp\/v2\/product_tag?post=2649"}],"curies":[{"name":"wp","href":"https:\/\/api.w.org\/{rel}","templated":true}]}}