{"id":2645,"date":"2025-06-25T09:58:31","date_gmt":"2025-06-25T09:58:31","guid":{"rendered":"https:\/\/beyond-skin.ch\/?post_type=product&#038;p=2645"},"modified":"2026-02-27T17:00:03","modified_gmt":"2026-02-27T15:00:03","slug":"normalizing-serum","status":"publish","type":"product","link":"https:\/\/beyondskin.nura-kibris.com\/it\/produkt\/normalizing-serum\/","title":{"rendered":"Normalizing Serum"},"content":{"rendered":"<p>Die unreine Haut ist l\u00e4ngst kein reines Pubert\u00e4tsproblem mehr. Sie tritt in unterschiedlich starker Auspr\u00e4gung bei fast jedem Alter auf. Frauen wie M\u00e4nner sind gleichermassen betroffen, wobei es die M\u00e4nner oft st\u00e4rker trifft.<\/p>\n<p>\u00b7 Reguliert den Fettgehalt trockener und fettiger Haut und bringt ihn ins Gleichgewicht<br \/>\n\u00b7 Normalisiert die Talgdr\u00fcsent\u00e4tigkeit<br \/>\n\u00b7 Versorgt die Haut langanhaltend mit Feuchtigkeit<br \/>\n\u00b7 Sch\u00fctzt vor Feuchtigkeitsverlust<br \/>\n\u00b7 Verfeinert die Hautstruktur<br \/>\n\u00b7 Wirkt antibakteriell und entz\u00fcndungshemmend<\/p>\n<p>Hauptwirkstoffe: Inositol, D-Panthenol, Seetang Extrakt, Pentavitin\u00ae, Hydrolite\u00ae5, Herbal Komplex (Kamille, Salbei, Hauhechel, Melisse, Schachtelhalm, Rosmarin, Eibisch)<\/p>\n<p>30 ml \u2022 50 ml<\/p>\n","protected":false},"excerpt":{"rendered":"<p>Regulierendes Wirkstoffprodukt mit Langzeitwirkung, um Poren zu verfeinern und einen Hautglanz zu vermindern, speziell f\u00fcr Misch- und \u00f6lige Haut sowie bei zu Akne neigender Haut lindernd effektiv.<\/p>\n","protected":false},"featured_media":2648,"comment_status":"open","ping_status":"closed","template":"","meta":[],"product_brand":[51],"product_cat":[118],"product_tag":[159],"class_list":{"0":"post-2645","1":"product","2":"type-product","3":"status-publish","4":"has-post-thumbnail","6":"product_brand-msb","7":"product_cat-seren","8":"product_tag-akne-unreine-haut-poren","10":"first","11":"instock","12":"taxable","13":"shipping-taxable","14":"purchasable","15":"product-type-variable"},"_links":{"self":[{"href":"https:\/\/beyondskin.nura-kibris.com\/it\/wp-json\/wp\/v2\/product\/2645","targetHints":{"allow":["GET"]}}],"collection":[{"href":"https:\/\/beyondskin.nura-kibris.com\/it\/wp-json\/wp\/v2\/product"}],"about":[{"href":"https:\/\/beyondskin.nura-kibris.com\/it\/wp-json\/wp\/v2\/types\/product"}],"replies":[{"embeddable":true,"href":"https:\/\/beyondskin.nura-kibris.com\/it\/wp-json\/wp\/v2\/comments?post=2645"}],"wp:featuredmedia":[{"embeddable":true,"href":"https:\/\/beyondskin.nura-kibris.com\/it\/wp-json\/wp\/v2\/media\/2648"}],"wp:attachment":[{"href":"https:\/\/beyondskin.nura-kibris.com\/it\/wp-json\/wp\/v2\/media?parent=2645"}],"wp:term":[{"taxonomy":"product_brand","embeddable":true,"href":"https:\/\/beyondskin.nura-kibris.com\/it\/wp-json\/wp\/v2\/product_brand?post=2645"},{"taxonomy":"product_cat","embeddable":true,"href":"https:\/\/beyondskin.nura-kibris.com\/it\/wp-json\/wp\/v2\/product_cat?post=2645"},{"taxonomy":"product_tag","embeddable":true,"href":"https:\/\/beyondskin.nura-kibris.com\/it\/wp-json\/wp\/v2\/product_tag?post=2645"}],"curies":[{"name":"wp","href":"https:\/\/api.w.org\/{rel}","templated":true}]}}