{"id":2641,"date":"2025-06-25T09:53:41","date_gmt":"2025-06-25T09:53:41","guid":{"rendered":"https:\/\/beyond-skin.ch\/?post_type=product&#038;p=2641"},"modified":"2026-02-27T16:59:49","modified_gmt":"2026-02-27T14:59:49","slug":"collagen-extreme","status":"publish","type":"product","link":"https:\/\/beyondskin.nura-kibris.com\/it\/produkt\/collagen-extreme\/","title":{"rendered":"Collagen Extreme"},"content":{"rendered":"<p>Eine sch\u00f6ne und jung aussehende Haut bis ins fortgeschrittene Alter ist in unserer Gesellschaft ein Symbol f\u00fcr sozialen und wirtschaftlichen Erfolg. Zur Erhaltung eines sch\u00f6nen und jung aussehenden Hautbilds ist zum einen der Lebensstil und zum anderen die hauttypgerechte Anti-Ageing Pflege essentiell.<\/p>\n<p>\u00b7 Aktiviert die Feuchtigkeitsaufnahme der Haut<br \/>\n\u00b7 Unterst\u00fctzt die Bildung der hauteigenen Collagenmatrix<br \/>\n\u00b7 Reduziert sichtbar die Faltentiefe jeder Art<br \/>\n\u00b7 Sorgt f\u00fcr ein frisches, strahlendes Hautbild<br \/>\n\u00b7 H\u00e4lt die Haut geschmeidig und beugt dem Elastinverlust vor<\/p>\n<p>Hauptwirkstoffe: Collagen, Golden Collagenine (Collagen-Booster), Betain, RosmarinylTM Glucoside, Hyalurons\u00e4ure (mikronisiert), Pentavitin\u00ae, Hydrolite\u00ae5, Vitamin E<\/p>\n<p>30 ml \u2022 50 ml<\/p>\n","protected":false},"excerpt":{"rendered":"<p>Das qualitativ hochwertige Aufbauserum auf Basis von reinem, nativen Collagen f\u00fcr allerh\u00f6chste Anspr\u00fcche.<\/p>\n","protected":false},"featured_media":2644,"comment_status":"open","ping_status":"closed","template":"","meta":[],"product_brand":[51],"product_cat":[118],"product_tag":[155],"class_list":{"0":"post-2641","1":"product","2":"type-product","3":"status-publish","4":"has-post-thumbnail","6":"product_brand-msb","7":"product_cat-seren","8":"product_tag-anti-aging","10":"first","11":"instock","12":"taxable","13":"shipping-taxable","14":"purchasable","15":"product-type-variable"},"_links":{"self":[{"href":"https:\/\/beyondskin.nura-kibris.com\/it\/wp-json\/wp\/v2\/product\/2641","targetHints":{"allow":["GET"]}}],"collection":[{"href":"https:\/\/beyondskin.nura-kibris.com\/it\/wp-json\/wp\/v2\/product"}],"about":[{"href":"https:\/\/beyondskin.nura-kibris.com\/it\/wp-json\/wp\/v2\/types\/product"}],"replies":[{"embeddable":true,"href":"https:\/\/beyondskin.nura-kibris.com\/it\/wp-json\/wp\/v2\/comments?post=2641"}],"wp:featuredmedia":[{"embeddable":true,"href":"https:\/\/beyondskin.nura-kibris.com\/it\/wp-json\/wp\/v2\/media\/2644"}],"wp:attachment":[{"href":"https:\/\/beyondskin.nura-kibris.com\/it\/wp-json\/wp\/v2\/media?parent=2641"}],"wp:term":[{"taxonomy":"product_brand","embeddable":true,"href":"https:\/\/beyondskin.nura-kibris.com\/it\/wp-json\/wp\/v2\/product_brand?post=2641"},{"taxonomy":"product_cat","embeddable":true,"href":"https:\/\/beyondskin.nura-kibris.com\/it\/wp-json\/wp\/v2\/product_cat?post=2641"},{"taxonomy":"product_tag","embeddable":true,"href":"https:\/\/beyondskin.nura-kibris.com\/it\/wp-json\/wp\/v2\/product_tag?post=2641"}],"curies":[{"name":"wp","href":"https:\/\/api.w.org\/{rel}","templated":true}]}}