{"id":2634,"date":"2025-06-25T09:14:51","date_gmt":"2025-06-25T09:14:51","guid":{"rendered":"https:\/\/beyond-skin.ch\/?post_type=product&#038;p=2634"},"modified":"2026-02-27T16:59:16","modified_gmt":"2026-02-27T14:59:16","slug":"alpha-trophox-serum","status":"publish","type":"product","link":"https:\/\/beyondskin.nura-kibris.com\/it\/produkt\/alpha-trophox-serum\/","title":{"rendered":"Alpha &#8211; Trophox\u00ae Serum"},"content":{"rendered":"<p>Der Grossteil unserer Gesellschaft hegt den Wunsch sein jugendliches und attraktives \u00c4usseres m\u00f6glichst lange zu bewahren. Mit zunehmendem Alter verliert die Haut an Elastizit\u00e4t und Spannkraft, Linien und F\u00e4ltchen werden sichtbar.<\/p>\n<p>\u00b7 Gl\u00e4ttet die Haut, strafft die Gesichtskonturen<br \/>\n\u00b7 Verbessert Spannkraft und Elastizit\u00e4t der Haut<br \/>\n\u00b7 Regt die hauteigene Produktion von Hyaluron an<br \/>\n\u00b7 Hat eine sofortige hautgl\u00e4ttende und straffende Wirkung<\/p>\n<p>Hauptwirkstoffe: Syn\u00ae-Ake, Syn\u00ae-Hycan, Vitamin E, HyaCare\u00ae 50, Hydrolite\u00ae5<\/p>\n<p>30 ml<\/p>\n","protected":false},"excerpt":{"rendered":"<p>Hochaktives Serum zur Vorbeugung von Falten, unterst\u00fctzend zur Minderung schon vorhandener, auch tiefer Falten, besonders auf der Stirn und im Augenbereich.<\/p>\n","protected":false},"featured_media":2635,"comment_status":"open","ping_status":"closed","template":"","meta":[],"product_brand":[51],"product_cat":[118],"product_tag":[155,163],"class_list":{"0":"post-2634","1":"product","2":"type-product","3":"status-publish","4":"has-post-thumbnail","6":"product_brand-msb","7":"product_cat-seren","8":"product_tag-anti-aging","9":"product_tag-spezialthemen","11":"first","12":"instock","13":"taxable","14":"shipping-taxable","15":"purchasable","16":"product-type-simple"},"_links":{"self":[{"href":"https:\/\/beyondskin.nura-kibris.com\/it\/wp-json\/wp\/v2\/product\/2634","targetHints":{"allow":["GET"]}}],"collection":[{"href":"https:\/\/beyondskin.nura-kibris.com\/it\/wp-json\/wp\/v2\/product"}],"about":[{"href":"https:\/\/beyondskin.nura-kibris.com\/it\/wp-json\/wp\/v2\/types\/product"}],"replies":[{"embeddable":true,"href":"https:\/\/beyondskin.nura-kibris.com\/it\/wp-json\/wp\/v2\/comments?post=2634"}],"wp:featuredmedia":[{"embeddable":true,"href":"https:\/\/beyondskin.nura-kibris.com\/it\/wp-json\/wp\/v2\/media\/2635"}],"wp:attachment":[{"href":"https:\/\/beyondskin.nura-kibris.com\/it\/wp-json\/wp\/v2\/media?parent=2634"}],"wp:term":[{"taxonomy":"product_brand","embeddable":true,"href":"https:\/\/beyondskin.nura-kibris.com\/it\/wp-json\/wp\/v2\/product_brand?post=2634"},{"taxonomy":"product_cat","embeddable":true,"href":"https:\/\/beyondskin.nura-kibris.com\/it\/wp-json\/wp\/v2\/product_cat?post=2634"},{"taxonomy":"product_tag","embeddable":true,"href":"https:\/\/beyondskin.nura-kibris.com\/it\/wp-json\/wp\/v2\/product_tag?post=2634"}],"curies":[{"name":"wp","href":"https:\/\/api.w.org\/{rel}","templated":true}]}}