{"id":2628,"date":"2025-06-25T09:05:44","date_gmt":"2025-06-25T09:05:44","guid":{"rendered":"https:\/\/beyond-skin.ch\/?post_type=product&#038;p=2628"},"modified":"2026-02-27T16:58:30","modified_gmt":"2026-02-27T14:58:30","slug":"pigment-normalizing-gel-serum","status":"publish","type":"product","link":"https:\/\/beyondskin.nura-kibris.com\/it\/produkt\/pigment-normalizing-gel-serum\/","title":{"rendered":"Pigment Normalizing Gel Serum"},"content":{"rendered":"<p>Ein gleichm\u00e4ssiger Teint sieht toll aus und l\u00e4sst die Haut jugendlich und frisch erscheinen. Ab einem gewissen Alter sowie bei hormonellen Schwankungen k\u00f6nnen Pigmentflecken und Pigmentverschiebungen auftreten, diese lassen die Haut \u00e4lter aussehen als sie ist. Daher empfinden viele Pigmentflecken und Co. als kosmetisch unsch\u00f6n und wollen sie schnellstm\u00f6glich wieder loswerden.<\/p>\n<p>\u00b7 Wirkt der Pigmentierung direkt am Ursprung entgegen<br \/>\n\u00b7 Macht die Haut sichtbar ebenm\u00e4ssiger, heller und strahlender<br \/>\n\u00b7 Sch\u00fctzt vor Hautirritationen<br \/>\n\u00b7 Bek\u00e4mpft freie Radikale<br \/>\n\u00b7 Spendet Feuchtigkeit<\/p>\n<p>Hauptwirkstoffe: Beta WhiteTM, Melacare Oil (bras. Sauerklee Extrakt), Vitamin E<\/p>\n<p>30 ml<\/p>\n","protected":false},"excerpt":{"rendered":"<p>Effektives Whitening-Konzentrat zur langfristigen Verbesserung des Hauttons.<\/p>\n","protected":false},"featured_media":2629,"comment_status":"open","ping_status":"closed","template":"","meta":[],"product_brand":[51],"product_cat":[118],"product_tag":[158],"class_list":{"0":"post-2628","1":"product","2":"type-product","3":"status-publish","4":"has-post-thumbnail","6":"product_brand-msb","7":"product_cat-seren","8":"product_tag-pigmentierung","10":"first","11":"instock","12":"taxable","13":"shipping-taxable","14":"purchasable","15":"product-type-simple"},"_links":{"self":[{"href":"https:\/\/beyondskin.nura-kibris.com\/it\/wp-json\/wp\/v2\/product\/2628","targetHints":{"allow":["GET"]}}],"collection":[{"href":"https:\/\/beyondskin.nura-kibris.com\/it\/wp-json\/wp\/v2\/product"}],"about":[{"href":"https:\/\/beyondskin.nura-kibris.com\/it\/wp-json\/wp\/v2\/types\/product"}],"replies":[{"embeddable":true,"href":"https:\/\/beyondskin.nura-kibris.com\/it\/wp-json\/wp\/v2\/comments?post=2628"}],"wp:featuredmedia":[{"embeddable":true,"href":"https:\/\/beyondskin.nura-kibris.com\/it\/wp-json\/wp\/v2\/media\/2629"}],"wp:attachment":[{"href":"https:\/\/beyondskin.nura-kibris.com\/it\/wp-json\/wp\/v2\/media?parent=2628"}],"wp:term":[{"taxonomy":"product_brand","embeddable":true,"href":"https:\/\/beyondskin.nura-kibris.com\/it\/wp-json\/wp\/v2\/product_brand?post=2628"},{"taxonomy":"product_cat","embeddable":true,"href":"https:\/\/beyondskin.nura-kibris.com\/it\/wp-json\/wp\/v2\/product_cat?post=2628"},{"taxonomy":"product_tag","embeddable":true,"href":"https:\/\/beyondskin.nura-kibris.com\/it\/wp-json\/wp\/v2\/product_tag?post=2628"}],"curies":[{"name":"wp","href":"https:\/\/api.w.org\/{rel}","templated":true}]}}