{"id":2626,"date":"2025-06-25T09:02:47","date_gmt":"2025-06-25T09:02:47","guid":{"rendered":"https:\/\/beyond-skin.ch\/?post_type=product&#038;p=2626"},"modified":"2026-02-27T16:58:08","modified_gmt":"2026-02-27T14:58:08","slug":"glyco-peel-med","status":"publish","type":"product","link":"https:\/\/beyondskin.nura-kibris.com\/it\/produkt\/glyco-peel-med\/","title":{"rendered":"Glyco Peel med"},"content":{"rendered":"<p>Die Haut sieht fahl und glanzlos aus, die ersten Anzeichen der Hautalterung werden sichtbar. Das Multitalent der Hautpflege wurde speziell f\u00fcr die Bed\u00fcrfnisse der reifen Haut entwickelt.<\/p>\n<p>\u00b7 Reinigt die Haut bis in die Tiefe<br \/>\n\u00b7 Entfernt sanft abgestorbene Hautsch\u00fcppchen<br \/>\n\u00b7 Unterst\u00fctzt die nat\u00fcrliche Hautregeneration<br \/>\n\u00b7 Macht die Haut sichtbar ebenm\u00e4\u00dfiger, weich und geschmeidig<br \/>\n\u00b7 L\u00e4sst die Haut klarer und strahlender aussehen<\/p>\n<p>Hauptwirkstoffe: Hochreine Glycols\u00e4ure (speziell f\u00fcr kosmetische Anwendung), D-Panthenol, Hydrolite\u00ae5<\/p>\n<p>30 ml<\/p>\n","protected":false},"excerpt":{"rendered":"<p>Effektiv wirksame, kleinmolekulare Glycols\u00e4ure \u2013 ist ein hochreines, gut hautvertr\u00e4gliches Fruchts\u00e4uregel mit einem S\u00e4ureanteil von ca. 10 %. Reduziert unter anderem Linien und Falten sehr effektiv.<\/p>\n","protected":false},"featured_media":2627,"comment_status":"open","ping_status":"closed","template":"","meta":[],"product_brand":[51],"product_cat":[115],"product_tag":[159],"class_list":{"0":"post-2626","1":"product","2":"type-product","3":"status-publish","4":"has-post-thumbnail","6":"product_brand-msb","7":"product_cat-peelings-fruchtsaeuren","8":"product_tag-akne-unreine-haut-poren","10":"first","11":"instock","12":"taxable","13":"shipping-taxable","14":"purchasable","15":"product-type-simple"},"_links":{"self":[{"href":"https:\/\/beyondskin.nura-kibris.com\/it\/wp-json\/wp\/v2\/product\/2626","targetHints":{"allow":["GET"]}}],"collection":[{"href":"https:\/\/beyondskin.nura-kibris.com\/it\/wp-json\/wp\/v2\/product"}],"about":[{"href":"https:\/\/beyondskin.nura-kibris.com\/it\/wp-json\/wp\/v2\/types\/product"}],"replies":[{"embeddable":true,"href":"https:\/\/beyondskin.nura-kibris.com\/it\/wp-json\/wp\/v2\/comments?post=2626"}],"wp:featuredmedia":[{"embeddable":true,"href":"https:\/\/beyondskin.nura-kibris.com\/it\/wp-json\/wp\/v2\/media\/2627"}],"wp:attachment":[{"href":"https:\/\/beyondskin.nura-kibris.com\/it\/wp-json\/wp\/v2\/media?parent=2626"}],"wp:term":[{"taxonomy":"product_brand","embeddable":true,"href":"https:\/\/beyondskin.nura-kibris.com\/it\/wp-json\/wp\/v2\/product_brand?post=2626"},{"taxonomy":"product_cat","embeddable":true,"href":"https:\/\/beyondskin.nura-kibris.com\/it\/wp-json\/wp\/v2\/product_cat?post=2626"},{"taxonomy":"product_tag","embeddable":true,"href":"https:\/\/beyondskin.nura-kibris.com\/it\/wp-json\/wp\/v2\/product_tag?post=2626"}],"curies":[{"name":"wp","href":"https:\/\/api.w.org\/{rel}","templated":true}]}}