{"id":2624,"date":"2025-06-25T08:58:54","date_gmt":"2025-06-25T08:58:54","guid":{"rendered":"https:\/\/beyond-skin.ch\/?post_type=product&#038;p=2624"},"modified":"2026-02-27T16:57:30","modified_gmt":"2026-02-27T14:57:30","slug":"natural-peel-med","status":"publish","type":"product","link":"https:\/\/beyondskin.nura-kibris.com\/it\/produkt\/natural-peel-med\/","title":{"rendered":"Natural Peel med"},"content":{"rendered":"<p>Die Haut sieht fahl und glanzlos aus, sie juckt und spannt. Kleine Trockenheitsf\u00e4ltchen entstehen und Hautsch\u00fcppchen treten an die Oberfl\u00e4che. Die Haut ist jetzt besonders anf\u00e4llig gegen \u00e4u\u00dfere Faktoren und es entstehen R\u00f6tungen, Irritationen und Unreinheiten.<\/p>\n<p>\u00b7 Verfeinert die Hautstruktur, \u00fcbersch\u00fcssige Verhornungen werden gel\u00f6st und entfernt<br \/>\n\u00b7 Erh\u00f6ht die Wirkstoffaufnahme<br \/>\n\u00b7 Bringt die Haut ins Gleichgewicht und l\u00e4sst sie erstrahlen<br \/>\n\u00b7 Ideal f\u00fcr die M\u00e4nnerhaut, minimiert einwachsende Barthaare<\/p>\n<p>Hauptwirkstoffe: Eine Kombination nat\u00fcrlicher Fruchts\u00e4uren aus Maracuja, Zitrone, Ananas und Traube, D-Panthenol, Hydrolite\u00ae5<\/p>\n<p>30 ml<\/p>\n","protected":false},"excerpt":{"rendered":"<p>Eine nat\u00fcrliche Fruchts\u00e4urekombination mit einer speziellen Einbettung pflanzenbasierender Polymere mit einem S\u00e4ureanteil von ca. 10 %. Perfektioniert unter anderem den Feuchtigkeitslevel der Haut.<\/p>\n","protected":false},"featured_media":2625,"comment_status":"open","ping_status":"closed","template":"","meta":[],"product_brand":[51],"product_cat":[115],"product_tag":[159],"class_list":{"0":"post-2624","1":"product","2":"type-product","3":"status-publish","4":"has-post-thumbnail","6":"product_brand-msb","7":"product_cat-peelings-fruchtsaeuren","8":"product_tag-akne-unreine-haut-poren","10":"first","11":"instock","12":"taxable","13":"shipping-taxable","14":"purchasable","15":"product-type-simple"},"_links":{"self":[{"href":"https:\/\/beyondskin.nura-kibris.com\/it\/wp-json\/wp\/v2\/product\/2624","targetHints":{"allow":["GET"]}}],"collection":[{"href":"https:\/\/beyondskin.nura-kibris.com\/it\/wp-json\/wp\/v2\/product"}],"about":[{"href":"https:\/\/beyondskin.nura-kibris.com\/it\/wp-json\/wp\/v2\/types\/product"}],"replies":[{"embeddable":true,"href":"https:\/\/beyondskin.nura-kibris.com\/it\/wp-json\/wp\/v2\/comments?post=2624"}],"wp:featuredmedia":[{"embeddable":true,"href":"https:\/\/beyondskin.nura-kibris.com\/it\/wp-json\/wp\/v2\/media\/2625"}],"wp:attachment":[{"href":"https:\/\/beyondskin.nura-kibris.com\/it\/wp-json\/wp\/v2\/media?parent=2624"}],"wp:term":[{"taxonomy":"product_brand","embeddable":true,"href":"https:\/\/beyondskin.nura-kibris.com\/it\/wp-json\/wp\/v2\/product_brand?post=2624"},{"taxonomy":"product_cat","embeddable":true,"href":"https:\/\/beyondskin.nura-kibris.com\/it\/wp-json\/wp\/v2\/product_cat?post=2624"},{"taxonomy":"product_tag","embeddable":true,"href":"https:\/\/beyondskin.nura-kibris.com\/it\/wp-json\/wp\/v2\/product_tag?post=2624"}],"curies":[{"name":"wp","href":"https:\/\/api.w.org\/{rel}","templated":true}]}}