{"id":2200,"date":"2025-06-12T14:22:09","date_gmt":"2025-06-12T14:22:09","guid":{"rendered":"https:\/\/beyond-skin.ch\/?post_type=product&#038;p=2200"},"modified":"2026-02-27T16:55:31","modified_gmt":"2026-02-27T14:55:31","slug":"cleanser-2","status":"publish","type":"product","link":"https:\/\/beyondskin.nura-kibris.com\/it\/produkt\/cleanser-2\/","title":{"rendered":"Cleanser 2+"},"content":{"rendered":"<p>Eine ultra-sanfte, wasserl\u00f6sliche Reinigung, die mild und gr\u00fcndlich die Haut von allem, was sich auf ihr ablagert befreit (hauteigene Absonderungen, Staub, Schmutz, Bakterien, Pollen, Talgreste, k\u00fcnstliche Auflagen wie Puder und Make-up).<\/p>\n<p>&#8211; Wirkt beruhigend und entspannend<br \/>\n&#8211; Entfernt \u00fcbersch\u00fcssiges Hautfett<br \/>\n&#8211; Bewahrt den nat\u00fcrlichen Feuchtigkeitsgehalt der Haut<br \/>\n&#8211; Verleiht ein frisches angenehmes Hautgef\u00fchl<br \/>\n&#8211; Erh\u00e4lt einen optimalen pH-Wert<\/p>\n<p>Hauptwirkstoffe: Allantoin, Honig, Sheabutter, D-Panthenol<\/p>\n<p>150 ml<\/p>\n","protected":false},"excerpt":{"rendered":"<p>Die richtige Gesichtsreinigung setzt den Grundstein f\u00fcr ein dauerhaft sch\u00f6nes und gepflegtes Hautbild. Hautreinigungsmittel z\u00e4hlen nicht umsonst zu den wichtigsten Artikeln in der Hautpflege und sind die Voraussetzung f\u00fcr weitere Pflegema\u00dfnahmen.<\/p>\n","protected":false},"featured_media":2203,"comment_status":"open","ping_status":"closed","template":"","meta":[],"product_brand":[51],"product_cat":[114],"product_tag":[159],"class_list":{"0":"post-2200","1":"product","2":"type-product","3":"status-publish","4":"has-post-thumbnail","6":"product_brand-msb","7":"product_cat-reinigungen","8":"product_tag-akne-unreine-haut-poren","10":"first","11":"instock","12":"taxable","13":"shipping-taxable","14":"purchasable","15":"product-type-simple"},"_links":{"self":[{"href":"https:\/\/beyondskin.nura-kibris.com\/it\/wp-json\/wp\/v2\/product\/2200","targetHints":{"allow":["GET"]}}],"collection":[{"href":"https:\/\/beyondskin.nura-kibris.com\/it\/wp-json\/wp\/v2\/product"}],"about":[{"href":"https:\/\/beyondskin.nura-kibris.com\/it\/wp-json\/wp\/v2\/types\/product"}],"replies":[{"embeddable":true,"href":"https:\/\/beyondskin.nura-kibris.com\/it\/wp-json\/wp\/v2\/comments?post=2200"}],"wp:featuredmedia":[{"embeddable":true,"href":"https:\/\/beyondskin.nura-kibris.com\/it\/wp-json\/wp\/v2\/media\/2203"}],"wp:attachment":[{"href":"https:\/\/beyondskin.nura-kibris.com\/it\/wp-json\/wp\/v2\/media?parent=2200"}],"wp:term":[{"taxonomy":"product_brand","embeddable":true,"href":"https:\/\/beyondskin.nura-kibris.com\/it\/wp-json\/wp\/v2\/product_brand?post=2200"},{"taxonomy":"product_cat","embeddable":true,"href":"https:\/\/beyondskin.nura-kibris.com\/it\/wp-json\/wp\/v2\/product_cat?post=2200"},{"taxonomy":"product_tag","embeddable":true,"href":"https:\/\/beyondskin.nura-kibris.com\/it\/wp-json\/wp\/v2\/product_tag?post=2200"}],"curies":[{"name":"wp","href":"https:\/\/api.w.org\/{rel}","templated":true}]}}