{"id":2189,"date":"2025-06-12T13:25:34","date_gmt":"2025-06-12T13:25:34","guid":{"rendered":"https:\/\/beyond-skin.ch\/?post_type=product&#038;p=2189"},"modified":"2026-02-27T16:49:12","modified_gmt":"2026-02-27T14:49:12","slug":"power-box","status":"publish","type":"product","link":"https:\/\/beyondskin.nura-kibris.com\/it\/produkt\/power-box\/","title":{"rendered":"Power Box"},"content":{"rendered":"<p>Das perfekte Verw\u00f6hnerlebnis<br \/>\nLuxuspflege nach der gewohnten Pure Perfection 100 N\u00ae Qualit\u00e4t im attraktiven Set f\u00fcr ein \u201eperfectes\u201c Verw\u00f6hnerlebnis. Dieses intelligente Sch\u00f6nheitskonzept bietet f\u00fcr jeden die richtige L\u00f6sung. Die multiplen, ineinandergreifenden Wirkmechanismen garantieren bei unterschiedlichen Hauttypen, in h\u00f6chst unterschiedlichen Lebensphasen immer dieselben, optimalen Resultate.<\/p>\n<p><strong>Liquid Surgery Serum\u00ae<\/strong><br \/>\n&#8211; Kurbelt den Sauerstoffumsatz in den Zellen an<br \/>\n&#8211; Aktiviert die Zellregeneration und verz\u00f6gert den Alterungsprozess<br \/>\n&#8211; Versorgt die Haut mit Feuchtigkeit bis in die tiefliegenden Hautschichten<br \/>\n&#8211; Gibt der Haut langfristig Volumen zur\u00fcck<br \/>\n&#8211; Verst\u00e4rkt die Elastin- und Collagensynthese<br \/>\n&#8211; Blockt freie Radikale<br \/>\n&#8211; Die Haut erscheint frischer, strahlender und jugendlicher<\/p>\n<p><strong>Cream Extraordinary<\/strong><br \/>\n&#8211; F\u00f6rdert die Collagensynthese<br \/>\n&#8211; Regt die Mikrozirkulation an<br \/>\n&#8211; Wirkt zellstimulierend\/-verj\u00fcngend auf die Zellen<br \/>\n&#8211; Die enthaltenen Goldpartikel brechen das Licht, kaschieren so kleine Unebenheiten, F\u00e4ltchen und Schatten<br \/>\n&#8211; Gl\u00e4ttet und strafft das Hautrelief<br \/>\n&#8211; Die Haut erh\u00e4lt mehr Feuchtigkeit<br \/>\n&#8211; L\u00e4sst die Haut ausgeglichen, frisch und nat\u00fcrlich erscheinen<br \/>\n&#8211; Vermittelt ein seidiges Hautgef\u00fchl<\/p>\n<p><strong>Eye Cream Smooth 100<\/strong><br \/>\n&#8211; Festigt das zarte Gewebe der Augenpartie<br \/>\n&#8211; Verbessert die Mikrozirkulation<br \/>\n&#8211; L\u00e4sst die Augenpartie abschwellen<br \/>\n&#8211; Vermindert deutlich dunkle Augenringe<br \/>\n&#8211; Mindert die Muskelkontraktion, reduziert deutlich sichtbar die Mimikfalten<br \/>\n&#8211; Regt die Collagen- und Fibroblastenproduktion an<br \/>\n&#8211; Die zarte Haut der Augenpartie gewinnt sp\u00fcrbar an Elastizit\u00e4t und Geschmeidigkeit<br \/>\n&#8211; St\u00e4rkt die hauteigenen Schutzfunktionen<\/p>\n","protected":false},"excerpt":{"rendered":"<p><strong>Das perfekte Verw\u00f6hnerlebnis<\/strong><\/p>\n<p>Liquid Surgery Serum\u00ae &#8211; 50 ml<br \/>\nCream Extraordinary &#8211; 50 ml<br \/>\nEye Cream Smooth 100 &#8211; 15 ml<\/p>\n","protected":false},"featured_media":2191,"comment_status":"open","ping_status":"closed","template":"","meta":[],"product_brand":[40],"product_cat":[126],"product_tag":[155,163],"class_list":{"0":"post-2189","1":"product","2":"type-product","3":"status-publish","4":"has-post-thumbnail","6":"product_brand-mbr","7":"product_cat-specials-sets","8":"product_tag-anti-aging","9":"product_tag-spezialthemen","11":"first","12":"instock","13":"taxable","14":"shipping-taxable","15":"purchasable","16":"product-type-simple"},"_links":{"self":[{"href":"https:\/\/beyondskin.nura-kibris.com\/it\/wp-json\/wp\/v2\/product\/2189","targetHints":{"allow":["GET"]}}],"collection":[{"href":"https:\/\/beyondskin.nura-kibris.com\/it\/wp-json\/wp\/v2\/product"}],"about":[{"href":"https:\/\/beyondskin.nura-kibris.com\/it\/wp-json\/wp\/v2\/types\/product"}],"replies":[{"embeddable":true,"href":"https:\/\/beyondskin.nura-kibris.com\/it\/wp-json\/wp\/v2\/comments?post=2189"}],"wp:featuredmedia":[{"embeddable":true,"href":"https:\/\/beyondskin.nura-kibris.com\/it\/wp-json\/wp\/v2\/media\/2191"}],"wp:attachment":[{"href":"https:\/\/beyondskin.nura-kibris.com\/it\/wp-json\/wp\/v2\/media?parent=2189"}],"wp:term":[{"taxonomy":"product_brand","embeddable":true,"href":"https:\/\/beyondskin.nura-kibris.com\/it\/wp-json\/wp\/v2\/product_brand?post=2189"},{"taxonomy":"product_cat","embeddable":true,"href":"https:\/\/beyondskin.nura-kibris.com\/it\/wp-json\/wp\/v2\/product_cat?post=2189"},{"taxonomy":"product_tag","embeddable":true,"href":"https:\/\/beyondskin.nura-kibris.com\/it\/wp-json\/wp\/v2\/product_tag?post=2189"}],"curies":[{"name":"wp","href":"https:\/\/api.w.org\/{rel}","templated":true}]}}