{"id":2182,"date":"2025-06-12T12:56:17","date_gmt":"2025-06-12T12:56:17","guid":{"rendered":"https:\/\/beyond-skin.ch\/?post_type=product&#038;p=2182"},"modified":"2026-02-27T16:48:41","modified_gmt":"2026-02-27T14:48:41","slug":"face-box","status":"publish","type":"product","link":"https:\/\/beyondskin.nura-kibris.com\/it\/produkt\/face-box\/","title":{"rendered":"Face Box"},"content":{"rendered":"<p>Das perfekte Verw\u00f6hnerlebnis<br \/>\nLuxuspflege nach der gewohnten Pure Perfection 100 N\u00ae Qualit\u00e4t im attraktiven Set f\u00fcr ein \u201eperfectes\u201c Verw\u00f6hnerlebnis. Dieses intelligente Sch\u00f6nheitskonzept bietet f\u00fcr jeden die richtige L\u00f6sung. Die multiplen, ineinandergreifenden Wirkmechanismen garantieren bei unterschiedlichen Hauttypen, in h\u00f6chst unterschiedlichen Lebensphasen immer dieselben, optimalen Resultate.<\/p>\n<p><strong>Face Cream Smooth 100 <\/strong><br \/>\n&#8211; Erh\u00f6ht das Wasserbindeverm\u00f6gen der Haut<br \/>\n&#8211; Sch\u00fctzt gegen \u00e4u\u00dfere Einfl\u00fcsse<br \/>\n&#8211; Sch\u00fctzt und stimuliert das hauteigene Abwehr- und Immunsystem<br \/>\n&#8211; Hat einen verj\u00fcngenden Effekt auch auf Stammzellen<br \/>\n&#8211; Sorgt f\u00fcr bessere Zellqualit\u00e4t<br \/>\n&#8211; Stimuliert die Collagenproduktion<br \/>\n&#8211; Befeuchtet bis in die Tiefe der Haut<br \/>\n&#8211; Mindert die Muskelkontraktionen und reduziert so Linien und Falten<br \/>\n&#8211; Sch\u00fctzt, befeuchtet und gl\u00e4ttet sichtbar<\/p>\n<p><strong>Cream Mask Smooth 100 <\/strong><br \/>\n&#8211; Belebender, k\u00fchlender Frischekick<br \/>\n&#8211; Sorgt f\u00fcr Kurz- und Langzeitbefeuchtung<br \/>\n&#8211; Kr\u00e4ftigt und festigt das Hautgewebe, verbessert die Elastizit\u00e4t<br \/>\n&#8211; L\u00e4sst die Haut gesund, prall und frisch erscheinen<br \/>\n&#8211; Hat beruhigende und bes\u00e4nftigende Eigenschaften<br \/>\n&#8211; Verleiht eine samtweiche, seidige Hautoberfl\u00e4che<\/p>\n<p><strong>Eye Cream Smooth 100<\/strong><br \/>\n&#8211; Festigt das zarte Gewebe der Augenpartie<br \/>\n&#8211; Verbessert die Mikrozirkulation<br \/>\n&#8211; L\u00e4sst die Augenpartie abschwellen<br \/>\n&#8211; Vermindert deutlich dunkle Augenringe<br \/>\n&#8211; Mindert die Muskelkontraktion, reduziert deutlich sichtbar die Mimikfalten<br \/>\n&#8211; Regt die Collagen- und Fibroblastenproduktion an<br \/>\n&#8211; Die zarte Haut der Augenpartie gewinnt sp\u00fcrbar an Elastizit\u00e4t und Geschmeidigkeit<br \/>\n&#8211; St\u00e4rkt die hauteigenen Schutzfunktionen<\/p>\n","protected":false},"excerpt":{"rendered":"<p><strong>Das perfekte Verw\u00f6hnerlebnis<\/strong><\/p>\n<p>Face Cream Smooth 100 &#8211; 50 ml<br \/>\nCream Mask Smooth 100 &#8211; 30 ml<br \/>\nEye Cream Smooth 100 &#8211; 15 ml<\/p>\n","protected":false},"featured_media":2183,"comment_status":"open","ping_status":"closed","template":"","meta":[],"product_brand":[40],"product_cat":[126],"product_tag":[155,163],"class_list":{"0":"post-2182","1":"product","2":"type-product","3":"status-publish","4":"has-post-thumbnail","6":"product_brand-mbr","7":"product_cat-specials-sets","8":"product_tag-anti-aging","9":"product_tag-spezialthemen","11":"first","12":"instock","13":"taxable","14":"shipping-taxable","15":"purchasable","16":"product-type-simple"},"_links":{"self":[{"href":"https:\/\/beyondskin.nura-kibris.com\/it\/wp-json\/wp\/v2\/product\/2182","targetHints":{"allow":["GET"]}}],"collection":[{"href":"https:\/\/beyondskin.nura-kibris.com\/it\/wp-json\/wp\/v2\/product"}],"about":[{"href":"https:\/\/beyondskin.nura-kibris.com\/it\/wp-json\/wp\/v2\/types\/product"}],"replies":[{"embeddable":true,"href":"https:\/\/beyondskin.nura-kibris.com\/it\/wp-json\/wp\/v2\/comments?post=2182"}],"wp:featuredmedia":[{"embeddable":true,"href":"https:\/\/beyondskin.nura-kibris.com\/it\/wp-json\/wp\/v2\/media\/2183"}],"wp:attachment":[{"href":"https:\/\/beyondskin.nura-kibris.com\/it\/wp-json\/wp\/v2\/media?parent=2182"}],"wp:term":[{"taxonomy":"product_brand","embeddable":true,"href":"https:\/\/beyondskin.nura-kibris.com\/it\/wp-json\/wp\/v2\/product_brand?post=2182"},{"taxonomy":"product_cat","embeddable":true,"href":"https:\/\/beyondskin.nura-kibris.com\/it\/wp-json\/wp\/v2\/product_cat?post=2182"},{"taxonomy":"product_tag","embeddable":true,"href":"https:\/\/beyondskin.nura-kibris.com\/it\/wp-json\/wp\/v2\/product_tag?post=2182"}],"curies":[{"name":"wp","href":"https:\/\/api.w.org\/{rel}","templated":true}]}}