{"id":2176,"date":"2025-06-12T12:37:47","date_gmt":"2025-06-12T12:37:47","guid":{"rendered":"https:\/\/beyond-skin.ch\/?post_type=product&#038;p=2176"},"modified":"2026-02-27T16:40:01","modified_gmt":"2026-02-27T14:40:01","slug":"travel-set-beta-enzyme-normalizing-lipid-sebum-care-skin-sealer-protection-shield","status":"publish","type":"product","link":"https:\/\/beyondskin.nura-kibris.com\/it\/produkt\/travel-set-beta-enzyme-normalizing-lipid-sebum-care-skin-sealer-protection-shield\/","title":{"rendered":"Travel Set \u2022 Beta Enzyme &#8211; Normalizing Lipid &#038; Sebum Care &#8211; Skin Sealer Protection Shield"},"content":{"rendered":"<p>Die optimale Verpackungsgr\u00f6\u00dfe f\u00fcr alle, die auch unterwegs ihr komplettes MBR\u00ae Pflegeprogramm nicht vermissen m\u00f6chten. Die handliche und robuste Verpackung erm\u00f6glicht eine unkomplizierte und praktische Handhabung im Urlaub und auf Reisen.<\/p>\n<p><strong>Beta Enzyme<\/strong><br \/>\nEin effizientes Pflegegel auf der Basis milder Hydroxys\u00e4uren in Kombination mit einem Papain Enzym Komplex zur gezielten Verfeinerung der Hautstruktur und langanhaltender Befeuchtung.<\/p>\n<p>&#8211; Tiefenwirksame L\u00f6sung von Verhornungen<br \/>\n&#8211; L\u00f6st Talg- und Lipidablagerungen<br \/>\n&#8211; Aktiviert die Hauterneuerung<br \/>\n&#8211; Optimiert die Aufnahmef\u00e4higkeit nachfolgender Produkte<br \/>\n&#8211; Die Haut sieht ebenm\u00e4\u00dfiger, strahlender und klarer aus<\/p>\n<p><strong>Normalizing Lipid &amp; Sebum Care<\/strong><br \/>\nIntensives Wirkstoffprodukt mit Langzeitwirkung f\u00fcr die Misch- und fettige Haut, die zu Jugendakne neigt sowie bei Altersakne.<\/p>\n<p>&#8211; Kontrolliert und optimiert die Lipidproduktion der Haut<br \/>\n&#8211; Normalisiert die Talgdr\u00fcsent\u00e4tigkeit<br \/>\n&#8211; Wirkt antibakteriell, entz\u00fcndungsmildernd und beruhigend<br \/>\n&#8211; Verbessert die Widerstandskraft der Haut<br \/>\n&#8211; Pflegt intensiv, befeuchtet und l\u00e4sst die Haut ausgeglichen und entspannt aussehen<\/p>\n<p><strong>Skin Sealer Protection Shield<\/strong><br \/>\nReichhaltiges Wirkstoffprodukt mit f\u00fchlbaren Gl\u00e4ttungs- und Pflegeeigenschaften.<\/p>\n<p>&#8211; Gleicht Hauttrockenheit aus<br \/>\n&#8211; Optimiert das Wasserbindeverm\u00f6gen der Haut<br \/>\n&#8211; Sch\u00fctzt die hauteigenen Stammzellen<br \/>\n&#8211; Verbessert die Oberfl\u00e4chenstruktur der Haut<br \/>\n&#8211; Erh\u00f6ht die Widerstandskraft der Haut<br \/>\n&#8211; Unterst\u00fctzt die hauteigenen Erneuerungsvorg\u00e4nge<br \/>\n&#8211; Macht die Haut sp\u00fcrbar glatter, elastischer und geschmeidiger<\/p>\n<p>3 x 30 ml<\/p>\n","protected":false},"excerpt":{"rendered":"<p><strong>Die idealen Reisebegleiter<\/strong><\/p>\n<p>Beta Enzyme<\/p>\n<p>Normalizing Lipid &amp; Sebum Care<\/p>\n<p>Skin Sealer Protection Shield<\/p>\n","protected":false},"featured_media":2177,"comment_status":"open","ping_status":"closed","template":"","meta":[],"product_brand":[40],"product_cat":[126],"product_tag":[159],"class_list":{"0":"post-2176","1":"product","2":"type-product","3":"status-publish","4":"has-post-thumbnail","6":"product_brand-mbr","7":"product_cat-specials-sets","8":"product_tag-akne-unreine-haut-poren","10":"first","11":"instock","12":"taxable","13":"shipping-taxable","14":"purchasable","15":"product-type-simple"},"_links":{"self":[{"href":"https:\/\/beyondskin.nura-kibris.com\/it\/wp-json\/wp\/v2\/product\/2176","targetHints":{"allow":["GET"]}}],"collection":[{"href":"https:\/\/beyondskin.nura-kibris.com\/it\/wp-json\/wp\/v2\/product"}],"about":[{"href":"https:\/\/beyondskin.nura-kibris.com\/it\/wp-json\/wp\/v2\/types\/product"}],"replies":[{"embeddable":true,"href":"https:\/\/beyondskin.nura-kibris.com\/it\/wp-json\/wp\/v2\/comments?post=2176"}],"wp:featuredmedia":[{"embeddable":true,"href":"https:\/\/beyondskin.nura-kibris.com\/it\/wp-json\/wp\/v2\/media\/2177"}],"wp:attachment":[{"href":"https:\/\/beyondskin.nura-kibris.com\/it\/wp-json\/wp\/v2\/media?parent=2176"}],"wp:term":[{"taxonomy":"product_brand","embeddable":true,"href":"https:\/\/beyondskin.nura-kibris.com\/it\/wp-json\/wp\/v2\/product_brand?post=2176"},{"taxonomy":"product_cat","embeddable":true,"href":"https:\/\/beyondskin.nura-kibris.com\/it\/wp-json\/wp\/v2\/product_cat?post=2176"},{"taxonomy":"product_tag","embeddable":true,"href":"https:\/\/beyondskin.nura-kibris.com\/it\/wp-json\/wp\/v2\/product_tag?post=2176"}],"curies":[{"name":"wp","href":"https:\/\/api.w.org\/{rel}","templated":true}]}}