{"id":2163,"date":"2025-06-12T12:06:41","date_gmt":"2025-06-12T12:06:41","guid":{"rendered":"https:\/\/beyond-skin.ch\/?post_type=product&#038;p=2163"},"modified":"2026-02-26T15:33:34","modified_gmt":"2026-02-26T13:33:34","slug":"lor-pure-gold-soap","status":"publish","type":"product","link":"https:\/\/beyondskin.nura-kibris.com\/it\/produkt\/lor-pure-gold-soap\/","title":{"rendered":"l\u00b4OR PURE GOLD Soap"},"content":{"rendered":"<p>Eine einzigartige Luxus-Seife in exklusiver Auflage f\u00fcr k\u00f6rperliches und seelisches Wohlbefinden. Durch die nat\u00fcrlichen Eigenschaften von hochwertigen, rein pflanzlichen Inhaltsstoffen in Kombination mit dem sinnlich-verlockenden Duft wird die Pflege-Routine zum puren Luxus. Die cremige Textur entwickelt einen seidigen Schaum mit hautfreundlichem pH-Wert von ca. 8.<\/p>\n<p>&#8211; Reinigt gr\u00fcndlich und hinterl\u00e4sst ein frisches Gef\u00fchl<br \/>\n&#8211; Verleiht der Haut Geschmeidigkeit<br \/>\n&#8211; Hochwertige Rohstoffe aus kontrolliertem, nachhaltigem Anbau<br \/>\n&#8211; Jedes Seifenst\u00fcck ein einzigartiges Unikat<\/p>\n<p>Hauptwirkstoffe: Zitrusfr\u00fcchte, Apfel, Pfirsich, Jasmin, Lavendel, Lavandin, gr\u00fcne Noten, Amber, Zedernholz, Moschus, Patchouli, Vanille<\/p>\n<p>120 g<\/p>\n","protected":false},"excerpt":{"rendered":"<p><strong>Seifenerlebnis mit dem Duft von l\u00b4OR<\/strong><\/p>\n","protected":false},"featured_media":2164,"comment_status":"open","ping_status":"closed","template":"","meta":[],"product_brand":[40],"product_cat":[127,114],"product_tag":[171],"class_list":{"0":"post-2163","1":"product","2":"type-product","3":"status-publish","4":"has-post-thumbnail","6":"product_brand-mbr","7":"product_cat-duefte-seifen","8":"product_cat-reinigungen","9":"product_tag-duefte-aromen-seifen","11":"first","12":"instock","13":"taxable","14":"shipping-taxable","15":"purchasable","16":"product-type-simple"},"_links":{"self":[{"href":"https:\/\/beyondskin.nura-kibris.com\/it\/wp-json\/wp\/v2\/product\/2163","targetHints":{"allow":["GET"]}}],"collection":[{"href":"https:\/\/beyondskin.nura-kibris.com\/it\/wp-json\/wp\/v2\/product"}],"about":[{"href":"https:\/\/beyondskin.nura-kibris.com\/it\/wp-json\/wp\/v2\/types\/product"}],"replies":[{"embeddable":true,"href":"https:\/\/beyondskin.nura-kibris.com\/it\/wp-json\/wp\/v2\/comments?post=2163"}],"wp:featuredmedia":[{"embeddable":true,"href":"https:\/\/beyondskin.nura-kibris.com\/it\/wp-json\/wp\/v2\/media\/2164"}],"wp:attachment":[{"href":"https:\/\/beyondskin.nura-kibris.com\/it\/wp-json\/wp\/v2\/media?parent=2163"}],"wp:term":[{"taxonomy":"product_brand","embeddable":true,"href":"https:\/\/beyondskin.nura-kibris.com\/it\/wp-json\/wp\/v2\/product_brand?post=2163"},{"taxonomy":"product_cat","embeddable":true,"href":"https:\/\/beyondskin.nura-kibris.com\/it\/wp-json\/wp\/v2\/product_cat?post=2163"},{"taxonomy":"product_tag","embeddable":true,"href":"https:\/\/beyondskin.nura-kibris.com\/it\/wp-json\/wp\/v2\/product_tag?post=2163"}],"curies":[{"name":"wp","href":"https:\/\/api.w.org\/{rel}","templated":true}]}}