{"id":2160,"date":"2025-06-12T11:57:49","date_gmt":"2025-06-12T11:57:49","guid":{"rendered":"https:\/\/beyond-skin.ch\/?post_type=product&#038;p=2160"},"modified":"2026-02-26T15:33:27","modified_gmt":"2026-02-26T13:33:27","slug":"green-white-soap","status":"publish","type":"product","link":"https:\/\/beyondskin.nura-kibris.com\/it\/produkt\/green-white-soap\/","title":{"rendered":"Green &#038; White Soap"},"content":{"rendered":"<p>Eine luxuri\u00f6se K\u00f6rperseife mit dem sinnlich-fruchtigen Duft von \u201eGreen &amp; White\u201c f\u00fcr die t\u00e4gliche Duschroutine. Dank der praktischen Baumwoll-Kordel eignet sich die Seife hervorragend zum Aufh\u00e4ngen.<\/p>\n<p>&#8211; Reinigt die Haut schonend und hinterl\u00e4sst nach dem Duschen ein langanhaltendes Wohlgef\u00fchl<br \/>\n&#8211; Schenkt der Haut intensive Feuchtigkeit<br \/>\n&#8211; Hautfreundlicher pH-Wert von ca. 8<br \/>\n&#8211; Bereitet die Haut auf die nachfolgenden Pflegeprodukte vor<\/p>\n<p>Hauptwirkstoffe: Mandarine, Zitrone, Apfel, Mango, Geranie, Orangenbl\u00fcte, wei\u00dfer Tee, Maigl\u00f6ckchen, weisser Moschus, Amber<\/p>\n<p>250 g<\/p>\n","protected":false},"excerpt":{"rendered":"<p><strong>Der Duft der Pflege f\u00fcr den K\u00f6rper<\/strong><\/p>\n","protected":false},"featured_media":2161,"comment_status":"open","ping_status":"closed","template":"","meta":[],"product_brand":[40],"product_cat":[127,122,114],"product_tag":[171],"class_list":{"0":"post-2160","1":"product","2":"type-product","3":"status-publish","4":"has-post-thumbnail","6":"product_brand-mbr","7":"product_cat-duefte-seifen","8":"product_cat-koerperpflege","9":"product_cat-reinigungen","10":"product_tag-duefte-aromen-seifen","12":"first","13":"instock","14":"taxable","15":"shipping-taxable","16":"purchasable","17":"product-type-simple"},"_links":{"self":[{"href":"https:\/\/beyondskin.nura-kibris.com\/it\/wp-json\/wp\/v2\/product\/2160","targetHints":{"allow":["GET"]}}],"collection":[{"href":"https:\/\/beyondskin.nura-kibris.com\/it\/wp-json\/wp\/v2\/product"}],"about":[{"href":"https:\/\/beyondskin.nura-kibris.com\/it\/wp-json\/wp\/v2\/types\/product"}],"replies":[{"embeddable":true,"href":"https:\/\/beyondskin.nura-kibris.com\/it\/wp-json\/wp\/v2\/comments?post=2160"}],"wp:featuredmedia":[{"embeddable":true,"href":"https:\/\/beyondskin.nura-kibris.com\/it\/wp-json\/wp\/v2\/media\/2161"}],"wp:attachment":[{"href":"https:\/\/beyondskin.nura-kibris.com\/it\/wp-json\/wp\/v2\/media?parent=2160"}],"wp:term":[{"taxonomy":"product_brand","embeddable":true,"href":"https:\/\/beyondskin.nura-kibris.com\/it\/wp-json\/wp\/v2\/product_brand?post=2160"},{"taxonomy":"product_cat","embeddable":true,"href":"https:\/\/beyondskin.nura-kibris.com\/it\/wp-json\/wp\/v2\/product_cat?post=2160"},{"taxonomy":"product_tag","embeddable":true,"href":"https:\/\/beyondskin.nura-kibris.com\/it\/wp-json\/wp\/v2\/product_tag?post=2160"}],"curies":[{"name":"wp","href":"https:\/\/api.w.org\/{rel}","templated":true}]}}