{"id":2152,"date":"2025-06-12T11:34:30","date_gmt":"2025-06-12T11:34:30","guid":{"rendered":"https:\/\/beyond-skin.ch\/?post_type=product&#038;p=2152"},"modified":"2026-02-27T16:19:57","modified_gmt":"2026-02-27T14:19:57","slug":"green-white","status":"publish","type":"product","link":"https:\/\/beyondskin.nura-kibris.com\/it\/produkt\/green-white\/","title":{"rendered":"GREEN &#038; WHITE"},"content":{"rendered":"<p>Die Komposition<br \/>\nDas perfekt aufeinander abgestimmte Zusammenspiel von blumigfruchtigen und w\u00fcrzig-sinnlichen Charakteren schafft eine feine, leichte Aura, die vollkommen, bestechend klar und authentisch ist. Unbeschwert und rein verhelfen die ausgesuchten, wertvollen Essenzen zu neuer Frische, Leichtigkeit und einem v\u00f6llig neuen K\u00f6rpergef\u00fchl.<\/p>\n<p>Duftnote<br \/>\n&#8211; Kopfnote: Mandarine, Zitrone, Apfel, Mango<br \/>\n&#8211; Herznote: Geranie, Orangenbl\u00fcte, wei\u00dfer Tee, Maigl\u00f6ckchen<br \/>\n&#8211; Basisnote: wei\u00dfer Moschus, Amber<\/p>\n<p>100 ml<\/p>\n","protected":false},"excerpt":{"rendered":"<p><strong>Frische Leichtigkeit, umschmeichelnde Pr\u00e4senz<\/strong><\/p>\n","protected":false},"featured_media":2153,"comment_status":"open","ping_status":"closed","template":"","meta":[],"product_brand":[40],"product_cat":[127,122],"product_tag":[171],"class_list":{"0":"post-2152","1":"product","2":"type-product","3":"status-publish","4":"has-post-thumbnail","6":"product_brand-mbr","7":"product_cat-duefte-seifen","8":"product_cat-koerperpflege","9":"product_tag-duefte-aromen-seifen","11":"first","12":"instock","13":"taxable","14":"shipping-taxable","15":"purchasable","16":"product-type-simple"},"_links":{"self":[{"href":"https:\/\/beyondskin.nura-kibris.com\/it\/wp-json\/wp\/v2\/product\/2152","targetHints":{"allow":["GET"]}}],"collection":[{"href":"https:\/\/beyondskin.nura-kibris.com\/it\/wp-json\/wp\/v2\/product"}],"about":[{"href":"https:\/\/beyondskin.nura-kibris.com\/it\/wp-json\/wp\/v2\/types\/product"}],"replies":[{"embeddable":true,"href":"https:\/\/beyondskin.nura-kibris.com\/it\/wp-json\/wp\/v2\/comments?post=2152"}],"wp:featuredmedia":[{"embeddable":true,"href":"https:\/\/beyondskin.nura-kibris.com\/it\/wp-json\/wp\/v2\/media\/2153"}],"wp:attachment":[{"href":"https:\/\/beyondskin.nura-kibris.com\/it\/wp-json\/wp\/v2\/media?parent=2152"}],"wp:term":[{"taxonomy":"product_brand","embeddable":true,"href":"https:\/\/beyondskin.nura-kibris.com\/it\/wp-json\/wp\/v2\/product_brand?post=2152"},{"taxonomy":"product_cat","embeddable":true,"href":"https:\/\/beyondskin.nura-kibris.com\/it\/wp-json\/wp\/v2\/product_cat?post=2152"},{"taxonomy":"product_tag","embeddable":true,"href":"https:\/\/beyondskin.nura-kibris.com\/it\/wp-json\/wp\/v2\/product_tag?post=2152"}],"curies":[{"name":"wp","href":"https:\/\/api.w.org\/{rel}","templated":true}]}}