{"id":2149,"date":"2025-06-12T11:27:13","date_gmt":"2025-06-12T11:27:13","guid":{"rendered":"https:\/\/beyond-skin.ch\/?post_type=product&#038;p=2149"},"modified":"2026-02-26T15:33:01","modified_gmt":"2026-02-26T13:33:01","slug":"fun-sun-edp","status":"publish","type":"product","link":"https:\/\/beyondskin.nura-kibris.com\/it\/produkt\/fun-sun-edp\/","title":{"rendered":"FUN &#038; SUN EdP"},"content":{"rendered":"<p>Die Komposition<br \/>\nLeichtf\u00fc\u00dfig spaziert dieser Duft durch den fruchtigen Auftakt aus Mandarine, Blutorange und Wassermelone und verspr\u00fcht Lebensfreude. Das fruchtig-blumige Herz des Duftes verst\u00e4rkt den freudigen Anlass und wird in der Basis durch zarte Moschus- und Sandelholz-Akkorde unterst\u00fctzt, um ein Gef\u00fchl von unb\u00e4ndiger Freude an einem endlosen Sommertag zu schaffen \u2013 Fun &amp; Sun.<\/p>\n<p>Duftnote<br \/>\n&#8211; Kopfnote: Mandarine, Blutorange, Wassermelone<br \/>\n&#8211; Herznote: Apfel, Aprikose, Rose, Freesie<br \/>\n&#8211; Basisnote: Moschus, Sandelholz, Vanille<\/p>\n<p>50 ml<\/p>\n","protected":false},"excerpt":{"rendered":"<p><strong>Schenkt uns exotisches Ferienfeeling und Sonne im Herzen<\/strong><\/p>\n","protected":false},"featured_media":2150,"comment_status":"open","ping_status":"closed","template":"","meta":[],"product_brand":[40],"product_cat":[127,125],"product_tag":[171],"class_list":{"0":"post-2149","1":"product","2":"type-product","3":"status-publish","4":"has-post-thumbnail","6":"product_brand-mbr","7":"product_cat-duefte-seifen","8":"product_cat-sonnenschutz","9":"product_tag-duefte-aromen-seifen","11":"first","12":"instock","13":"taxable","14":"shipping-taxable","15":"purchasable","16":"product-type-simple"},"_links":{"self":[{"href":"https:\/\/beyondskin.nura-kibris.com\/it\/wp-json\/wp\/v2\/product\/2149","targetHints":{"allow":["GET"]}}],"collection":[{"href":"https:\/\/beyondskin.nura-kibris.com\/it\/wp-json\/wp\/v2\/product"}],"about":[{"href":"https:\/\/beyondskin.nura-kibris.com\/it\/wp-json\/wp\/v2\/types\/product"}],"replies":[{"embeddable":true,"href":"https:\/\/beyondskin.nura-kibris.com\/it\/wp-json\/wp\/v2\/comments?post=2149"}],"wp:featuredmedia":[{"embeddable":true,"href":"https:\/\/beyondskin.nura-kibris.com\/it\/wp-json\/wp\/v2\/media\/2150"}],"wp:attachment":[{"href":"https:\/\/beyondskin.nura-kibris.com\/it\/wp-json\/wp\/v2\/media?parent=2149"}],"wp:term":[{"taxonomy":"product_brand","embeddable":true,"href":"https:\/\/beyondskin.nura-kibris.com\/it\/wp-json\/wp\/v2\/product_brand?post=2149"},{"taxonomy":"product_cat","embeddable":true,"href":"https:\/\/beyondskin.nura-kibris.com\/it\/wp-json\/wp\/v2\/product_cat?post=2149"},{"taxonomy":"product_tag","embeddable":true,"href":"https:\/\/beyondskin.nura-kibris.com\/it\/wp-json\/wp\/v2\/product_tag?post=2149"}],"curies":[{"name":"wp","href":"https:\/\/api.w.org\/{rel}","templated":true}]}}