{"id":2143,"date":"2025-06-12T11:19:47","date_gmt":"2025-06-12T11:19:47","guid":{"rendered":"https:\/\/beyond-skin.ch\/?post_type=product&#038;p=2143"},"modified":"2026-02-26T15:32:40","modified_gmt":"2026-02-26T13:32:40","slug":"harmony-balance-edp","status":"publish","type":"product","link":"https:\/\/beyondskin.nura-kibris.com\/it\/produkt\/harmony-balance-edp\/","title":{"rendered":"HARMONY &#038; BALANCE EdP"},"content":{"rendered":"<p>Die Komposition<br \/>\nZeitlose und moderne Eleganz sind die Begleiter dieser vollendeten und opulenten Duftkomposition, die den Rosenakkord ins Zentrum des Geschehens r\u00fcckt. Die leuchtende Kopfnote aus Pfirsich und wei\u00dfem Pfeffer leitet ein reichhaltiges, rosiges Bouquet ein, das aus einer \u00fcberw\u00e4ltigenden<br \/>\nKombination der t\u00fcrkischen Rose und der Pfingstrose besteht. Wei\u00dfer Moschus, Amber und Zedernholz verleihen diesem Duft an der Basis des Geschehens pure Harmonie und Ausgeglichenheit \u2013 Harmony &amp; Balance.<\/p>\n<p>Duftnote<br \/>\n&#8211; Kopfnote: Pfirsich, wei\u00dfer Pfeffer<br \/>\n&#8211; Herznote: Rose, Pfingstrose<br \/>\n&#8211; Basisnote: wei\u00dfer Moschus, Zedernholz, Amber<\/p>\n<p>50 ml<\/p>\n","protected":false},"excerpt":{"rendered":"<p><strong>Schmeichelt sich sanft in die Aura<\/strong><\/p>\n","protected":false},"featured_media":2144,"comment_status":"open","ping_status":"closed","template":"","meta":[],"product_brand":[40],"product_cat":[127],"product_tag":[171],"class_list":{"0":"post-2143","1":"product","2":"type-product","3":"status-publish","4":"has-post-thumbnail","6":"product_brand-mbr","7":"product_cat-duefte-seifen","8":"product_tag-duefte-aromen-seifen","10":"first","11":"instock","12":"taxable","13":"shipping-taxable","14":"purchasable","15":"product-type-simple"},"_links":{"self":[{"href":"https:\/\/beyondskin.nura-kibris.com\/it\/wp-json\/wp\/v2\/product\/2143","targetHints":{"allow":["GET"]}}],"collection":[{"href":"https:\/\/beyondskin.nura-kibris.com\/it\/wp-json\/wp\/v2\/product"}],"about":[{"href":"https:\/\/beyondskin.nura-kibris.com\/it\/wp-json\/wp\/v2\/types\/product"}],"replies":[{"embeddable":true,"href":"https:\/\/beyondskin.nura-kibris.com\/it\/wp-json\/wp\/v2\/comments?post=2143"}],"wp:featuredmedia":[{"embeddable":true,"href":"https:\/\/beyondskin.nura-kibris.com\/it\/wp-json\/wp\/v2\/media\/2144"}],"wp:attachment":[{"href":"https:\/\/beyondskin.nura-kibris.com\/it\/wp-json\/wp\/v2\/media?parent=2143"}],"wp:term":[{"taxonomy":"product_brand","embeddable":true,"href":"https:\/\/beyondskin.nura-kibris.com\/it\/wp-json\/wp\/v2\/product_brand?post=2143"},{"taxonomy":"product_cat","embeddable":true,"href":"https:\/\/beyondskin.nura-kibris.com\/it\/wp-json\/wp\/v2\/product_cat?post=2143"},{"taxonomy":"product_tag","embeddable":true,"href":"https:\/\/beyondskin.nura-kibris.com\/it\/wp-json\/wp\/v2\/product_tag?post=2143"}],"curies":[{"name":"wp","href":"https:\/\/api.w.org\/{rel}","templated":true}]}}