{"id":2139,"date":"2025-06-12T10:30:28","date_gmt":"2025-06-12T10:30:28","guid":{"rendered":"https:\/\/beyond-skin.ch\/?post_type=product&#038;p=2139"},"modified":"2026-02-26T15:32:17","modified_gmt":"2026-02-26T13:32:17","slug":"after-sun-cream-mask","status":"publish","type":"product","link":"https:\/\/beyondskin.nura-kibris.com\/it\/produkt\/after-sun-cream-mask\/","title":{"rendered":"After SUN Cream Mask"},"content":{"rendered":"<p>K\u00fchlende Gesichtscrememaske f\u00fcr die beanspruchte Haut, die zu einem prallen und glatteren Aussehen f\u00fchrt.<\/p>\n<p>&#8211; Lindert die Hautreaktionen bei Sonnenbrand und nach dem Sonnenbaden<br \/>\n&#8211; Gleicht den Feuchtigkeitsgehalt der Haut aus<br \/>\n&#8211; Beruhigt gestresste Haut und gibt ihr ein entspanntes und seidiges Hautgef\u00fchl<br \/>\n&#8211; Mindert sonnenverursachte Linien und F\u00e4ltchen<br \/>\n&#8211; Eine gleichm\u00e4\u00dfige Br\u00e4une kann noch lange erhalten werden<\/p>\n<p>Hauptwirkstoffe: Unverseifbares der Sheabutter, Squalan, Macadamia\u00f6l, Vitamin E, Menthol, Inositol, Thalassine 2G, Panthenol, MultiMoist CLRTM, Hydrolite\u00ae 5<\/p>\n<p>100 ml<\/p>\n","protected":false},"excerpt":{"rendered":"<p><strong>Das Wohlf\u00fchlprogramm f\u00fcr sonnenstrapazierte Haut<\/strong><\/p>\n","protected":false},"featured_media":2140,"comment_status":"open","ping_status":"closed","template":"","meta":[],"product_brand":[40],"product_cat":[125,117],"product_tag":[170],"class_list":{"0":"post-2139","1":"product","2":"type-product","3":"status-publish","4":"has-post-thumbnail","6":"product_brand-mbr","7":"product_cat-sonnenschutz","8":"product_cat-masken","9":"product_tag-sichere-sonnengekuesste-haut","11":"first","12":"instock","13":"taxable","14":"shipping-taxable","15":"purchasable","16":"product-type-simple"},"_links":{"self":[{"href":"https:\/\/beyondskin.nura-kibris.com\/it\/wp-json\/wp\/v2\/product\/2139","targetHints":{"allow":["GET"]}}],"collection":[{"href":"https:\/\/beyondskin.nura-kibris.com\/it\/wp-json\/wp\/v2\/product"}],"about":[{"href":"https:\/\/beyondskin.nura-kibris.com\/it\/wp-json\/wp\/v2\/types\/product"}],"replies":[{"embeddable":true,"href":"https:\/\/beyondskin.nura-kibris.com\/it\/wp-json\/wp\/v2\/comments?post=2139"}],"wp:featuredmedia":[{"embeddable":true,"href":"https:\/\/beyondskin.nura-kibris.com\/it\/wp-json\/wp\/v2\/media\/2140"}],"wp:attachment":[{"href":"https:\/\/beyondskin.nura-kibris.com\/it\/wp-json\/wp\/v2\/media?parent=2139"}],"wp:term":[{"taxonomy":"product_brand","embeddable":true,"href":"https:\/\/beyondskin.nura-kibris.com\/it\/wp-json\/wp\/v2\/product_brand?post=2139"},{"taxonomy":"product_cat","embeddable":true,"href":"https:\/\/beyondskin.nura-kibris.com\/it\/wp-json\/wp\/v2\/product_cat?post=2139"},{"taxonomy":"product_tag","embeddable":true,"href":"https:\/\/beyondskin.nura-kibris.com\/it\/wp-json\/wp\/v2\/product_tag?post=2139"}],"curies":[{"name":"wp","href":"https:\/\/api.w.org\/{rel}","templated":true}]}}