{"id":2137,"date":"2025-06-12T10:27:57","date_gmt":"2025-06-12T10:27:57","guid":{"rendered":"https:\/\/beyond-skin.ch\/?post_type=product&#038;p=2137"},"modified":"2026-02-26T15:32:10","modified_gmt":"2026-02-26T13:32:10","slug":"after-sun-body","status":"publish","type":"product","link":"https:\/\/beyondskin.nura-kibris.com\/it\/produkt\/after-sun-body\/","title":{"rendered":"After SUN Body"},"content":{"rendered":"<p>Die intensiv pflegende K\u00f6rperlotion spendet der durch UV-Strahlung gestressten Haut lindernde K\u00fchle und f\u00f6rdert den Regenerationsprozess.<\/p>\n<p>&#8211; Beruhigende und pflegende Komponenten machen die gestresste Haut zart und geschmeidig<br \/>\n&#8211; Der Feuchtigkeitsverlust und Hautunebenheiten werden sanft ausgeglichen<br \/>\n&#8211; Irritierte K\u00f6rperpartien werden beruhigt<br \/>\n&#8211; Eine gleichm\u00e4\u00dfige, sch\u00f6ne Br\u00e4une kann so noch lange nach dem Urlaub erhalten werden<\/p>\n<p>Hauptwirkstoffe: Aloe Vera, Panthenol, S\u00fc\u00dfholzwurzelextrakt, Allantoin<\/p>\n<p>200 ml<\/p>\n","protected":false},"excerpt":{"rendered":"<p><strong>Der Feuchtigkeitsbalancer<\/strong><\/p>\n","protected":false},"featured_media":2138,"comment_status":"open","ping_status":"closed","template":"","meta":[],"product_brand":[40],"product_cat":[125],"product_tag":[170],"class_list":{"0":"post-2137","1":"product","2":"type-product","3":"status-publish","4":"has-post-thumbnail","6":"product_brand-mbr","7":"product_cat-sonnenschutz","8":"product_tag-sichere-sonnengekuesste-haut","10":"first","11":"instock","12":"taxable","13":"shipping-taxable","14":"purchasable","15":"product-type-simple"},"_links":{"self":[{"href":"https:\/\/beyondskin.nura-kibris.com\/it\/wp-json\/wp\/v2\/product\/2137","targetHints":{"allow":["GET"]}}],"collection":[{"href":"https:\/\/beyondskin.nura-kibris.com\/it\/wp-json\/wp\/v2\/product"}],"about":[{"href":"https:\/\/beyondskin.nura-kibris.com\/it\/wp-json\/wp\/v2\/types\/product"}],"replies":[{"embeddable":true,"href":"https:\/\/beyondskin.nura-kibris.com\/it\/wp-json\/wp\/v2\/comments?post=2137"}],"wp:featuredmedia":[{"embeddable":true,"href":"https:\/\/beyondskin.nura-kibris.com\/it\/wp-json\/wp\/v2\/media\/2138"}],"wp:attachment":[{"href":"https:\/\/beyondskin.nura-kibris.com\/it\/wp-json\/wp\/v2\/media?parent=2137"}],"wp:term":[{"taxonomy":"product_brand","embeddable":true,"href":"https:\/\/beyondskin.nura-kibris.com\/it\/wp-json\/wp\/v2\/product_brand?post=2137"},{"taxonomy":"product_cat","embeddable":true,"href":"https:\/\/beyondskin.nura-kibris.com\/it\/wp-json\/wp\/v2\/product_cat?post=2137"},{"taxonomy":"product_tag","embeddable":true,"href":"https:\/\/beyondskin.nura-kibris.com\/it\/wp-json\/wp\/v2\/product_tag?post=2137"}],"curies":[{"name":"wp","href":"https:\/\/api.w.org\/{rel}","templated":true}]}}