{"id":2131,"date":"2025-06-12T10:13:52","date_gmt":"2025-06-12T10:13:52","guid":{"rendered":"https:\/\/beyond-skin.ch\/?post_type=product&#038;p=2131"},"modified":"2026-02-26T15:31:49","modified_gmt":"2026-02-26T13:31:49","slug":"high-protection-body-lotion-spf-30","status":"publish","type":"product","link":"https:\/\/beyondskin.nura-kibris.com\/it\/produkt\/high-protection-body-lotion-spf-30\/","title":{"rendered":"High Protection Body Lotion SPF 30"},"content":{"rendered":"<p>Die zart schmelzende und gehaltvolle Sonnenlotion sch\u00fctzt, pflegt und regeneriert ungebr\u00e4unte, sonnenungewohnte Haut zuverl\u00e4ssig. Die leicht mattierende Lotion l\u00e4sst sich leicht verteilen und pflegt ohne zu fetten oder zu kleben. Das Ergebnis ist eine weiche, straffe und ideal gesch\u00fctzte Haut mit einer gleichm\u00e4\u00dfigen und gesunden Br\u00e4une.<\/p>\n<p>&#8211; Die leicht mattierende Lotion pflegt ohne zu fetten oder zu kleben. Dank des patentierten Twistlocksystems l\u00e4sst sie sich sauber entnehmen und leicht verteilen.<br \/>\n&#8211; Die innovative Produkttechnologie des MBR\u00ae UV-A\/UV-B PROTECTION SYSTEMS sorgt daf\u00fcr, dass die Haut vor Sonnenbrand und lichtbedingter Hautalterung, Falten und Pigmentflecken vor \u00fcberm\u00e4\u00dfiger Sonneneinstrahlung zuverl\u00e4ssig gesch\u00fctzt ist.<br \/>\n&#8211; Die ausgewogenen Komponenten des MBR\u00ae CARE\/REPAIR SYSTEMS versorgen die empfindlichen K\u00f6rperpartien intensiv mit der notwendigen Feuchtigkeit. Die Konturen werden gegl\u00e4ttet und bleiben elastisch.<br \/>\n&#8211; Mit dem intelligenten MBR\u00ae CELL DEFENSE SYSTEM wird der nat\u00fcrliche Immun- und Zellschutz aktiviert und das hauteigene Abwehrsystem stimuliert.<br \/>\n&#8211; Das Ergebnis ist eine weiche, straffe und ideal gesch\u00fctzte Haut mit einer gleichm\u00e4\u00dfigen und gesunden Br\u00e4une.<\/p>\n<p>Hauptwirkstoffe: Tinosorb\u00ae M, Parsol, Uvinul, Aloe Vera Blattsaft Pulver, Ectoin, Allantoin, D-Panthenol, Vitamin E, Jojoba\u00f6l, Cocos\u00f6l, Sojasamen\u00f6l<\/p>\n<p>200 ml<\/p>\n","protected":false},"excerpt":{"rendered":"<p><strong>Hoher Schutz f\u00fcr sonnenungewohnte Haut<\/strong><\/p>\n","protected":false},"featured_media":2132,"comment_status":"open","ping_status":"closed","template":"","meta":[],"product_brand":[40],"product_cat":[125],"product_tag":[170],"class_list":{"0":"post-2131","1":"product","2":"type-product","3":"status-publish","4":"has-post-thumbnail","6":"product_brand-mbr","7":"product_cat-sonnenschutz","8":"product_tag-sichere-sonnengekuesste-haut","10":"first","11":"instock","12":"taxable","13":"shipping-taxable","14":"purchasable","15":"product-type-simple"},"_links":{"self":[{"href":"https:\/\/beyondskin.nura-kibris.com\/it\/wp-json\/wp\/v2\/product\/2131","targetHints":{"allow":["GET"]}}],"collection":[{"href":"https:\/\/beyondskin.nura-kibris.com\/it\/wp-json\/wp\/v2\/product"}],"about":[{"href":"https:\/\/beyondskin.nura-kibris.com\/it\/wp-json\/wp\/v2\/types\/product"}],"replies":[{"embeddable":true,"href":"https:\/\/beyondskin.nura-kibris.com\/it\/wp-json\/wp\/v2\/comments?post=2131"}],"wp:featuredmedia":[{"embeddable":true,"href":"https:\/\/beyondskin.nura-kibris.com\/it\/wp-json\/wp\/v2\/media\/2132"}],"wp:attachment":[{"href":"https:\/\/beyondskin.nura-kibris.com\/it\/wp-json\/wp\/v2\/media?parent=2131"}],"wp:term":[{"taxonomy":"product_brand","embeddable":true,"href":"https:\/\/beyondskin.nura-kibris.com\/it\/wp-json\/wp\/v2\/product_brand?post=2131"},{"taxonomy":"product_cat","embeddable":true,"href":"https:\/\/beyondskin.nura-kibris.com\/it\/wp-json\/wp\/v2\/product_cat?post=2131"},{"taxonomy":"product_tag","embeddable":true,"href":"https:\/\/beyondskin.nura-kibris.com\/it\/wp-json\/wp\/v2\/product_tag?post=2131"}],"curies":[{"name":"wp","href":"https:\/\/api.w.org\/{rel}","templated":true}]}}