{"id":2115,"date":"2025-06-12T09:53:30","date_gmt":"2025-06-12T09:53:30","guid":{"rendered":"https:\/\/beyond-skin.ch\/?post_type=product&#038;p=2115"},"modified":"2026-02-19T18:06:48","modified_gmt":"2026-02-19T16:06:48","slug":"mild-deo-cream","status":"publish","type":"product","link":"https:\/\/beyondskin.nura-kibris.com\/it\/produkt\/mild-deo-cream\/","title":{"rendered":"Mild Deo Cream"},"content":{"rendered":"<p>Die effektive aber mild formulierte Deo Creme mit Antitranspirant-Effekt sorgt f\u00fcr langanhaltende K\u00f6rperfrische und verw\u00f6hnt mit dem exklusiven MBR\u00ae MEN Oleosome Duft.<\/p>\n<p>&#8211; Zieht sofort ein und hinterl\u00e4sst keine Spuren<br \/>\n&#8211; Besonders mild und hautvertr\u00e4glich, ohne Alkohol<br \/>\n&#8211; Pflegt die sensible Haut im Achselbereich<br \/>\n&#8211; Spendet sichere Frische den ganzen Tag<\/p>\n<p>Hauptwirkstoffe: Limnanthes Alba (Meadowfoam Seed Oil), Argan\u00f6l, K\u00fcstenkamille, Sym-Deompp, Antitranspirant, Fomblin<\/p>\n<p>50 ml<\/p>\n","protected":false},"excerpt":{"rendered":"<p><strong>Das leistungsstarke Antitranspirant<\/strong><\/p>\n","protected":false},"featured_media":2116,"comment_status":"open","ping_status":"closed","template":"","meta":[],"product_brand":[40],"product_cat":[122,124],"product_tag":[162],"class_list":{"0":"post-2115","1":"product","2":"type-product","3":"status-publish","4":"has-post-thumbnail","6":"product_brand-mbr","7":"product_cat-koerperpflege","8":"product_cat-maennerpflege","9":"product_tag-silhouette","11":"first","12":"instock","13":"taxable","14":"shipping-taxable","15":"purchasable","16":"product-type-simple"},"_links":{"self":[{"href":"https:\/\/beyondskin.nura-kibris.com\/it\/wp-json\/wp\/v2\/product\/2115","targetHints":{"allow":["GET"]}}],"collection":[{"href":"https:\/\/beyondskin.nura-kibris.com\/it\/wp-json\/wp\/v2\/product"}],"about":[{"href":"https:\/\/beyondskin.nura-kibris.com\/it\/wp-json\/wp\/v2\/types\/product"}],"replies":[{"embeddable":true,"href":"https:\/\/beyondskin.nura-kibris.com\/it\/wp-json\/wp\/v2\/comments?post=2115"}],"wp:featuredmedia":[{"embeddable":true,"href":"https:\/\/beyondskin.nura-kibris.com\/it\/wp-json\/wp\/v2\/media\/2116"}],"wp:attachment":[{"href":"https:\/\/beyondskin.nura-kibris.com\/it\/wp-json\/wp\/v2\/media?parent=2115"}],"wp:term":[{"taxonomy":"product_brand","embeddable":true,"href":"https:\/\/beyondskin.nura-kibris.com\/it\/wp-json\/wp\/v2\/product_brand?post=2115"},{"taxonomy":"product_cat","embeddable":true,"href":"https:\/\/beyondskin.nura-kibris.com\/it\/wp-json\/wp\/v2\/product_cat?post=2115"},{"taxonomy":"product_tag","embeddable":true,"href":"https:\/\/beyondskin.nura-kibris.com\/it\/wp-json\/wp\/v2\/product_tag?post=2115"}],"curies":[{"name":"wp","href":"https:\/\/api.w.org\/{rel}","templated":true}]}}