{"id":2113,"date":"2025-06-12T09:51:04","date_gmt":"2025-06-12T09:51:04","guid":{"rendered":"https:\/\/beyond-skin.ch\/?post_type=product&#038;p=2113"},"modified":"2026-02-19T18:06:36","modified_gmt":"2026-02-19T16:06:36","slug":"hand-body","status":"publish","type":"product","link":"https:\/\/beyondskin.nura-kibris.com\/it\/produkt\/hand-body\/","title":{"rendered":"Hand &#038; Body"},"content":{"rendered":"<p>Die multifunktionale M\u00e4nnerpflege f\u00fcr H\u00e4nde und K\u00f6rper \u2013 unvergleichlich leicht und dennoch intensiv pflegend mit subtilem, maskulinem Duftakzent!<\/p>\n<p>&#8211; Zieht sofort ein, ohne einen \u201eschweren\u201c Cremefilm zu hinterlassen<br \/>\n&#8211; Die Haut wird mit Feuchtigkeit versorgt<br \/>\n&#8211; Beanspruchte und irritierte Haut wirkt beruhigt und ausgeglichen<br \/>\n&#8211; Die dezente Fougere-Note verleiht eine frische, maskuline Ausstrahlung<\/p>\n<p>Hauptwirkstoffe: MBR\u00ae Hydromatrix mit Allantoin und Harnstoff, Pentavitin\u00ae, Inositol, K\u00fcstenkamille, Jojoba\u00f6l, Sheabutter, MBR\u00ae Dry Smooth Powder Complex<\/p>\n<p>200 ml<\/p>\n","protected":false},"excerpt":{"rendered":"<p><strong>Das unkomplizierte Allround-Talent<\/strong><\/p>\n","protected":false},"featured_media":2114,"comment_status":"open","ping_status":"closed","template":"","meta":[],"product_brand":[40],"product_cat":[122,124],"product_tag":[162,160],"class_list":{"0":"post-2113","1":"product","2":"type-product","3":"status-publish","4":"has-post-thumbnail","6":"product_brand-mbr","7":"product_cat-koerperpflege","8":"product_cat-maennerpflege","9":"product_tag-silhouette","10":"product_tag-trockene-haut","12":"first","13":"instock","14":"taxable","15":"shipping-taxable","16":"purchasable","17":"product-type-simple"},"_links":{"self":[{"href":"https:\/\/beyondskin.nura-kibris.com\/it\/wp-json\/wp\/v2\/product\/2113","targetHints":{"allow":["GET"]}}],"collection":[{"href":"https:\/\/beyondskin.nura-kibris.com\/it\/wp-json\/wp\/v2\/product"}],"about":[{"href":"https:\/\/beyondskin.nura-kibris.com\/it\/wp-json\/wp\/v2\/types\/product"}],"replies":[{"embeddable":true,"href":"https:\/\/beyondskin.nura-kibris.com\/it\/wp-json\/wp\/v2\/comments?post=2113"}],"wp:featuredmedia":[{"embeddable":true,"href":"https:\/\/beyondskin.nura-kibris.com\/it\/wp-json\/wp\/v2\/media\/2114"}],"wp:attachment":[{"href":"https:\/\/beyondskin.nura-kibris.com\/it\/wp-json\/wp\/v2\/media?parent=2113"}],"wp:term":[{"taxonomy":"product_brand","embeddable":true,"href":"https:\/\/beyondskin.nura-kibris.com\/it\/wp-json\/wp\/v2\/product_brand?post=2113"},{"taxonomy":"product_cat","embeddable":true,"href":"https:\/\/beyondskin.nura-kibris.com\/it\/wp-json\/wp\/v2\/product_cat?post=2113"},{"taxonomy":"product_tag","embeddable":true,"href":"https:\/\/beyondskin.nura-kibris.com\/it\/wp-json\/wp\/v2\/product_tag?post=2113"}],"curies":[{"name":"wp","href":"https:\/\/api.w.org\/{rel}","templated":true}]}}