{"id":2111,"date":"2025-06-12T09:46:42","date_gmt":"2025-06-12T09:46:42","guid":{"rendered":"https:\/\/beyond-skin.ch\/?post_type=product&#038;p=2111"},"modified":"2026-02-19T18:06:06","modified_gmt":"2026-02-19T16:06:06","slug":"shower-care","status":"publish","type":"product","link":"https:\/\/beyondskin.nura-kibris.com\/it\/produkt\/shower-care\/","title":{"rendered":"Shower &#038; Care"},"content":{"rendered":"<p>Das ergiebige und pH-hautneutrale Dusch- und Badegel mit speziellem Lipo-Pflegefaktor reinigt die Haut schonend und gr\u00fcndlich, erfrischt herrlich und verw\u00f6hnt mit dem exklusiven MBR\u00ae MEN Oleosome Duft.<\/p>\n<p>&#8211; Reinigt besonders mild<br \/>\n&#8211; Pflegt schon beim Duschen durch r\u00fcckfettende Lipide<br \/>\n&#8211; Steigert Energie und Vitalit\u00e4t<br \/>\n&#8211; Bringt die Haut ins Gleichgewicht<\/p>\n<p>Hauptwirkstoffe: Lamesoft\u00ae PO, Guargum-antistatisch, Pentavitin\u00ae, Centella Asiatica, S\u00fc\u00dfholzwurzelextrakt, K\u00fcstenkamille, Gr\u00fcner Tee, Rosmarin<\/p>\n<p>200 ml<\/p>\n","protected":false},"excerpt":{"rendered":"<p><strong>Die praktische Reinigung<\/strong><\/p>\n","protected":false},"featured_media":2112,"comment_status":"open","ping_status":"closed","template":"","meta":[],"product_brand":[40],"product_cat":[122,124],"product_tag":[162,163],"class_list":{"0":"post-2111","1":"product","2":"type-product","3":"status-publish","4":"has-post-thumbnail","6":"product_brand-mbr","7":"product_cat-koerperpflege","8":"product_cat-maennerpflege","9":"product_tag-silhouette","10":"product_tag-spezialthemen","12":"first","13":"instock","14":"taxable","15":"shipping-taxable","16":"purchasable","17":"product-type-simple"},"_links":{"self":[{"href":"https:\/\/beyondskin.nura-kibris.com\/it\/wp-json\/wp\/v2\/product\/2111","targetHints":{"allow":["GET"]}}],"collection":[{"href":"https:\/\/beyondskin.nura-kibris.com\/it\/wp-json\/wp\/v2\/product"}],"about":[{"href":"https:\/\/beyondskin.nura-kibris.com\/it\/wp-json\/wp\/v2\/types\/product"}],"replies":[{"embeddable":true,"href":"https:\/\/beyondskin.nura-kibris.com\/it\/wp-json\/wp\/v2\/comments?post=2111"}],"wp:featuredmedia":[{"embeddable":true,"href":"https:\/\/beyondskin.nura-kibris.com\/it\/wp-json\/wp\/v2\/media\/2112"}],"wp:attachment":[{"href":"https:\/\/beyondskin.nura-kibris.com\/it\/wp-json\/wp\/v2\/media?parent=2111"}],"wp:term":[{"taxonomy":"product_brand","embeddable":true,"href":"https:\/\/beyondskin.nura-kibris.com\/it\/wp-json\/wp\/v2\/product_brand?post=2111"},{"taxonomy":"product_cat","embeddable":true,"href":"https:\/\/beyondskin.nura-kibris.com\/it\/wp-json\/wp\/v2\/product_cat?post=2111"},{"taxonomy":"product_tag","embeddable":true,"href":"https:\/\/beyondskin.nura-kibris.com\/it\/wp-json\/wp\/v2\/product_tag?post=2111"}],"curies":[{"name":"wp","href":"https:\/\/api.w.org\/{rel}","templated":true}]}}