{"id":2099,"date":"2025-06-12T09:28:55","date_gmt":"2025-06-12T09:28:55","guid":{"rendered":"https:\/\/beyond-skin.ch\/?post_type=product&#038;p=2099"},"modified":"2026-02-19T18:02:05","modified_gmt":"2026-02-19T16:02:05","slug":"rich-cream","status":"publish","type":"product","link":"https:\/\/beyondskin.nura-kibris.com\/it\/produkt\/rich-cream\/","title":{"rendered":"Rich Cream"},"content":{"rendered":"<p>Reichhaltige, intensive 24-Stunden Gesichtscreme f\u00fcr trockene Haut \u2212 auch im Winter anzuwenden, wenn M\u00e4nnerhaut zus\u00e4tzliche Lipide ben\u00f6tigt. Diese sahnige Creme entspannt die Haut sofort, gleicht Mangelerscheinungen aus, st\u00e4rkt die Widerstandskraft der Haut, gibt der Haut Spannkraft und schafft dauerhaftes Wohlbefinden.<\/p>\n<p>&#8211; versorgt die Haut mit Lipiden und wirkt dem Austrocknen entgegen<br \/>\n&#8211; stimuliert die Collagensynthese und sorgt so f\u00fcr Gewebefestigkeit und Elastizit\u00e4t der Haut<br \/>\n&#8211; wirkt beruhigend, entz\u00fcndungshemmend<br \/>\n&#8211; verbessert sichtbar die Oberfl\u00e4chenstruktur der Haut<\/p>\n<p>Hauptwirkstoffe: Ceramide III, Sheabutter, Jojoba\u00f6l, Abyssinian Oil, Shambrilla\u00f6l, Vitamin E-Acetat, K\u00fcstenkamille, Cyclopeptide-5, CroNolineTM<\/p>\n<p>50 ml<\/p>\n","protected":false},"excerpt":{"rendered":"<p><strong>Das t\u00e4gliche Wohlgef\u00fchl<\/strong><\/p>\n","protected":false},"featured_media":2100,"comment_status":"open","ping_status":"closed","template":"","meta":[],"product_brand":[40],"product_cat":[119,124],"product_tag":[155,158],"class_list":{"0":"post-2099","1":"product","2":"type-product","3":"status-publish","4":"has-post-thumbnail","6":"product_brand-mbr","7":"product_cat-cremen","8":"product_cat-maennerpflege","9":"product_tag-anti-aging","10":"product_tag-pigmentierung","12":"first","13":"instock","14":"taxable","15":"shipping-taxable","16":"purchasable","17":"product-type-simple"},"_links":{"self":[{"href":"https:\/\/beyondskin.nura-kibris.com\/it\/wp-json\/wp\/v2\/product\/2099","targetHints":{"allow":["GET"]}}],"collection":[{"href":"https:\/\/beyondskin.nura-kibris.com\/it\/wp-json\/wp\/v2\/product"}],"about":[{"href":"https:\/\/beyondskin.nura-kibris.com\/it\/wp-json\/wp\/v2\/types\/product"}],"replies":[{"embeddable":true,"href":"https:\/\/beyondskin.nura-kibris.com\/it\/wp-json\/wp\/v2\/comments?post=2099"}],"wp:featuredmedia":[{"embeddable":true,"href":"https:\/\/beyondskin.nura-kibris.com\/it\/wp-json\/wp\/v2\/media\/2100"}],"wp:attachment":[{"href":"https:\/\/beyondskin.nura-kibris.com\/it\/wp-json\/wp\/v2\/media?parent=2099"}],"wp:term":[{"taxonomy":"product_brand","embeddable":true,"href":"https:\/\/beyondskin.nura-kibris.com\/it\/wp-json\/wp\/v2\/product_brand?post=2099"},{"taxonomy":"product_cat","embeddable":true,"href":"https:\/\/beyondskin.nura-kibris.com\/it\/wp-json\/wp\/v2\/product_cat?post=2099"},{"taxonomy":"product_tag","embeddable":true,"href":"https:\/\/beyondskin.nura-kibris.com\/it\/wp-json\/wp\/v2\/product_tag?post=2099"}],"curies":[{"name":"wp","href":"https:\/\/api.w.org\/{rel}","templated":true}]}}