{"id":2095,"date":"2025-06-12T09:19:03","date_gmt":"2025-06-12T09:19:03","guid":{"rendered":"https:\/\/beyond-skin.ch\/?post_type=product&#038;p=2095"},"modified":"2026-02-19T18:00:41","modified_gmt":"2026-02-19T16:00:41","slug":"face-concentrate","status":"publish","type":"product","link":"https:\/\/beyondskin.nura-kibris.com\/it\/produkt\/face-concentrate\/","title":{"rendered":"Face Concentrate"},"content":{"rendered":"<p>\u00d6lfreies Gel mit hochdosierten Wirkstoffen zur aktiven Gl\u00e4ttung und Elastizit\u00e4tsf\u00f6rderung der Haut. Ganz besonders dann, wenn M\u00e4nnerhaut intensive Pflege braucht, um ihre volle Widerstandskraft, jugendliche Elastizit\u00e4t und Spannkraft wiederzugewinnen.<\/p>\n<p>&#8211; Entspannt gezielt die Gesichtsz\u00fcge dank schneller Minderung der Mikrokontraktionen der Gesichtsmuskulatur<br \/>\n&#8211; Gl\u00e4ttet und reduziert Linien und F\u00e4ltchen<br \/>\n&#8211; Aktiviert die Hautelastizit\u00e4t und verbessert die Hautfestigkeit<br \/>\n&#8211; Wirkt beruhigend und ausgleichend<br \/>\n&#8211; Erh\u00f6ht das Feuchthalteverm\u00f6gen der Haut<\/p>\n<p>Hauptwirkstoffe: Gatuline\u00ae Expression, Hydrolite\u00ae 5, Hyalurons\u00e4ure, CroNolineTM, Pentavitin\u00ae, MultiEx BSASMTM<\/p>\n<p>50 ml<\/p>\n","protected":false},"excerpt":{"rendered":"<p><strong>Der aktive Kraftstoff<\/strong><\/p>\n","protected":false},"featured_media":2096,"comment_status":"open","ping_status":"closed","template":"","meta":[],"product_brand":[40],"product_cat":[124,118],"product_tag":[155,160],"class_list":{"0":"post-2095","1":"product","2":"type-product","3":"status-publish","4":"has-post-thumbnail","6":"product_brand-mbr","7":"product_cat-maennerpflege","8":"product_cat-seren","9":"product_tag-anti-aging","10":"product_tag-trockene-haut","12":"first","13":"instock","14":"taxable","15":"shipping-taxable","16":"purchasable","17":"product-type-simple"},"_links":{"self":[{"href":"https:\/\/beyondskin.nura-kibris.com\/it\/wp-json\/wp\/v2\/product\/2095","targetHints":{"allow":["GET"]}}],"collection":[{"href":"https:\/\/beyondskin.nura-kibris.com\/it\/wp-json\/wp\/v2\/product"}],"about":[{"href":"https:\/\/beyondskin.nura-kibris.com\/it\/wp-json\/wp\/v2\/types\/product"}],"replies":[{"embeddable":true,"href":"https:\/\/beyondskin.nura-kibris.com\/it\/wp-json\/wp\/v2\/comments?post=2095"}],"wp:featuredmedia":[{"embeddable":true,"href":"https:\/\/beyondskin.nura-kibris.com\/it\/wp-json\/wp\/v2\/media\/2096"}],"wp:attachment":[{"href":"https:\/\/beyondskin.nura-kibris.com\/it\/wp-json\/wp\/v2\/media?parent=2095"}],"wp:term":[{"taxonomy":"product_brand","embeddable":true,"href":"https:\/\/beyondskin.nura-kibris.com\/it\/wp-json\/wp\/v2\/product_brand?post=2095"},{"taxonomy":"product_cat","embeddable":true,"href":"https:\/\/beyondskin.nura-kibris.com\/it\/wp-json\/wp\/v2\/product_cat?post=2095"},{"taxonomy":"product_tag","embeddable":true,"href":"https:\/\/beyondskin.nura-kibris.com\/it\/wp-json\/wp\/v2\/product_tag?post=2095"}],"curies":[{"name":"wp","href":"https:\/\/api.w.org\/{rel}","templated":true}]}}