{"id":2091,"date":"2025-06-12T09:09:06","date_gmt":"2025-06-12T09:09:06","guid":{"rendered":"https:\/\/beyond-skin.ch\/?post_type=product&#038;p=2091"},"modified":"2026-02-19T17:54:42","modified_gmt":"2026-02-19T15:54:42","slug":"over-night-peeling","status":"publish","type":"product","link":"https:\/\/beyondskin.nura-kibris.com\/it\/produkt\/over-night-peeling\/","title":{"rendered":"Over Night Peeling"},"content":{"rendered":"<p>Ein Tiefenreinigungsprodukt f\u00fcr die robuste M\u00e4nnerhaut. Es lockert \u00fcbersch\u00fcssige Verhornungen und Talgablagerungen.<\/p>\n<p>&#8211; Unterst\u00fctzt die nat\u00fcrlichen Hautfunktionen<br \/>\n&#8211; Entfernt abgestorbene Hautzellen und Talgablagerungen<br \/>\n&#8211; Optimiert die hauteigene Barrierefunktion und erh\u00f6ht so die Widerstandskraft der Haut<br \/>\n&#8211; Regt die Mikrozirkulation an und wirkt zellstimulierend\/-verj\u00fcngend auf die Zellen<br \/>\n&#8211; Wirkt antioxidativ<br \/>\n&#8211; Pflegt die Haut optimal, verleiht ihr Geschmeidigkeit und ein angenehm weiches Hautgef\u00fchl<\/p>\n<p>Hauptwirkstoffe: Carnitin (L-Carnitin), Kalpariane\u00ae, Limnanthes Alba (Meadowfoam Seed Oil), Argan\u00f6l, Hyalurons\u00e4ure, K\u00fcstenkamille, Stearic Acid, Palmitic Acid, Citric Acid<\/p>\n<p>50 ml<\/p>\n","protected":false},"excerpt":{"rendered":"<p><strong>Das tiefenreinigende Frischeerlebnis<\/strong><\/p>\n","protected":false},"featured_media":2092,"comment_status":"open","ping_status":"closed","template":"","meta":[],"product_brand":[40],"product_cat":[124,115],"product_tag":[159,158],"class_list":{"0":"post-2091","1":"product","2":"type-product","3":"status-publish","4":"has-post-thumbnail","6":"product_brand-mbr","7":"product_cat-maennerpflege","8":"product_cat-peelings-fruchtsaeuren","9":"product_tag-akne-unreine-haut-poren","10":"product_tag-pigmentierung","12":"first","13":"instock","14":"taxable","15":"shipping-taxable","16":"purchasable","17":"product-type-simple"},"_links":{"self":[{"href":"https:\/\/beyondskin.nura-kibris.com\/it\/wp-json\/wp\/v2\/product\/2091","targetHints":{"allow":["GET"]}}],"collection":[{"href":"https:\/\/beyondskin.nura-kibris.com\/it\/wp-json\/wp\/v2\/product"}],"about":[{"href":"https:\/\/beyondskin.nura-kibris.com\/it\/wp-json\/wp\/v2\/types\/product"}],"replies":[{"embeddable":true,"href":"https:\/\/beyondskin.nura-kibris.com\/it\/wp-json\/wp\/v2\/comments?post=2091"}],"wp:featuredmedia":[{"embeddable":true,"href":"https:\/\/beyondskin.nura-kibris.com\/it\/wp-json\/wp\/v2\/media\/2092"}],"wp:attachment":[{"href":"https:\/\/beyondskin.nura-kibris.com\/it\/wp-json\/wp\/v2\/media?parent=2091"}],"wp:term":[{"taxonomy":"product_brand","embeddable":true,"href":"https:\/\/beyondskin.nura-kibris.com\/it\/wp-json\/wp\/v2\/product_brand?post=2091"},{"taxonomy":"product_cat","embeddable":true,"href":"https:\/\/beyondskin.nura-kibris.com\/it\/wp-json\/wp\/v2\/product_cat?post=2091"},{"taxonomy":"product_tag","embeddable":true,"href":"https:\/\/beyondskin.nura-kibris.com\/it\/wp-json\/wp\/v2\/product_tag?post=2091"}],"curies":[{"name":"wp","href":"https:\/\/api.w.org\/{rel}","templated":true}]}}