{"id":2067,"date":"2025-06-12T08:08:21","date_gmt":"2025-06-12T08:08:21","guid":{"rendered":"https:\/\/beyond-skin.ch\/?post_type=product&#038;p=2067"},"modified":"2026-03-03T13:16:52","modified_gmt":"2026-03-03T11:16:52","slug":"cell-power-anti-cellulite-treatment","status":"publish","type":"product","link":"https:\/\/beyondskin.nura-kibris.com\/it\/produkt\/cell-power-anti-cellulite-treatment\/","title":{"rendered":"Cell-Power Anti-Cellulite Treatment"},"content":{"rendered":"<p>Nicht fettende, aktivierende Gel-Emulsion mit neuer aktiver Anti-Cellulite\/Slimming Formel zur Straffung und Festigung hartn\u00e4ckiger Problemzonen an Bauch, H\u00fcften, Ges\u00e4\u00df, Oberschenkeln und Oberarmen.<\/p>\n<p>&#8211; Reduziert sichtbar die Merkmale der Cellulite<br \/>\n&#8211; Erh\u00f6ht die Mikrozirkulation, entschlackt<br \/>\n&#8211; Reduziert die Fettdepots in den behandelten Problemzonen und inhibiert deren Neubildung<br \/>\n&#8211; Verbessert sichtbar die Hautstruktur, der Orangenhautaspekt bildet sich zur\u00fcck<br \/>\n&#8211; Die K\u00f6rperhaut wird fester, elastischer, geschmeidiger<br \/>\n&#8211; Vermittelt ein angenehmes, k\u00fchlendes Hautgef\u00fchl<\/p>\n<p>Hauptwirkstoffe: Coffein, Panthenol, IsoNariTM, Carnitin (L-Carnitin), Seetangextrakt, Cooling Agent, Abyssinian Oil, Shambrilla\u00f6l<\/p>\n<p>200 ml<\/p>\n","protected":false},"excerpt":{"rendered":"<p><strong>Der ideale Partner f\u00fcr eine sch\u00f6ne Silhouette<\/strong><\/p>\n","protected":false},"featured_media":2068,"comment_status":"open","ping_status":"closed","template":"","meta":[],"product_brand":[40],"product_cat":[122],"product_tag":[162],"class_list":{"0":"post-2067","1":"product","2":"type-product","3":"status-publish","4":"has-post-thumbnail","6":"product_brand-mbr","7":"product_cat-koerperpflege","8":"product_tag-silhouette","10":"first","11":"instock","12":"taxable","13":"shipping-taxable","14":"purchasable","15":"product-type-simple"},"_links":{"self":[{"href":"https:\/\/beyondskin.nura-kibris.com\/it\/wp-json\/wp\/v2\/product\/2067","targetHints":{"allow":["GET"]}}],"collection":[{"href":"https:\/\/beyondskin.nura-kibris.com\/it\/wp-json\/wp\/v2\/product"}],"about":[{"href":"https:\/\/beyondskin.nura-kibris.com\/it\/wp-json\/wp\/v2\/types\/product"}],"replies":[{"embeddable":true,"href":"https:\/\/beyondskin.nura-kibris.com\/it\/wp-json\/wp\/v2\/comments?post=2067"}],"wp:featuredmedia":[{"embeddable":true,"href":"https:\/\/beyondskin.nura-kibris.com\/it\/wp-json\/wp\/v2\/media\/2068"}],"wp:attachment":[{"href":"https:\/\/beyondskin.nura-kibris.com\/it\/wp-json\/wp\/v2\/media?parent=2067"}],"wp:term":[{"taxonomy":"product_brand","embeddable":true,"href":"https:\/\/beyondskin.nura-kibris.com\/it\/wp-json\/wp\/v2\/product_brand?post=2067"},{"taxonomy":"product_cat","embeddable":true,"href":"https:\/\/beyondskin.nura-kibris.com\/it\/wp-json\/wp\/v2\/product_cat?post=2067"},{"taxonomy":"product_tag","embeddable":true,"href":"https:\/\/beyondskin.nura-kibris.com\/it\/wp-json\/wp\/v2\/product_tag?post=2067"}],"curies":[{"name":"wp","href":"https:\/\/api.w.org\/{rel}","templated":true}]}}