{"id":2050,"date":"2025-06-11T15:36:28","date_gmt":"2025-06-11T15:36:28","guid":{"rendered":"https:\/\/beyond-skin.ch\/?post_type=product&#038;p=2050"},"modified":"2026-03-03T13:05:26","modified_gmt":"2026-03-03T11:05:26","slug":"continueline-hair-tonic","status":"publish","type":"product","link":"https:\/\/beyondskin.nura-kibris.com\/it\/produkt\/continueline-hair-tonic\/","title":{"rendered":"ContinueLine Hair Tonic"},"content":{"rendered":"<p>Die vitalisierende, hochwirksame Kopfhautpflege mit Koffein f\u00fchrt zu einem f\u00fchlbar dickeren und kraftvolleren Haar.<\/p>\n<p>&#8211; F\u00f6rdert St\u00e4rkung und Kr\u00e4ftigung des Haares von der Wurzel an<br \/>\n&#8211; Gibt dem Haar mehr Volumen<br \/>\n&#8211; Sorgt f\u00fcr vitalisierenden Effekt<br \/>\n&#8211; Unterst\u00fctzt Aktivierung der Haarwurzel und verbessert das Haarwachstum<br \/>\n&#8211; Kann eine sichtbare Erh\u00f6hung der Haardichte erzielen<\/p>\n<p>Hauptwirkstoffe: Betain, Koffein, Nicotinamid, Aminos\u00e4ure-Komplex, Follicusan, D-Panthenol, Refreshing Agent, Hydrolite-5<\/p>\n<p>100 ml<\/p>\n","protected":false},"excerpt":{"rendered":"<p><strong>Die hochwirksame Kopfhautpflege mit Koffein<\/strong><\/p>\n","protected":false},"featured_media":2051,"comment_status":"open","ping_status":"closed","template":"","meta":[],"product_brand":[40],"product_cat":[123],"product_tag":[164,162,160],"class_list":{"0":"post-2050","1":"product","2":"type-product","3":"status-publish","4":"has-post-thumbnail","6":"product_brand-mbr","7":"product_cat-haarpflege","8":"product_tag-reaktive-haut","9":"product_tag-silhouette","10":"product_tag-trockene-haut","12":"first","13":"instock","14":"taxable","15":"shipping-taxable","16":"purchasable","17":"product-type-simple"},"_links":{"self":[{"href":"https:\/\/beyondskin.nura-kibris.com\/it\/wp-json\/wp\/v2\/product\/2050","targetHints":{"allow":["GET"]}}],"collection":[{"href":"https:\/\/beyondskin.nura-kibris.com\/it\/wp-json\/wp\/v2\/product"}],"about":[{"href":"https:\/\/beyondskin.nura-kibris.com\/it\/wp-json\/wp\/v2\/types\/product"}],"replies":[{"embeddable":true,"href":"https:\/\/beyondskin.nura-kibris.com\/it\/wp-json\/wp\/v2\/comments?post=2050"}],"wp:featuredmedia":[{"embeddable":true,"href":"https:\/\/beyondskin.nura-kibris.com\/it\/wp-json\/wp\/v2\/media\/2051"}],"wp:attachment":[{"href":"https:\/\/beyondskin.nura-kibris.com\/it\/wp-json\/wp\/v2\/media?parent=2050"}],"wp:term":[{"taxonomy":"product_brand","embeddable":true,"href":"https:\/\/beyondskin.nura-kibris.com\/it\/wp-json\/wp\/v2\/product_brand?post=2050"},{"taxonomy":"product_cat","embeddable":true,"href":"https:\/\/beyondskin.nura-kibris.com\/it\/wp-json\/wp\/v2\/product_cat?post=2050"},{"taxonomy":"product_tag","embeddable":true,"href":"https:\/\/beyondskin.nura-kibris.com\/it\/wp-json\/wp\/v2\/product_tag?post=2050"}],"curies":[{"name":"wp","href":"https:\/\/api.w.org\/{rel}","templated":true}]}}