{"id":2044,"date":"2025-06-11T15:28:32","date_gmt":"2025-06-11T15:28:32","guid":{"rendered":"https:\/\/beyond-skin.ch\/?post_type=product&#038;p=2044"},"modified":"2026-03-03T12:58:15","modified_gmt":"2026-03-03T10:58:15","slug":"continueline-protection-shield-rich","status":"publish","type":"product","link":"https:\/\/beyondskin.nura-kibris.com\/it\/produkt\/continueline-protection-shield-rich\/","title":{"rendered":"ContinueLine Protection Shield Rich"},"content":{"rendered":"<p>Reichhaltige, ausgleichende, regenerierende Abschlussemulsion als Alternative zu Continue Line Protection Shield Soft. F\u00fcr jede Haut, die nicht gen\u00fcgend eigenes Sebum produziert.<\/p>\n<p>&#8211; Normalisiert den hauteigenen Lipidhaushalt<br \/>\n&#8211; Sch\u00fctzt vor weiterer Austrocknung<br \/>\n&#8211; Sch\u00fctzt und stimuliert die hauteigenen Stammzellen<br \/>\n&#8211; Stimuliert die Collagenproduktion<br \/>\n&#8211; Wirkt feuchtigkeitsausgleichend<br \/>\n&#8211; Verbessert die Widerstandskraft<br \/>\n&#8211; Die Haut wird sp\u00fcrbar elastischer und geschmeidiger<\/p>\n<p>Hauptwirkstoffe: Sesam\u00f6l, Sheabutter, Vitamin E, Abyssinian Oil, Hyalurons\u00e4ure, Dexpanthenol (Provitamin B5), K\u00fcstenkamille, EverLaSkinTM<\/p>\n<p>50 ml<\/p>\n","protected":false},"excerpt":{"rendered":"<p><strong>Die reichhaltige Hautpflege<\/strong><\/p>\n","protected":false},"featured_media":2045,"comment_status":"open","ping_status":"closed","template":"","meta":[],"product_brand":[40],"product_cat":[119],"product_tag":[164,163],"class_list":{"0":"post-2044","1":"product","2":"type-product","3":"status-publish","4":"has-post-thumbnail","6":"product_brand-mbr","7":"product_cat-cremen","8":"product_tag-reaktive-haut","9":"product_tag-spezialthemen","11":"first","12":"instock","13":"taxable","14":"shipping-taxable","15":"purchasable","16":"product-type-simple"},"_links":{"self":[{"href":"https:\/\/beyondskin.nura-kibris.com\/it\/wp-json\/wp\/v2\/product\/2044","targetHints":{"allow":["GET"]}}],"collection":[{"href":"https:\/\/beyondskin.nura-kibris.com\/it\/wp-json\/wp\/v2\/product"}],"about":[{"href":"https:\/\/beyondskin.nura-kibris.com\/it\/wp-json\/wp\/v2\/types\/product"}],"replies":[{"embeddable":true,"href":"https:\/\/beyondskin.nura-kibris.com\/it\/wp-json\/wp\/v2\/comments?post=2044"}],"wp:featuredmedia":[{"embeddable":true,"href":"https:\/\/beyondskin.nura-kibris.com\/it\/wp-json\/wp\/v2\/media\/2045"}],"wp:attachment":[{"href":"https:\/\/beyondskin.nura-kibris.com\/it\/wp-json\/wp\/v2\/media?parent=2044"}],"wp:term":[{"taxonomy":"product_brand","embeddable":true,"href":"https:\/\/beyondskin.nura-kibris.com\/it\/wp-json\/wp\/v2\/product_brand?post=2044"},{"taxonomy":"product_cat","embeddable":true,"href":"https:\/\/beyondskin.nura-kibris.com\/it\/wp-json\/wp\/v2\/product_cat?post=2044"},{"taxonomy":"product_tag","embeddable":true,"href":"https:\/\/beyondskin.nura-kibris.com\/it\/wp-json\/wp\/v2\/product_tag?post=2044"}],"curies":[{"name":"wp","href":"https:\/\/api.w.org\/{rel}","templated":true}]}}