{"id":2042,"date":"2025-06-11T15:23:26","date_gmt":"2025-06-11T15:23:26","guid":{"rendered":"https:\/\/beyond-skin.ch\/?post_type=product&#038;p=2042"},"modified":"2026-03-03T12:29:43","modified_gmt":"2026-03-03T10:29:43","slug":"continueline-protection-shield-soft","status":"publish","type":"product","link":"https:\/\/beyondskin.nura-kibris.com\/it\/produkt\/continueline-protection-shield-soft\/","title":{"rendered":"ContinueLine Protection Shield Soft"},"content":{"rendered":"<p>Sanfte, geschmeidige Abschlussemulsion mit bes\u00e4nftigenden, sch\u00fctzenden und regenerierenden Eigenschaften. F\u00fcr jede Haut mit ausreichender Lipid- und Sebumt\u00e4tigkeit.<\/p>\n<p>&#8211; Bringt die Haut ins Gleichgewicht<br \/>\n&#8211; Sch\u00fctzt und stimuliert die hauteigenen Stammzellen (stoppt den nat\u00fcrlichen Alterungsprozess)<br \/>\n&#8211; Erh\u00f6ht das Wasserbindeverm\u00f6gen der Haut<br \/>\n&#8211; Wirkt beruhigend und bes\u00e4nftigend<br \/>\n&#8211; Vermittelt ein samtweiches Hautgef\u00fchl<\/p>\n<p>Hauptwirkstoffe: Ceramide III, Crodamol ISIS, Abyssinian Oil, K\u00fcstenkamille, EverLaSkinTM, Dexpanthenol (Provitamin B5), Pentavitin\u00ae<\/p>\n<p>50 ml<\/p>\n","protected":false},"excerpt":{"rendered":"<p><strong>Das sanfte Schutzschild<\/strong><\/p>\n","protected":false},"featured_media":2043,"comment_status":"open","ping_status":"closed","template":"","meta":[],"product_brand":[40],"product_cat":[119],"product_tag":[164,163,160],"class_list":{"0":"post-2042","1":"product","2":"type-product","3":"status-publish","4":"has-post-thumbnail","6":"product_brand-mbr","7":"product_cat-cremen","8":"product_tag-reaktive-haut","9":"product_tag-spezialthemen","10":"product_tag-trockene-haut","12":"first","13":"instock","14":"taxable","15":"shipping-taxable","16":"purchasable","17":"product-type-simple"},"_links":{"self":[{"href":"https:\/\/beyondskin.nura-kibris.com\/it\/wp-json\/wp\/v2\/product\/2042","targetHints":{"allow":["GET"]}}],"collection":[{"href":"https:\/\/beyondskin.nura-kibris.com\/it\/wp-json\/wp\/v2\/product"}],"about":[{"href":"https:\/\/beyondskin.nura-kibris.com\/it\/wp-json\/wp\/v2\/types\/product"}],"replies":[{"embeddable":true,"href":"https:\/\/beyondskin.nura-kibris.com\/it\/wp-json\/wp\/v2\/comments?post=2042"}],"wp:featuredmedia":[{"embeddable":true,"href":"https:\/\/beyondskin.nura-kibris.com\/it\/wp-json\/wp\/v2\/media\/2043"}],"wp:attachment":[{"href":"https:\/\/beyondskin.nura-kibris.com\/it\/wp-json\/wp\/v2\/media?parent=2042"}],"wp:term":[{"taxonomy":"product_brand","embeddable":true,"href":"https:\/\/beyondskin.nura-kibris.com\/it\/wp-json\/wp\/v2\/product_brand?post=2042"},{"taxonomy":"product_cat","embeddable":true,"href":"https:\/\/beyondskin.nura-kibris.com\/it\/wp-json\/wp\/v2\/product_cat?post=2042"},{"taxonomy":"product_tag","embeddable":true,"href":"https:\/\/beyondskin.nura-kibris.com\/it\/wp-json\/wp\/v2\/product_tag?post=2042"}],"curies":[{"name":"wp","href":"https:\/\/api.w.org\/{rel}","templated":true}]}}