{"id":2022,"date":"2025-06-11T14:43:12","date_gmt":"2025-06-11T14:43:12","guid":{"rendered":"https:\/\/beyond-skin.ch\/?post_type=product&#038;p=2022"},"modified":"2026-03-03T12:11:14","modified_gmt":"2026-03-03T10:11:14","slug":"the-best-eye-serum","status":"publish","type":"product","link":"https:\/\/beyondskin.nura-kibris.com\/it\/produkt\/the-best-eye-serum\/","title":{"rendered":"THE BEST Eye Serum"},"content":{"rendered":"<p>Ein hochaktives Augenserum in bester Qualit\u00e4t mit dem eigens f\u00fcr MBR\u00ae entwickelten und exklusiven FibroBoost Complex f\u00fcr eine ultimative und jugendliche Ausstrahlung.<\/p>\n<p>&#8211; Schafft sofortige Abhilfe bei Augenringen und Tr\u00e4nens\u00e4cken<br \/>\n&#8211; Zieht schnell ein und minimiert Kr\u00e4henf\u00fc\u00dfe und Mimikfalten<br \/>\n&#8211; Pflegt und st\u00e4rkt den sensiblen Hautbereich<\/p>\n<p>Hauptwirkstoffe: MBR\u00ae FibroBoost Complex, Pentavitin\u00ae, Beautifeye\u2122, SYN\u00ae-HYCAN, Natural Betain, Panthenol, Vitamin E<\/p>\n<p>15 ml<\/p>\n","protected":false},"excerpt":{"rendered":"<p>Ein hochaktives Augenserum in bester Qualit\u00e4t mit dem eigens f\u00fcr MBR\u00ae entwickelten und exklusiven FibroBoost Complex f\u00fcr eine ultimative und jugendliche Ausstrahlung. &#8211; Schafft sofortige Abhilfe bei Augenringen und Tr\u00e4nens\u00e4cken &#8211; Zieht schnell ein und minimiert Kr\u00e4henf\u00fc\u00dfe und Mimikfalten &#8211; Pflegt und st\u00e4rkt den sensiblen Hautbereich Hauptwirkstoffe: MBR\u00ae FibroBoost Complex, Pentavitin\u00ae, Beautifeye\u2122, SYN\u00ae-HYCAN, Natural Betain, [&hellip;]<\/p>\n","protected":false},"featured_media":2023,"comment_status":"open","ping_status":"closed","template":"","meta":[],"product_brand":[40],"product_cat":[120],"product_tag":[155,163],"class_list":{"0":"post-2022","1":"product","2":"type-product","3":"status-publish","4":"has-post-thumbnail","6":"product_brand-mbr","7":"product_cat-augenpflege","8":"product_tag-anti-aging","9":"product_tag-spezialthemen","11":"first","12":"instock","13":"taxable","14":"shipping-taxable","15":"purchasable","16":"product-type-simple"},"_links":{"self":[{"href":"https:\/\/beyondskin.nura-kibris.com\/it\/wp-json\/wp\/v2\/product\/2022","targetHints":{"allow":["GET"]}}],"collection":[{"href":"https:\/\/beyondskin.nura-kibris.com\/it\/wp-json\/wp\/v2\/product"}],"about":[{"href":"https:\/\/beyondskin.nura-kibris.com\/it\/wp-json\/wp\/v2\/types\/product"}],"replies":[{"embeddable":true,"href":"https:\/\/beyondskin.nura-kibris.com\/it\/wp-json\/wp\/v2\/comments?post=2022"}],"wp:featuredmedia":[{"embeddable":true,"href":"https:\/\/beyondskin.nura-kibris.com\/it\/wp-json\/wp\/v2\/media\/2023"}],"wp:attachment":[{"href":"https:\/\/beyondskin.nura-kibris.com\/it\/wp-json\/wp\/v2\/media?parent=2022"}],"wp:term":[{"taxonomy":"product_brand","embeddable":true,"href":"https:\/\/beyondskin.nura-kibris.com\/it\/wp-json\/wp\/v2\/product_brand?post=2022"},{"taxonomy":"product_cat","embeddable":true,"href":"https:\/\/beyondskin.nura-kibris.com\/it\/wp-json\/wp\/v2\/product_cat?post=2022"},{"taxonomy":"product_tag","embeddable":true,"href":"https:\/\/beyondskin.nura-kibris.com\/it\/wp-json\/wp\/v2\/product_tag?post=2022"}],"curies":[{"name":"wp","href":"https:\/\/api.w.org\/{rel}","templated":true}]}}