{"id":2020,"date":"2025-06-11T14:37:58","date_gmt":"2025-06-11T14:37:58","guid":{"rendered":"https:\/\/beyond-skin.ch\/?post_type=product&#038;p=2020"},"modified":"2026-03-03T12:09:49","modified_gmt":"2026-03-03T10:09:49","slug":"the-best-foam-cleanser","status":"publish","type":"product","link":"https:\/\/beyondskin.nura-kibris.com\/it\/produkt\/the-best-foam-cleanser\/","title":{"rendered":"THE BEST Foam Cleanser"},"content":{"rendered":"<p>Ein innovativer Gesichtsreinigungsschaum f\u00fcr eine intensive Tiefenreinigung und perfekte Haut.<\/p>\n<p>&#8211; Verringert das Risiko von Hautentz\u00fcndungen<br \/>\n&#8211; Befreit die Haut sanft und schonend von Schmutz und Hauttalg<br \/>\n&#8211; Tr\u00e4gt bei regelm\u00e4ssiger Anwendung zu jugendlicher Ausstrahlung bei<\/p>\n<p>Hauptwirkstoffe: Foam-Complex mit Skin Conditioner, Inositol, Pentavitin\u00ae, Arginin, Allantoin, Dexpanthenol (Provitamin B5)<\/p>\n<p>100 ml<\/p>\n","protected":false},"excerpt":{"rendered":"<p><strong>Gesichtsreinigungsschaum f\u00fcr h\u00f6chste Anspr\u00fcche<\/strong><\/p>\n","protected":false},"featured_media":2021,"comment_status":"open","ping_status":"closed","template":"","meta":[],"product_brand":[40],"product_cat":[114],"product_tag":[159,164,163],"class_list":{"0":"post-2020","1":"product","2":"type-product","3":"status-publish","4":"has-post-thumbnail","6":"product_brand-mbr","7":"product_cat-reinigungen","8":"product_tag-akne-unreine-haut-poren","9":"product_tag-reaktive-haut","10":"product_tag-spezialthemen","12":"first","13":"instock","14":"taxable","15":"shipping-taxable","16":"purchasable","17":"product-type-simple"},"_links":{"self":[{"href":"https:\/\/beyondskin.nura-kibris.com\/it\/wp-json\/wp\/v2\/product\/2020","targetHints":{"allow":["GET"]}}],"collection":[{"href":"https:\/\/beyondskin.nura-kibris.com\/it\/wp-json\/wp\/v2\/product"}],"about":[{"href":"https:\/\/beyondskin.nura-kibris.com\/it\/wp-json\/wp\/v2\/types\/product"}],"replies":[{"embeddable":true,"href":"https:\/\/beyondskin.nura-kibris.com\/it\/wp-json\/wp\/v2\/comments?post=2020"}],"wp:featuredmedia":[{"embeddable":true,"href":"https:\/\/beyondskin.nura-kibris.com\/it\/wp-json\/wp\/v2\/media\/2021"}],"wp:attachment":[{"href":"https:\/\/beyondskin.nura-kibris.com\/it\/wp-json\/wp\/v2\/media?parent=2020"}],"wp:term":[{"taxonomy":"product_brand","embeddable":true,"href":"https:\/\/beyondskin.nura-kibris.com\/it\/wp-json\/wp\/v2\/product_brand?post=2020"},{"taxonomy":"product_cat","embeddable":true,"href":"https:\/\/beyondskin.nura-kibris.com\/it\/wp-json\/wp\/v2\/product_cat?post=2020"},{"taxonomy":"product_tag","embeddable":true,"href":"https:\/\/beyondskin.nura-kibris.com\/it\/wp-json\/wp\/v2\/product_tag?post=2020"}],"curies":[{"name":"wp","href":"https:\/\/api.w.org\/{rel}","templated":true}]}}