{"id":2016,"date":"2025-06-11T14:31:52","date_gmt":"2025-06-11T14:31:52","guid":{"rendered":"https:\/\/beyond-skin.ch\/?post_type=product&#038;p=2016"},"modified":"2026-03-03T12:08:16","modified_gmt":"2026-03-03T10:08:16","slug":"the-best-concentrate-cure","status":"publish","type":"product","link":"https:\/\/beyondskin.nura-kibris.com\/it\/produkt\/the-best-concentrate-cure\/","title":{"rendered":"THE BEST Concentrate Cure"},"content":{"rendered":"<p>Aussergew\u00f6hnlich hochkonzentriertes und zielgerichtetes Kursystem mit THE BEST Concentrate, das selbst in tiefer gelegene Hautschichten eindringt. Die Pflegekur mit den 6 x 15 ml Einheiten macht eine unkomplizierte und effektive Anwendung in Kombination mit den THE BEST Pflegeprodukte \u00fcber 3 Monate m\u00f6glich. Formuliert auf der Basis des eigens f\u00fcr MBR\u00ae entwickelten und exklusiven MBR\u00ae Fibroboost Complex mit der patentierten CapsulesTM-Technologie in Kombination erg\u00e4nzender hocheffizienter Wirkstoffe verlangsamt und mildert es die Zeichen der Zeit.<\/p>\n<p>&#8211; Revitalisiert die Fibroblastenaktivit\u00e4t mit dem Ergebnis einer gesteigerten Kollagen-\/Elastinproduktion in der Haut<br \/>\n&#8211; Polstert Falten von innen wieder auf, gl\u00e4ttet, gibt der Haut langfristig Volumen zur\u00fcck<br \/>\n&#8211; Gleicht den Mangel an Hautfestigung aus<br \/>\n&#8211; F\u00f6rdert die Verj\u00fcngung der Hautzellen<br \/>\n&#8211; Gleicht den Feuchtigkeitsgehalt der Haut aus<\/p>\n<p>Hauptwirkstoffe: MBR\u00ae FibroBoost Complex, Arginin, Fomblin, Inositol, Natural Betain, Pentavitin\u00ae, Thalassine 2G, Vitamin E, Limnanthes Alba (Meadowfoam Seed Oil), Argan\u00f6l, Syn\u00ae-Ake, MBR\u00ae SmoothM8, RosmarinylTM Glucoside, Oxygen Carrier\/Lift-Booster<\/p>\n<p>6 x 15 ml<\/p>\n","protected":false},"excerpt":{"rendered":"<p><strong>Das leistungsstarke Kursystem<\/strong><\/p>\n","protected":false},"featured_media":2019,"comment_status":"open","ping_status":"closed","template":"","meta":[],"product_brand":[40],"product_cat":[118,126],"product_tag":[155,163],"class_list":{"0":"post-2016","1":"product","2":"type-product","3":"status-publish","4":"has-post-thumbnail","6":"product_brand-mbr","7":"product_cat-seren","8":"product_cat-specials-sets","9":"product_tag-anti-aging","10":"product_tag-spezialthemen","12":"first","13":"instock","14":"taxable","15":"shipping-taxable","16":"purchasable","17":"product-type-simple"},"_links":{"self":[{"href":"https:\/\/beyondskin.nura-kibris.com\/it\/wp-json\/wp\/v2\/product\/2016","targetHints":{"allow":["GET"]}}],"collection":[{"href":"https:\/\/beyondskin.nura-kibris.com\/it\/wp-json\/wp\/v2\/product"}],"about":[{"href":"https:\/\/beyondskin.nura-kibris.com\/it\/wp-json\/wp\/v2\/types\/product"}],"replies":[{"embeddable":true,"href":"https:\/\/beyondskin.nura-kibris.com\/it\/wp-json\/wp\/v2\/comments?post=2016"}],"wp:featuredmedia":[{"embeddable":true,"href":"https:\/\/beyondskin.nura-kibris.com\/it\/wp-json\/wp\/v2\/media\/2019"}],"wp:attachment":[{"href":"https:\/\/beyondskin.nura-kibris.com\/it\/wp-json\/wp\/v2\/media?parent=2016"}],"wp:term":[{"taxonomy":"product_brand","embeddable":true,"href":"https:\/\/beyondskin.nura-kibris.com\/it\/wp-json\/wp\/v2\/product_brand?post=2016"},{"taxonomy":"product_cat","embeddable":true,"href":"https:\/\/beyondskin.nura-kibris.com\/it\/wp-json\/wp\/v2\/product_cat?post=2016"},{"taxonomy":"product_tag","embeddable":true,"href":"https:\/\/beyondskin.nura-kibris.com\/it\/wp-json\/wp\/v2\/product_tag?post=2016"}],"curies":[{"name":"wp","href":"https:\/\/api.w.org\/{rel}","templated":true}]}}