{"id":2011,"date":"2025-06-11T14:08:35","date_gmt":"2025-06-11T14:08:35","guid":{"rendered":"https:\/\/beyond-skin.ch\/?post_type=product&#038;p=2011"},"modified":"2026-03-03T12:01:24","modified_gmt":"2026-03-03T10:01:24","slug":"the-best-hand","status":"publish","type":"product","link":"https:\/\/beyondskin.nura-kibris.com\/it\/produkt\/the-best-hand\/","title":{"rendered":"THE BEST Hand"},"content":{"rendered":"<p>Aussergew\u00f6hnlich reichhaltige und zielgerichtete Pflegecreme f\u00fcr die H\u00e4nde, die selbst in tiefer gelegene Hautschichten eindringt und die Haut vor Infrarot- sowie UV-A- und UV-B-Strahlen sch\u00fctzt. Der eigens f\u00fcr MBR\u00ae entwickelte und exklusive MBR\u00ae FibroBoost Complex mit der patentierten CapsulesTM-Technologie in Kombination erg\u00e4nzender, hocheffizienter Wirkstoffe sch\u00fctzt und pflegt intensiv und reduziert Pigment- sowie Altersflecken.<\/p>\n<p>&#8211; Revitalisiert die Aktivit\u00e4t der Fibroblasten mit dem Ergebnis einer gesteigerten Kollagen-\/ Elastinproduktion in der Haut<br \/>\n&#8211; Reduziert und sch\u00fctzt vor Hautpigmentation, Farbver\u00e4nderungen und Altersflecken<br \/>\n&#8211; Sch\u00fctzt die Haut vor Infrarot- und UV-A- und UV-B-Strahlen<br \/>\n&#8211; F\u00f6rdert die Verj\u00fcngung der Hautzellen<br \/>\n&#8211; Verfeinert die Hautstruktur und macht sie weich und geschmeidig<\/p>\n<p>Hauptwirkstoffe: MBR\u00ae FibroBoost Complex, SymHelios\u00ae 1031 (SymUrban), Argan\u00f6l, Abyssinian Oil, Pentavitin\u00ae, Betain, Fomblin, Kalpariane\u00ae, HyWhite\u00ae, RonaFlair\u00ae Flawless<\/p>\n<p>15 ml \u2022 100 ml<\/p>\n","protected":false},"excerpt":{"rendered":"<p><strong>Der aussergew\u00f6hnliche Handschmeichler<\/strong><\/p>\n","protected":false},"featured_media":2014,"comment_status":"open","ping_status":"closed","template":"","meta":[],"product_brand":[40],"product_cat":[122],"product_tag":[162,163],"class_list":{"0":"post-2011","1":"product","2":"type-product","3":"status-publish","4":"has-post-thumbnail","6":"product_brand-mbr","7":"product_cat-koerperpflege","8":"product_tag-silhouette","9":"product_tag-spezialthemen","11":"first","12":"instock","13":"taxable","14":"shipping-taxable","15":"purchasable","16":"product-type-variable"},"_links":{"self":[{"href":"https:\/\/beyondskin.nura-kibris.com\/it\/wp-json\/wp\/v2\/product\/2011","targetHints":{"allow":["GET"]}}],"collection":[{"href":"https:\/\/beyondskin.nura-kibris.com\/it\/wp-json\/wp\/v2\/product"}],"about":[{"href":"https:\/\/beyondskin.nura-kibris.com\/it\/wp-json\/wp\/v2\/types\/product"}],"replies":[{"embeddable":true,"href":"https:\/\/beyondskin.nura-kibris.com\/it\/wp-json\/wp\/v2\/comments?post=2011"}],"wp:featuredmedia":[{"embeddable":true,"href":"https:\/\/beyondskin.nura-kibris.com\/it\/wp-json\/wp\/v2\/media\/2014"}],"wp:attachment":[{"href":"https:\/\/beyondskin.nura-kibris.com\/it\/wp-json\/wp\/v2\/media?parent=2011"}],"wp:term":[{"taxonomy":"product_brand","embeddable":true,"href":"https:\/\/beyondskin.nura-kibris.com\/it\/wp-json\/wp\/v2\/product_brand?post=2011"},{"taxonomy":"product_cat","embeddable":true,"href":"https:\/\/beyondskin.nura-kibris.com\/it\/wp-json\/wp\/v2\/product_cat?post=2011"},{"taxonomy":"product_tag","embeddable":true,"href":"https:\/\/beyondskin.nura-kibris.com\/it\/wp-json\/wp\/v2\/product_tag?post=2011"}],"curies":[{"name":"wp","href":"https:\/\/api.w.org\/{rel}","templated":true}]}}