{"id":2005,"date":"2025-06-11T13:56:05","date_gmt":"2025-06-11T13:56:05","guid":{"rendered":"https:\/\/beyond-skin.ch\/?post_type=product&#038;p=2005"},"modified":"2026-03-02T17:36:45","modified_gmt":"2026-03-02T15:36:45","slug":"the-best-eye","status":"publish","type":"product","link":"https:\/\/beyondskin.nura-kibris.com\/it\/produkt\/the-best-eye\/","title":{"rendered":"THE BEST Eye"},"content":{"rendered":"<p>Einzigartig hochkonzentrierte, zielgerichtete Pflegecreme f\u00fcr die gesamte Augenpartie, die selbst in tiefer gelegene Hautschichten eindringt und der Haut eine sensationelle Ausstrahlung verleiht. Der eigens f\u00fcr MBR\u00ae entwickelte und exklusive MBR\u00ae FibroBoost Complex mit der patentierten CapsulesTM-Technologie in Kombination erg\u00e4nzender hocheffizienter Wirkstoffe verlangsamt den Alterungsprozess der Haut und vermindert Falten und Ausdruckslinien.<\/p>\n<p>&#8211; Revitalisiert die Aktivit\u00e4t der Fibroblasten mit dem Ergebnis einer gesteigerten Kollagen-\/Elastinproduktion in der Haut<br \/>\n&#8211; Reduziert Linien, F\u00e4ltchen und Ausdruckslinien rund um die Augen<br \/>\n&#8211; Verfeinert das Hautbild<br \/>\n&#8211; Verhindert das Austrocknen der zarten Augenpartie<br \/>\n&#8211; Sch\u00fctzt durch eine unsichtbare Schutzschicht die Haut vor sch\u00e4dlichen Umwelteinfl\u00fcssen<\/p>\n<p>Hauptwirkstoffe: MBR\u00ae FibroBoost Complex, MBR\u00ae SmoothM8, BeautifeyeTM, Thalassine 2G, Ectoin, Hyalurons\u00e4ure, Inositol, Betain, RosmarinylTM Glucoside, Beerenwachs, Sheabutter, Unverseifbares der Sheabutter, Panthenol<\/p>\n<p>30 ml<\/p>\n","protected":false},"excerpt":{"rendered":"<p><strong>Das erstklassische Augenlifting<\/strong><\/p>\n","protected":false},"featured_media":2006,"comment_status":"open","ping_status":"closed","template":"","meta":[],"product_brand":[40],"product_cat":[120],"product_tag":[155,163],"class_list":{"0":"post-2005","1":"product","2":"type-product","3":"status-publish","4":"has-post-thumbnail","6":"product_brand-mbr","7":"product_cat-augenpflege","8":"product_tag-anti-aging","9":"product_tag-spezialthemen","11":"first","12":"instock","13":"taxable","14":"shipping-taxable","15":"purchasable","16":"product-type-simple"},"_links":{"self":[{"href":"https:\/\/beyondskin.nura-kibris.com\/it\/wp-json\/wp\/v2\/product\/2005","targetHints":{"allow":["GET"]}}],"collection":[{"href":"https:\/\/beyondskin.nura-kibris.com\/it\/wp-json\/wp\/v2\/product"}],"about":[{"href":"https:\/\/beyondskin.nura-kibris.com\/it\/wp-json\/wp\/v2\/types\/product"}],"replies":[{"embeddable":true,"href":"https:\/\/beyondskin.nura-kibris.com\/it\/wp-json\/wp\/v2\/comments?post=2005"}],"wp:featuredmedia":[{"embeddable":true,"href":"https:\/\/beyondskin.nura-kibris.com\/it\/wp-json\/wp\/v2\/media\/2006"}],"wp:attachment":[{"href":"https:\/\/beyondskin.nura-kibris.com\/it\/wp-json\/wp\/v2\/media?parent=2005"}],"wp:term":[{"taxonomy":"product_brand","embeddable":true,"href":"https:\/\/beyondskin.nura-kibris.com\/it\/wp-json\/wp\/v2\/product_brand?post=2005"},{"taxonomy":"product_cat","embeddable":true,"href":"https:\/\/beyondskin.nura-kibris.com\/it\/wp-json\/wp\/v2\/product_cat?post=2005"},{"taxonomy":"product_tag","embeddable":true,"href":"https:\/\/beyondskin.nura-kibris.com\/it\/wp-json\/wp\/v2\/product_tag?post=2005"}],"curies":[{"name":"wp","href":"https:\/\/api.w.org\/{rel}","templated":true}]}}