{"id":2001,"date":"2025-06-11T13:50:06","date_gmt":"2025-06-11T13:50:06","guid":{"rendered":"https:\/\/beyond-skin.ch\/?post_type=product&#038;p=2001"},"modified":"2026-03-02T17:29:49","modified_gmt":"2026-03-02T15:29:49","slug":"the-best-face","status":"publish","type":"product","link":"https:\/\/beyondskin.nura-kibris.com\/it\/produkt\/the-best-face\/","title":{"rendered":"THE BEST Face"},"content":{"rendered":"<p>Aussergew\u00f6hnlich effektive Gesichtscreme, die selbst in tiefer gelegene Hautschichten eindringt. Formuliert auf der Basis des eigens f\u00fcr MBR\u00ae entwickelten und exklusiven Wirkstoffes MBR\u00ae FibroBoost Complex mit patentierter CapsulesTM-Technologie in Kombination hochkar\u00e4tiger, erg\u00e4nzender Wirkstoffe verlangsamt sie den Alterungsprozess der Haut und strafft geschw\u00e4chte Gesichtskonturen.<\/p>\n<p>&#8211; Revitalisiert die Aktivit\u00e4t der Fibroblasten mit dem Ergebnis einer gesteigerten Kollagen-\/Elastinproduktion in der Haut<br \/>\n&#8211; Gleicht den Mangel an Hautfestigung aus<br \/>\n&#8211; F\u00f6rdert die Verj\u00fcngung der Hautzellen<br \/>\n&#8211; Entspannt Mimikfalten und reduziert feine Linien und F\u00e4ltchen<br \/>\n&#8211; Die Haut erlangt Volumen und zeigt ein bemerkenswert frischeres, glatteres und j\u00fcngeres Aussehen<br \/>\n&#8211; F\u00fcr jeden Hauttyp geeignet und empfehlenswert ab 35 Jahren<\/p>\n<p>Hauptwirkstoffe: MBR\u00ae FibroBoost Complex, MBR\u00ae SmoothM8, Thalassine 2G, Hyalurons\u00e4ure, HyanifyTM (HyaMar), RosmarinylTM Glucoside, Ectoin, Avocado\u00f6l<\/p>\n<p>50 ml<\/p>\n","protected":false},"excerpt":{"rendered":"<p><strong>Die luxuri\u00f6se Anti-Ageing Pflege<\/strong><\/p>\n","protected":false},"featured_media":2002,"comment_status":"open","ping_status":"closed","template":"","meta":[],"product_brand":[40],"product_cat":[119],"product_tag":[155,163],"class_list":{"0":"post-2001","1":"product","2":"type-product","3":"status-publish","4":"has-post-thumbnail","6":"product_brand-mbr","7":"product_cat-cremen","8":"product_tag-anti-aging","9":"product_tag-spezialthemen","11":"first","12":"instock","13":"taxable","14":"shipping-taxable","15":"purchasable","16":"product-type-simple"},"_links":{"self":[{"href":"https:\/\/beyondskin.nura-kibris.com\/it\/wp-json\/wp\/v2\/product\/2001","targetHints":{"allow":["GET"]}}],"collection":[{"href":"https:\/\/beyondskin.nura-kibris.com\/it\/wp-json\/wp\/v2\/product"}],"about":[{"href":"https:\/\/beyondskin.nura-kibris.com\/it\/wp-json\/wp\/v2\/types\/product"}],"replies":[{"embeddable":true,"href":"https:\/\/beyondskin.nura-kibris.com\/it\/wp-json\/wp\/v2\/comments?post=2001"}],"wp:featuredmedia":[{"embeddable":true,"href":"https:\/\/beyondskin.nura-kibris.com\/it\/wp-json\/wp\/v2\/media\/2002"}],"wp:attachment":[{"href":"https:\/\/beyondskin.nura-kibris.com\/it\/wp-json\/wp\/v2\/media?parent=2001"}],"wp:term":[{"taxonomy":"product_brand","embeddable":true,"href":"https:\/\/beyondskin.nura-kibris.com\/it\/wp-json\/wp\/v2\/product_brand?post=2001"},{"taxonomy":"product_cat","embeddable":true,"href":"https:\/\/beyondskin.nura-kibris.com\/it\/wp-json\/wp\/v2\/product_cat?post=2001"},{"taxonomy":"product_tag","embeddable":true,"href":"https:\/\/beyondskin.nura-kibris.com\/it\/wp-json\/wp\/v2\/product_tag?post=2001"}],"curies":[{"name":"wp","href":"https:\/\/api.w.org\/{rel}","templated":true}]}}