{"id":1999,"date":"2025-06-11T13:38:37","date_gmt":"2025-06-11T13:38:37","guid":{"rendered":"https:\/\/beyond-skin.ch\/?post_type=product&#038;p=1999"},"modified":"2026-03-02T17:28:00","modified_gmt":"2026-03-02T15:28:00","slug":"the-best-hair-boost","status":"publish","type":"product","link":"https:\/\/beyondskin.nura-kibris.com\/it\/produkt\/the-best-hair-boost\/","title":{"rendered":"THE BEST Hair Boost"},"content":{"rendered":"<p>Einzigartig effektives, zielgerichtetes Haarserum f\u00fcr volleres und kr\u00e4ftigeres Haar. Formuliert auf der Basis eines exklusiven Peptid-Komplexes in Kombination erg\u00e4nzender hocheffizienter Wirkstoffe sorgt THE BEST Hair Boost f\u00fcr sch\u00f6nes, gepflegtes und kr\u00e4ftiges Haar und gepflegte Kopfhaut.<\/p>\n<p>&#8211; Unterst\u00fctzt das nat\u00fcrliche Haarwachstum<br \/>\n&#8211; St\u00e4rkt die Haarstruktur und wirkt gegen Haarausfall vor<br \/>\n&#8211; Das Haar wirkt voller und vitaler<br \/>\n&#8211; Sorgt f\u00fcr sch\u00f6nes, gepflegtes und kr\u00e4ftiges Haar<br \/>\n&#8211; Verbessert die Haardichte<br \/>\n&#8211; Regeneriert und pflegt die Kopfhaut<\/p>\n<p>Hauptwirkstoffe: Peptid-Complex, Aminos\u00e4ure-Complex, Coffein, Hyalurons\u00e4ure hochmolekular, Hyalurons\u00e4ure kleinmolekular, Dexpanthenol (Provitamin B5), Brennnesselextrakt, Rotkleeextakt, Vitamin E, Biotin<\/p>\n<p>6 x 15 ml<\/p>\n","protected":false},"excerpt":{"rendered":"<p><strong>Der aussergew\u00f6hnliche Haarbooster<\/strong><\/p>\n","protected":false},"featured_media":2000,"comment_status":"open","ping_status":"closed","template":"","meta":[],"product_brand":[40],"product_cat":[123,126],"product_tag":[162,163],"class_list":{"0":"post-1999","1":"product","2":"type-product","3":"status-publish","4":"has-post-thumbnail","6":"product_brand-mbr","7":"product_cat-haarpflege","8":"product_cat-specials-sets","9":"product_tag-silhouette","10":"product_tag-spezialthemen","12":"first","13":"instock","14":"taxable","15":"shipping-taxable","16":"purchasable","17":"product-type-simple"},"_links":{"self":[{"href":"https:\/\/beyondskin.nura-kibris.com\/it\/wp-json\/wp\/v2\/product\/1999","targetHints":{"allow":["GET"]}}],"collection":[{"href":"https:\/\/beyondskin.nura-kibris.com\/it\/wp-json\/wp\/v2\/product"}],"about":[{"href":"https:\/\/beyondskin.nura-kibris.com\/it\/wp-json\/wp\/v2\/types\/product"}],"replies":[{"embeddable":true,"href":"https:\/\/beyondskin.nura-kibris.com\/it\/wp-json\/wp\/v2\/comments?post=1999"}],"wp:featuredmedia":[{"embeddable":true,"href":"https:\/\/beyondskin.nura-kibris.com\/it\/wp-json\/wp\/v2\/media\/2000"}],"wp:attachment":[{"href":"https:\/\/beyondskin.nura-kibris.com\/it\/wp-json\/wp\/v2\/media?parent=1999"}],"wp:term":[{"taxonomy":"product_brand","embeddable":true,"href":"https:\/\/beyondskin.nura-kibris.com\/it\/wp-json\/wp\/v2\/product_brand?post=1999"},{"taxonomy":"product_cat","embeddable":true,"href":"https:\/\/beyondskin.nura-kibris.com\/it\/wp-json\/wp\/v2\/product_cat?post=1999"},{"taxonomy":"product_tag","embeddable":true,"href":"https:\/\/beyondskin.nura-kibris.com\/it\/wp-json\/wp\/v2\/product_tag?post=1999"}],"curies":[{"name":"wp","href":"https:\/\/api.w.org\/{rel}","templated":true}]}}