{"id":1997,"date":"2025-06-11T13:31:16","date_gmt":"2025-06-11T13:31:16","guid":{"rendered":"https:\/\/beyond-skin.ch\/?post_type=product&#038;p=1997"},"modified":"2026-03-02T17:24:06","modified_gmt":"2026-03-02T15:24:06","slug":"the-best-golden-eye-patches-the-best-eye","status":"publish","type":"product","link":"https:\/\/beyondskin.nura-kibris.com\/it\/produkt\/the-best-golden-eye-patches-the-best-eye\/","title":{"rendered":"THE BEST Golden Eye Patches &#038; The BEST Eye"},"content":{"rendered":"<p>Einzigartig hochkonzentrierte, zielgerichtete Eye Patches aus 24-kar\u00e4tigem Gold f\u00fcr die Augenpartie, die der Haut eine sensationelle Ausstrahlung verleihen. Der eigens f\u00fcr MBR\u00ae entwickelte und exklusive MBR\u00ae FibroBoost Complex mit der patentierten CapsulesTM-Technologie in Kombination mit hochkar\u00e4tigem Gold verlangsamt den Alterungsprozess der Haut, vermindert Falten und Ausdruckslinien und l\u00e4sst den Teint strahlen.<\/p>\n<p>&#8211; Revitalisiert die Aktivit\u00e4t der Fibroblasten mit dem Ergebnis einer gesteigerten Kollagen-\/Elastinproduktion in der Haut<br \/>\n&#8211; Wird von den Hautzellen optimal aufgenommen und wirkt Alterungsprozessen entgegen<br \/>\n&#8211; Versorgt die Haut mit Feuchtigkeit und l\u00e4sst den Teint strahlen<br \/>\n&#8211; Reduziert Linien, F\u00e4ltchen und Ausdruckslinien rund um die Augen<br \/>\n&#8211; Sch\u00fctzt durch eine unsichtbare Schutzschicht die Haut vor sch\u00e4dlichen Umwelteinfl\u00fcssen<br \/>\n&#8211; Wirkt antibakteriell<\/p>\n<p>Hauptwirkstoffe: Gold (24-kar\u00e4tig), MBR\u00ae FibroBoost Complex, MBR\u00ae SmoothM8, BeautifeyeTM, Thalassine 2G, Ectoin, Hyalurons\u00e4ure, Inositol, Betain, RosmarinylTM Glucoside, Beerenwachs, Sheabutter, Unverseifbares der Sheabutter, Panthenol<\/p>\n<p>5 x 1 Paar\u00a0 +\u00a0 3 ml<\/p>\n","protected":false},"excerpt":{"rendered":"<p><strong>Die luxuri\u00f6sen Augenschmeichler<\/strong><\/p>\n","protected":false},"featured_media":1998,"comment_status":"open","ping_status":"closed","template":"","meta":[],"product_brand":[40],"product_cat":[120,126],"product_tag":[155,163],"class_list":{"0":"post-1997","1":"product","2":"type-product","3":"status-publish","4":"has-post-thumbnail","6":"product_brand-mbr","7":"product_cat-augenpflege","8":"product_cat-specials-sets","9":"product_tag-anti-aging","10":"product_tag-spezialthemen","12":"first","13":"instock","14":"taxable","15":"shipping-taxable","16":"purchasable","17":"product-type-simple"},"_links":{"self":[{"href":"https:\/\/beyondskin.nura-kibris.com\/it\/wp-json\/wp\/v2\/product\/1997","targetHints":{"allow":["GET"]}}],"collection":[{"href":"https:\/\/beyondskin.nura-kibris.com\/it\/wp-json\/wp\/v2\/product"}],"about":[{"href":"https:\/\/beyondskin.nura-kibris.com\/it\/wp-json\/wp\/v2\/types\/product"}],"replies":[{"embeddable":true,"href":"https:\/\/beyondskin.nura-kibris.com\/it\/wp-json\/wp\/v2\/comments?post=1997"}],"wp:featuredmedia":[{"embeddable":true,"href":"https:\/\/beyondskin.nura-kibris.com\/it\/wp-json\/wp\/v2\/media\/1998"}],"wp:attachment":[{"href":"https:\/\/beyondskin.nura-kibris.com\/it\/wp-json\/wp\/v2\/media?parent=1997"}],"wp:term":[{"taxonomy":"product_brand","embeddable":true,"href":"https:\/\/beyondskin.nura-kibris.com\/it\/wp-json\/wp\/v2\/product_brand?post=1997"},{"taxonomy":"product_cat","embeddable":true,"href":"https:\/\/beyondskin.nura-kibris.com\/it\/wp-json\/wp\/v2\/product_cat?post=1997"},{"taxonomy":"product_tag","embeddable":true,"href":"https:\/\/beyondskin.nura-kibris.com\/it\/wp-json\/wp\/v2\/product_tag?post=1997"}],"curies":[{"name":"wp","href":"https:\/\/api.w.org\/{rel}","templated":true}]}}